{"id":2873,"date":"2020-03-18T13:01:46","date_gmt":"2020-03-18T13:01:46","guid":{"rendered":"https:\/\/blogsaverroes.juntadeandalucia.es\/sansebastianpuntaumbria\/?page_id=2873"},"modified":"2020-03-18T14:59:38","modified_gmt":"2020-03-18T14:59:38","slug":"aula-de-pt","status":"publish","type":"page","link":"https:\/\/blogsaverroes.juntadeandalucia.es\/sansebastianpuntaumbria\/aula-de-pt\/","title":{"rendered":"Atenci\u00f3n a la diversidad"},"content":{"rendered":"<p>En este rinc\u00f3n de nuestra web colgaremos materiales y recursos \u00fatiles para nuestras familias.<\/p>\n","protected":false},"excerpt":{"rendered":"<p>En este rinc\u00f3n de nuestra web colgaremos materiales y recursos \u00fatiles para nuestras familias.<\/p>\n","protected":false},"author":5929,"featured_media":0,"parent":0,"menu_order":0,"comment_status":"closed","ping_status":"closed","template":"","meta":{"ngg_post_thumbnail":0,"footnotes":"","_mc_calendar":[]},"aioseo_notices":[],"_links":{"self":[{"href":"https:\/\/blogsaverroes.juntadeandalucia.es\/sansebastianpuntaumbria\/wp-json\/wp\/v2\/pages\/2873"}],"collection":[{"href":"https:\/\/blogsaverroes.juntadeandalucia.es\/sansebastianpuntaumbria\/wp-json\/wp\/v2\/pages"}],"about":[{"href":"https:\/\/blogsaverroes.juntadeandalucia.es\/sansebastianpuntaumbria\/wp-json\/wp\/v2\/types\/page"}],"author":[{"embeddable":true,"href":"https:\/\/blogsaverroes.juntadeandalucia.es\/sansebastianpuntaumbria\/wp-json\/wp\/v2\/users\/5929"}],"replies":[{"embeddable":true,"href":"https:\/\/blogsaverroes.juntadeandalucia.es\/sansebastianpuntaumbria\/wp-json\/wp\/v2\/comments?post=2873"}],"version-history":[{"count":2,"href":"https:\/\/blogsaverroes.juntadeandalucia.es\/sansebastianpuntaumbria\/wp-json\/wp\/v2\/pages\/2873\/revisions"}],"predecessor-version":[{"id":2893,"href":"https:\/\/blogsaverroes.juntadeandalucia.es\/sansebastianpuntaumbria\/wp-json\/wp\/v2\/pages\/2873\/revisions\/2893"}],"wp:attachment":[{"href":"https:\/\/blogsaverroes.juntadeandalucia.es\/sansebastianpuntaumbria\/wp-json\/wp\/v2\/media?parent=2873"}],"curies":[{"name":"wp","href":"https:\/\/api.w.org\/{rel}","templated":true}]}}