{"id":3021,"date":"2020-09-06T19:48:34","date_gmt":"2020-09-06T19:48:34","guid":{"rendered":"https:\/\/blogsaverroes.juntadeandalucia.es\/sansebastianpuntaumbria\/?page_id=3021"},"modified":"2020-09-06T19:48:34","modified_gmt":"2020-09-06T19:48:34","slug":"informacion-covid","status":"publish","type":"page","link":"https:\/\/blogsaverroes.juntadeandalucia.es\/sansebastianpuntaumbria\/informacion-covid\/","title":{"rendered":"INFORMACI\u00d3N COVID"},"content":{"rendered":"<p>En esta p\u00e1gina de nuestra web iremos colgando aquella informaci\u00f3n relevante relacionada con el COVID que pueda ser de utilidad a nuestra Comunidad Educativa.<\/p>\n","protected":false},"excerpt":{"rendered":"<p>En esta p\u00e1gina de nuestra web iremos colgando aquella informaci\u00f3n relevante relacionada con el COVID que pueda ser de utilidad a nuestra Comunidad Educativa.<\/p>\n","protected":false},"author":5929,"featured_media":0,"parent":0,"menu_order":0,"comment_status":"closed","ping_status":"closed","template":"","meta":{"ngg_post_thumbnail":0,"footnotes":"","_mc_calendar":[]},"aioseo_notices":[],"_links":{"self":[{"href":"https:\/\/blogsaverroes.juntadeandalucia.es\/sansebastianpuntaumbria\/wp-json\/wp\/v2\/pages\/3021"}],"collection":[{"href":"https:\/\/blogsaverroes.juntadeandalucia.es\/sansebastianpuntaumbria\/wp-json\/wp\/v2\/pages"}],"about":[{"href":"https:\/\/blogsaverroes.juntadeandalucia.es\/sansebastianpuntaumbria\/wp-json\/wp\/v2\/types\/page"}],"author":[{"embeddable":true,"href":"https:\/\/blogsaverroes.juntadeandalucia.es\/sansebastianpuntaumbria\/wp-json\/wp\/v2\/users\/5929"}],"replies":[{"embeddable":true,"href":"https:\/\/blogsaverroes.juntadeandalucia.es\/sansebastianpuntaumbria\/wp-json\/wp\/v2\/comments?post=3021"}],"version-history":[{"count":1,"href":"https:\/\/blogsaverroes.juntadeandalucia.es\/sansebastianpuntaumbria\/wp-json\/wp\/v2\/pages\/3021\/revisions"}],"predecessor-version":[{"id":3023,"href":"https:\/\/blogsaverroes.juntadeandalucia.es\/sansebastianpuntaumbria\/wp-json\/wp\/v2\/pages\/3021\/revisions\/3023"}],"wp:attachment":[{"href":"https:\/\/blogsaverroes.juntadeandalucia.es\/sansebastianpuntaumbria\/wp-json\/wp\/v2\/media?parent=3021"}],"curies":[{"name":"wp","href":"https:\/\/api.w.org\/{rel}","templated":true}]}}