{"id":3151,"date":"2020-11-25T08:48:12","date_gmt":"2020-11-25T08:48:12","guid":{"rendered":"https:\/\/blogsaverroes.juntadeandalucia.es\/sansebastianpuntaumbria\/?page_id=3151"},"modified":"2020-11-25T08:48:12","modified_gmt":"2020-11-25T08:48:12","slug":"personal-de-administracion-y-servicios","status":"publish","type":"page","link":"https:\/\/blogsaverroes.juntadeandalucia.es\/sansebastianpuntaumbria\/personal-de-administracion-y-servicios\/","title":{"rendered":"Personal de Administraci\u00f3n y Servicios"},"content":{"rendered":"<ul>\n<li><em><strong>Consejer\u00eda y mantenimiento:&nbsp;<\/strong><\/em>Miguel Acedo Amigo<\/li>\n<li><em><strong>Administraci\u00f3n: <\/strong><\/em>Carmen Carrasco Rodr\u00edguez<\/li>\n<\/ul>\n","protected":false},"excerpt":{"rendered":"<p>Consejer\u00eda y mantenimiento:&nbsp;Miguel Acedo Amigo Administraci\u00f3n: Carmen Carrasco Rodr\u00edguez<\/p>\n","protected":false},"author":5929,"featured_media":0,"parent":0,"menu_order":0,"comment_status":"closed","ping_status":"closed","template":"","meta":{"ngg_post_thumbnail":0,"footnotes":"","_mc_calendar":[]},"aioseo_notices":[],"_links":{"self":[{"href":"https:\/\/blogsaverroes.juntadeandalucia.es\/sansebastianpuntaumbria\/wp-json\/wp\/v2\/pages\/3151"}],"collection":[{"href":"https:\/\/blogsaverroes.juntadeandalucia.es\/sansebastianpuntaumbria\/wp-json\/wp\/v2\/pages"}],"about":[{"href":"https:\/\/blogsaverroes.juntadeandalucia.es\/sansebastianpuntaumbria\/wp-json\/wp\/v2\/types\/page"}],"author":[{"embeddable":true,"href":"https:\/\/blogsaverroes.juntadeandalucia.es\/sansebastianpuntaumbria\/wp-json\/wp\/v2\/users\/5929"}],"replies":[{"embeddable":true,"href":"https:\/\/blogsaverroes.juntadeandalucia.es\/sansebastianpuntaumbria\/wp-json\/wp\/v2\/comments?post=3151"}],"version-history":[{"count":1,"href":"https:\/\/blogsaverroes.juntadeandalucia.es\/sansebastianpuntaumbria\/wp-json\/wp\/v2\/pages\/3151\/revisions"}],"predecessor-version":[{"id":3153,"href":"https:\/\/blogsaverroes.juntadeandalucia.es\/sansebastianpuntaumbria\/wp-json\/wp\/v2\/pages\/3151\/revisions\/3153"}],"wp:attachment":[{"href":"https:\/\/blogsaverroes.juntadeandalucia.es\/sansebastianpuntaumbria\/wp-json\/wp\/v2\/media?parent=3151"}],"curies":[{"name":"wp","href":"https:\/\/api.w.org\/{rel}","templated":true}]}}