{"id":179,"date":"2023-12-26T11:29:48","date_gmt":"2023-12-26T11:29:48","guid":{"rendered":"https:\/\/blogsaverroes.juntadeandalucia.es\/sanseduca\/?page_id=179"},"modified":"2023-12-26T11:29:48","modified_gmt":"2023-12-26T11:29:48","slug":"politica-de-privacidad","status":"publish","type":"page","link":"https:\/\/blogsaverroes.juntadeandalucia.es\/sanseduca\/politica-de-privacidad\/","title":{"rendered":"Pol\u00edtica de privacidad"},"content":{"rendered":"<div class=\"nv-content-wrap entry-content\">\n<p>La p\u00e1gina web PROSANSE no recaba datos de car\u00e1cter personal de las personas usuarias sin su conocimiento, ni se ceden datos a terceras partes.<\/p>\n<p>Se utilizan cookies propias con finalidad t\u00e9cnica, para facilitar la navegaci\u00f3n a trav\u00e9s del sitio web y para gestionar la sesi\u00f3n para tareas administrativas. No se registran las direcciones IP de acceso y solo se registra la actividad en las distintas p\u00e1ginas con fines estad\u00edsticos, por ejemplo n\u00famero de visitas y n\u00famero de veces que se descarga un documento.<\/p>\n<p>Cualquier enlace a un sitio web externo queda bajo la pol\u00edtica de privacidad del sitio correspondiente. Al acceder a tales sitios web puedes decidir si aceptas sus pol\u00edticas de privacidad y de cookies.<\/p>\n<p>PROSANSE no registra ning\u00fan dato de car\u00e1cter personal a trav\u00e9s de su web.<\/p>\n<\/div>\n","protected":false},"excerpt":{"rendered":"<p>La p\u00e1gina web PROSANSE no recaba datos de car\u00e1cter personal de las personas usuarias sin su conocimiento, ni se ceden datos a terceras partes. Se&hellip;<\/p>\n","protected":false},"author":10880,"featured_media":0,"parent":0,"menu_order":0,"comment_status":"closed","ping_status":"closed","template":"","meta":{"ngg_post_thumbnail":0,"footnotes":""},"aioseo_notices":[],"_links":{"self":[{"href":"https:\/\/blogsaverroes.juntadeandalucia.es\/sanseduca\/wp-json\/wp\/v2\/pages\/179"}],"collection":[{"href":"https:\/\/blogsaverroes.juntadeandalucia.es\/sanseduca\/wp-json\/wp\/v2\/pages"}],"about":[{"href":"https:\/\/blogsaverroes.juntadeandalucia.es\/sanseduca\/wp-json\/wp\/v2\/types\/page"}],"author":[{"embeddable":true,"href":"https:\/\/blogsaverroes.juntadeandalucia.es\/sanseduca\/wp-json\/wp\/v2\/users\/10880"}],"replies":[{"embeddable":true,"href":"https:\/\/blogsaverroes.juntadeandalucia.es\/sanseduca\/wp-json\/wp\/v2\/comments?post=179"}],"version-history":[{"count":1,"href":"https:\/\/blogsaverroes.juntadeandalucia.es\/sanseduca\/wp-json\/wp\/v2\/pages\/179\/revisions"}],"predecessor-version":[{"id":180,"href":"https:\/\/blogsaverroes.juntadeandalucia.es\/sanseduca\/wp-json\/wp\/v2\/pages\/179\/revisions\/180"}],"wp:attachment":[{"href":"https:\/\/blogsaverroes.juntadeandalucia.es\/sanseduca\/wp-json\/wp\/v2\/media?parent=179"}],"curies":[{"name":"wp","href":"https:\/\/api.w.org\/{rel}","templated":true}]}}