{"id":192,"date":"2023-12-26T11:42:16","date_gmt":"2023-12-26T11:42:16","guid":{"rendered":"https:\/\/blogsaverroes.juntadeandalucia.es\/sanseduca\/?page_id=192"},"modified":"2023-12-26T11:42:16","modified_gmt":"2023-12-26T11:42:16","slug":"contenido-e-imagenes","status":"publish","type":"page","link":"https:\/\/blogsaverroes.juntadeandalucia.es\/sanseduca\/contenido-e-imagenes\/","title":{"rendered":"Contenido e im\u00e1genes"},"content":{"rendered":"<div class=\"nv-content-wrap entry-content\">\n<p>Si consideras que cualquier contenidos publicado en PROSANSE es de tu propiedad y debe ser retirado, por favor escr\u00edbenos a biblioteca@iessanseveriano.es e inf\u00f3rmanos del caso. Igualmente escribe a este correo si apareces en una fotograf\u00eda publicada y no deseas hacerlo.<\/p>\n<\/div>\n","protected":false},"excerpt":{"rendered":"<p>Si consideras que cualquier contenidos publicado en PROSANSE es de tu propiedad y debe ser retirado, por favor escr\u00edbenos a biblioteca@iessanseveriano.es e inf\u00f3rmanos del caso.&hellip;<\/p>\n","protected":false},"author":10880,"featured_media":0,"parent":0,"menu_order":0,"comment_status":"closed","ping_status":"closed","template":"","meta":{"ngg_post_thumbnail":0,"footnotes":""},"aioseo_notices":[],"_links":{"self":[{"href":"https:\/\/blogsaverroes.juntadeandalucia.es\/sanseduca\/wp-json\/wp\/v2\/pages\/192"}],"collection":[{"href":"https:\/\/blogsaverroes.juntadeandalucia.es\/sanseduca\/wp-json\/wp\/v2\/pages"}],"about":[{"href":"https:\/\/blogsaverroes.juntadeandalucia.es\/sanseduca\/wp-json\/wp\/v2\/types\/page"}],"author":[{"embeddable":true,"href":"https:\/\/blogsaverroes.juntadeandalucia.es\/sanseduca\/wp-json\/wp\/v2\/users\/10880"}],"replies":[{"embeddable":true,"href":"https:\/\/blogsaverroes.juntadeandalucia.es\/sanseduca\/wp-json\/wp\/v2\/comments?post=192"}],"version-history":[{"count":1,"href":"https:\/\/blogsaverroes.juntadeandalucia.es\/sanseduca\/wp-json\/wp\/v2\/pages\/192\/revisions"}],"predecessor-version":[{"id":193,"href":"https:\/\/blogsaverroes.juntadeandalucia.es\/sanseduca\/wp-json\/wp\/v2\/pages\/192\/revisions\/193"}],"wp:attachment":[{"href":"https:\/\/blogsaverroes.juntadeandalucia.es\/sanseduca\/wp-json\/wp\/v2\/media?parent=192"}],"curies":[{"name":"wp","href":"https:\/\/api.w.org\/{rel}","templated":true}]}}