{"id":333,"date":"2024-11-14T11:08:42","date_gmt":"2024-11-14T11:08:42","guid":{"rendered":"https:\/\/blogsaverroes.juntadeandalucia.es\/sanseduca\/?page_id=333"},"modified":"2024-11-14T11:08:42","modified_gmt":"2024-11-14T11:08:42","slug":"atencion-a-la-diversidad","status":"publish","type":"page","link":"https:\/\/blogsaverroes.juntadeandalucia.es\/sanseduca\/atencion-a-la-diversidad\/","title":{"rendered":"Atenci\u00f3n a la diversidad"},"content":{"rendered":"<p><strong>Marcos Nadales<\/strong> <strong>Navarrete<\/strong> fue nuestro orientador durante el curso 2022-2023. Aqu\u00ed ten\u00e9is el enlace a un magn\u00edfico recurso que comparti\u00f3 con los tutores.&nbsp;<\/p>\n<p><iframe class=\"wp-embedded-content\" sandbox=\"allow-scripts\" security=\"restricted\" title=\"BANCO DE RECURSOS 2.0\" frameborder='0' width='1200' height='675' src='https:\/\/view.genially.com\/5e9aa4aab65e370dac6aa4e9#?secret=SZesV8s2UT' data-secret='SZesV8s2UT' scrolling='yes'><\/iframe><\/p>\n","protected":false},"excerpt":{"rendered":"<p>Marcos Nadales Navarrete fue nuestro orientador durante el curso 2022-2023. Aqu\u00ed ten\u00e9is el enlace a un magn\u00edfico recurso que comparti\u00f3 con los tutores.&nbsp;<\/p>\n","protected":false},"author":18220,"featured_media":0,"parent":0,"menu_order":0,"comment_status":"closed","ping_status":"closed","template":"","meta":{"ngg_post_thumbnail":0,"footnotes":""},"aioseo_notices":[],"_links":{"self":[{"href":"https:\/\/blogsaverroes.juntadeandalucia.es\/sanseduca\/wp-json\/wp\/v2\/pages\/333"}],"collection":[{"href":"https:\/\/blogsaverroes.juntadeandalucia.es\/sanseduca\/wp-json\/wp\/v2\/pages"}],"about":[{"href":"https:\/\/blogsaverroes.juntadeandalucia.es\/sanseduca\/wp-json\/wp\/v2\/types\/page"}],"author":[{"embeddable":true,"href":"https:\/\/blogsaverroes.juntadeandalucia.es\/sanseduca\/wp-json\/wp\/v2\/users\/18220"}],"replies":[{"embeddable":true,"href":"https:\/\/blogsaverroes.juntadeandalucia.es\/sanseduca\/wp-json\/wp\/v2\/comments?post=333"}],"version-history":[{"count":1,"href":"https:\/\/blogsaverroes.juntadeandalucia.es\/sanseduca\/wp-json\/wp\/v2\/pages\/333\/revisions"}],"predecessor-version":[{"id":334,"href":"https:\/\/blogsaverroes.juntadeandalucia.es\/sanseduca\/wp-json\/wp\/v2\/pages\/333\/revisions\/334"}],"wp:attachment":[{"href":"https:\/\/blogsaverroes.juntadeandalucia.es\/sanseduca\/wp-json\/wp\/v2\/media?parent=333"}],"curies":[{"name":"wp","href":"https:\/\/api.w.org\/{rel}","templated":true}]}}