{"id":1373,"date":"2026-02-04T17:06:04","date_gmt":"2026-02-04T17:06:04","guid":{"rendered":"https:\/\/blogsaverroes.juntadeandalucia.es\/sansequintob\/?page_id=1373"},"modified":"2026-02-04T17:08:14","modified_gmt":"2026-02-04T17:08:14","slug":"inicio-2","status":"publish","type":"page","link":"https:\/\/blogsaverroes.juntadeandalucia.es\/sansequintob\/inicio-2\/","title":{"rendered":"Inicio"},"content":{"rendered":"\t\t<div data-elementor-type=\"wp-page\" data-elementor-id=\"1373\" class=\"elementor elementor-1373\">\n\t\t\t\t\t\t<section class=\"elementor-section elementor-top-section elementor-element elementor-element-5cd5660 elementor-section-boxed elementor-section-height-default elementor-section-height-default\" data-id=\"5cd5660\" data-element_type=\"section\">\n\t\t\t\t\t\t<div class=\"elementor-container elementor-column-gap-default\">\n\t\t\t\t\t<div class=\"elementor-column elementor-col-100 elementor-top-column elementor-element elementor-element-dbf281d\" data-id=\"dbf281d\" data-element_type=\"column\">\n\t\t\t<div class=\"elementor-widget-wrap elementor-element-populated\">\n\t\t\t\t\t\t<div class=\"elementor-element elementor-element-122cb73 elementor-widget elementor-widget-heading\" data-id=\"122cb73\" data-element_type=\"widget\" data-widget_type=\"heading.default\">\n\t\t\t\t<div class=\"elementor-widget-container\">\n\t\t\t\t\t<h2 class=\"elementor-heading-title elementor-size-default\">Bienvenidos al blog de 5\u00ba<\/h2>\t\t\t\t<\/div>\n\t\t\t\t<\/div>\n\t\t\t\t\t<\/div>\n\t\t<\/div>\n\t\t\t\t\t<\/div>\n\t\t<\/section>\n\t\t\t\t<section class=\"elementor-section elementor-top-section elementor-element elementor-element-267458e elementor-section-boxed elementor-section-height-default elementor-section-height-default\" data-id=\"267458e\" data-element_type=\"section\">\n\t\t\t\t\t\t<div class=\"elementor-container elementor-column-gap-default\">\n\t\t\t\t\t<div class=\"elementor-column elementor-col-100 elementor-top-column elementor-element elementor-element-2152bdd\" data-id=\"2152bdd\" data-element_type=\"column\">\n\t\t\t<div class=\"elementor-widget-wrap elementor-element-populated\">\n\t\t\t\t\t\t<div class=\"elementor-element elementor-element-6ffeb9b elementor-widget elementor-widget-text-editor\" data-id=\"6ffeb9b\" data-element_type=\"widget\" data-widget_type=\"text-editor.default\">\n\t\t\t\t<div class=\"elementor-widget-container\">\n\t\t\t\t\t\t\t\t\t<p style=\"margin-bottom: 0px;font-style: normal;font-weight: 400;font-size: 16px;font-family: Roboto, sans-serif\">En el apartado de \u00e1reas (arriba, tercer bot\u00f3n) pod\u00e9is encontrar apuntes, actividades y v\u00eddeos para repasar en lengua, matem\u00e1ticas y conocimiento. Tambi\u00e9n ten\u00e9is el acceso al blog de franc\u00e9s.\u00a0<\/p><p style=\"margin-bottom: 0px;font-style: normal;font-weight: 400;font-size: 16px;font-family: Roboto, sans-serif\">Importante: si est\u00e1s usando el m\u00f3vil, debes seleccionar las tres rayitas que hay arriba a la derecha y ver\u00e1s \u00ab\u00e1reas\u00bb.<\/p>\t\t\t\t\t\t\t\t<\/div>\n\t\t\t\t<\/div>\n\t\t\t\t\t<\/div>\n\t\t<\/div>\n\t\t\t\t\t<\/div>\n\t\t<\/section>\n\t\t\t\t<\/div>\n\t\t","protected":false},"excerpt":{"rendered":"<p>Bienvenidos al blog de 5\u00ba En el apartado de \u00e1reas (arriba, tercer bot\u00f3n) pod\u00e9is encontrar apuntes, actividades y v\u00eddeos para repasar en lengua, matem\u00e1ticas y conocimiento. Tambi\u00e9n ten\u00e9is el acceso al blog de franc\u00e9s.\u00a0&#46;&#46;&#46;<\/p>\n","protected":false},"author":13368,"featured_media":0,"parent":0,"menu_order":0,"comment_status":"closed","ping_status":"closed","template":"","meta":{"ngg_post_thumbnail":0,"footnotes":""},"aioseo_notices":[],"_links":{"self":[{"href":"https:\/\/blogsaverroes.juntadeandalucia.es\/sansequintob\/wp-json\/wp\/v2\/pages\/1373"}],"collection":[{"href":"https:\/\/blogsaverroes.juntadeandalucia.es\/sansequintob\/wp-json\/wp\/v2\/pages"}],"about":[{"href":"https:\/\/blogsaverroes.juntadeandalucia.es\/sansequintob\/wp-json\/wp\/v2\/types\/page"}],"author":[{"embeddable":true,"href":"https:\/\/blogsaverroes.juntadeandalucia.es\/sansequintob\/wp-json\/wp\/v2\/users\/13368"}],"replies":[{"embeddable":true,"href":"https:\/\/blogsaverroes.juntadeandalucia.es\/sansequintob\/wp-json\/wp\/v2\/comments?post=1373"}],"version-history":[{"count":3,"href":"https:\/\/blogsaverroes.juntadeandalucia.es\/sansequintob\/wp-json\/wp\/v2\/pages\/1373\/revisions"}],"predecessor-version":[{"id":1376,"href":"https:\/\/blogsaverroes.juntadeandalucia.es\/sansequintob\/wp-json\/wp\/v2\/pages\/1373\/revisions\/1376"}],"wp:attachment":[{"href":"https:\/\/blogsaverroes.juntadeandalucia.es\/sansequintob\/wp-json\/wp\/v2\/media?parent=1373"}],"curies":[{"name":"wp","href":"https:\/\/api.w.org\/{rel}","templated":true}]}}