{"id":194,"date":"2022-09-30T10:26:13","date_gmt":"2022-09-30T10:26:13","guid":{"rendered":"https:\/\/blogsaverroes.juntadeandalucia.es\/sansequintob\/?page_id=194"},"modified":"2022-09-30T14:06:08","modified_gmt":"2022-09-30T14:06:08","slug":"tecnicas-de-estudio","status":"publish","type":"page","link":"https:\/\/blogsaverroes.juntadeandalucia.es\/sansequintob\/tecnicas-de-estudio\/","title":{"rendered":"T\u00e9cnicas de estudio"},"content":{"rendered":"\t\t<div data-elementor-type=\"wp-page\" data-elementor-id=\"194\" class=\"elementor elementor-194\">\n\t\t\t\t\t\t<section class=\"elementor-section elementor-top-section elementor-element elementor-element-0c543e9 elementor-section-boxed elementor-section-height-default elementor-section-height-default\" data-id=\"0c543e9\" data-element_type=\"section\">\n\t\t\t\t\t\t<div class=\"elementor-container elementor-column-gap-default\">\n\t\t\t\t\t<div class=\"elementor-column elementor-col-100 elementor-top-column elementor-element elementor-element-8997bf9\" data-id=\"8997bf9\" data-element_type=\"column\">\n\t\t\t<div class=\"elementor-widget-wrap elementor-element-populated\">\n\t\t\t\t\t\t<div class=\"elementor-element elementor-element-75954af elementor-widget elementor-widget-text-editor\" data-id=\"75954af\" data-element_type=\"widget\" data-widget_type=\"text-editor.default\">\n\t\t\t\t<div class=\"elementor-widget-container\">\n\t\t\t\t\t\t\t\t\t<p>El primer paso para mejorar nuestro rendimiento acad\u00e9mico y ritmo de trabajo es la organizaci\u00f3n temporal de nuestras actividades.\u00a0<\/p><p>En clase se ha repartido una ficha (ver imagen inferior) donde se organiza el tiempo diario.\u00a0<\/p><p>Durante la ma\u00f1ana, de 9:00 a 14:00, se organiza el tiempo en \u00e1reas.\u00a0<\/p><p>En cambio, en la tarde, cada alumno\/a debe anotar el tiempo destinado al almuerzo y a las actividades de ocio que realizan a diario. Este tiempo debe cumplirse diariamente, por lo que cada ni\u00f1o\/a ha debido reflexionar en la distribuci\u00f3n del tiempo que realiza. Tambi\u00e9n es necesario a\u00f1adir una hora de estudio diario, donde deben repasar las actividades, contenido y experiencias educativas que han tenido lugar en el aula en las distintas \u00e1reas.<\/p><p>\u26a0\ufe0f\u00a1Recuerda!<\/p><p>Para tener \u00e9xito educativo hay que adquirir un buen h\u00e1bito de trabajo y estudio diario.<\/p>\t\t\t\t\t\t\t\t<\/div>\n\t\t\t\t<\/div>\n\t\t\t\t\t<\/div>\n\t\t<\/div>\n\t\t\t\t\t<\/div>\n\t\t<\/section>\n\t\t\t\t<section class=\"elementor-section elementor-top-section elementor-element elementor-element-c02f5bc elementor-section-boxed elementor-section-height-default elementor-section-height-default\" data-id=\"c02f5bc\" data-element_type=\"section\">\n\t\t\t\t\t\t<div class=\"elementor-container elementor-column-gap-default\">\n\t\t\t\t\t<div class=\"elementor-column elementor-col-100 elementor-top-column elementor-element elementor-element-f0afdac\" data-id=\"f0afdac\" data-element_type=\"column\">\n\t\t\t<div class=\"elementor-widget-wrap elementor-element-populated\">\n\t\t\t\t\t\t<div class=\"elementor-element elementor-element-e8da1bb elementor-widget elementor-widget-image\" data-id=\"e8da1bb\" data-element_type=\"widget\" data-widget_type=\"image.default\">\n\t\t\t\t<div class=\"elementor-widget-container\">\n\t\t\t\t\t\t\t\t\t\t\t\t\t\t\t<img fetchpriority=\"high\" decoding=\"async\" width=\"1024\" height=\"727\" src=\"https:\/\/blogsaverroes.juntadeandalucia.es\/sansequintob\/files\/2022\/09\/Captura-de-pantalla-2022-09-30-a-las-16.05.05-1024x727.png\" class=\"attachment-large size-large wp-image-237\" alt=\"\" srcset=\"https:\/\/blogsaverroes.juntadeandalucia.es\/sansequintob\/files\/2022\/09\/Captura-de-pantalla-2022-09-30-a-las-16.05.05-1024x727.png 1024w, https:\/\/blogsaverroes.juntadeandalucia.es\/sansequintob\/files\/2022\/09\/Captura-de-pantalla-2022-09-30-a-las-16.05.05-300x213.png 300w, https:\/\/blogsaverroes.juntadeandalucia.es\/sansequintob\/files\/2022\/09\/Captura-de-pantalla-2022-09-30-a-las-16.05.05-768x545.png 768w, https:\/\/blogsaverroes.juntadeandalucia.es\/sansequintob\/files\/2022\/09\/Captura-de-pantalla-2022-09-30-a-las-16.05.05.png 1158w\" sizes=\"(max-width: 1024px) 100vw, 1024px\" \/>\t\t\t\t\t\t\t\t\t\t\t\t\t\t\t<\/div>\n\t\t\t\t<\/div>\n\t\t\t\t\t<\/div>\n\t\t<\/div>\n\t\t\t\t\t<\/div>\n\t\t<\/section>\n\t\t\t\t<\/div>\n\t\t","protected":false},"excerpt":{"rendered":"<p>El primer paso para mejorar nuestro rendimiento acad\u00e9mico y ritmo de trabajo es la organizaci\u00f3n temporal de nuestras actividades.\u00a0 En clase se ha repartido una ficha (ver imagen inferior) donde se organiza el tiempo&#46;&#46;&#46;<\/p>\n","protected":false},"author":13368,"featured_media":0,"parent":0,"menu_order":0,"comment_status":"closed","ping_status":"closed","template":"","meta":{"ngg_post_thumbnail":0,"footnotes":""},"aioseo_notices":[],"_links":{"self":[{"href":"https:\/\/blogsaverroes.juntadeandalucia.es\/sansequintob\/wp-json\/wp\/v2\/pages\/194"}],"collection":[{"href":"https:\/\/blogsaverroes.juntadeandalucia.es\/sansequintob\/wp-json\/wp\/v2\/pages"}],"about":[{"href":"https:\/\/blogsaverroes.juntadeandalucia.es\/sansequintob\/wp-json\/wp\/v2\/types\/page"}],"author":[{"embeddable":true,"href":"https:\/\/blogsaverroes.juntadeandalucia.es\/sansequintob\/wp-json\/wp\/v2\/users\/13368"}],"replies":[{"embeddable":true,"href":"https:\/\/blogsaverroes.juntadeandalucia.es\/sansequintob\/wp-json\/wp\/v2\/comments?post=194"}],"version-history":[{"count":9,"href":"https:\/\/blogsaverroes.juntadeandalucia.es\/sansequintob\/wp-json\/wp\/v2\/pages\/194\/revisions"}],"predecessor-version":[{"id":240,"href":"https:\/\/blogsaverroes.juntadeandalucia.es\/sansequintob\/wp-json\/wp\/v2\/pages\/194\/revisions\/240"}],"wp:attachment":[{"href":"https:\/\/blogsaverroes.juntadeandalucia.es\/sansequintob\/wp-json\/wp\/v2\/media?parent=194"}],"curies":[{"name":"wp","href":"https:\/\/api.w.org\/{rel}","templated":true}]}}