{"id":16,"date":"2015-02-28T16:55:10","date_gmt":"2015-02-28T16:55:10","guid":{"rendered":"https:\/\/colegionsdelrosario.wordpress.com\/?page_id=16"},"modified":"2020-11-01T17:46:19","modified_gmt":"2020-11-01T17:46:19","slug":"inicio-2","status":"publish","type":"page","link":"https:\/\/blogsaverroes.juntadeandalucia.es\/santosmedicos\/inicio-2\/","title":{"rendered":"Organigrama"},"content":{"rendered":"<ol>\n<li><strong><span style=\"text-decoration: underline\">UNIDADES DEL CENTRO POR ETAPAS EDUCATIVAS.<\/span><\/strong><\/li>\n<\/ol>\n<p>Contamos en el centro con 7 unidades, las cuales est\u00e1n distribuidas de la siguiente manera:<\/p>\n<ul>\n<li>E. Infantil:<\/li>\n<li>&#8211; &nbsp;Aula 3-4-5 a\u00f1os<\/li>\n<\/ul>\n<ul>\n<li>E. Primaria:<\/li>\n<li>&#8211;&nbsp;&nbsp;Aula 1\u00ba ED.P.<\/li>\n<li>&#8211;&nbsp; Aula 2\u00ba ED.P.<\/li>\n<li>&#8211;&nbsp;&nbsp;Aula 3\u00ba\/4\u00ba ED.P.<\/li>\n<li>&#8211;&nbsp;&nbsp;Aula 5\u00ba\/6\u00ba ED.P.<\/li>\n<\/ul>\n<ul>\n<li>E.S.O.:<\/li>\n<li>&#8211;&nbsp;&nbsp;Aula 1\u00ba ESO.<\/li>\n<li>&#8211;&nbsp;&nbsp;Aula 2\u00ba ESO.<\/li>\n<\/ul>\n<ul>\n<li>AULA PT.<\/li>\n<li>AULA AL.<\/li>\n<\/ul>\n<ol start=\"2\">\n<li><strong><span style=\"text-decoration: underline\">COMPONENTES EQUIPO DOCENTE, <\/span><\/strong><strong><span style=\"text-decoration: underline\">COORDINADOR<\/span><\/strong><strong><span style=\"text-decoration: underline\">ES Y EQUIPO DIRECTIVO. CONSEJO ESCOLAR. CONSEJO ALUMNOS. PERSONAL NO DOCENTE.<\/span><\/strong><\/li>\n<\/ol>\n<p><span style=\"color: #3366ff\"><strong><em><span style=\"text-decoration: underline\">COMPONENTES EQUIPO DOCENTE Y COORDINADORES:<\/span><\/em><\/strong><\/span><\/p>\n<ul style=\"list-style-type: square\">\n<li>Mar\u00eda Mateos Mart\u00ednez (Educaci\u00f3n Infantil).<\/li>\n<li>Daniel Lendinez Gallego (Tutor 1\u00baEP \/ Especialista Ingl\u00e9s).<\/li>\n<li>Encarnaci\u00f3n Alicia Moreno de la Higuera Diaz (Tutora 2\u00baEP).<\/li>\n<li>Armando Jos\u00e9 Ferrer Arredondo (Tutor 3\u00ba\/4EP \/ Especialista M\u00fasica ESO).<\/li>\n<li>Dolores Terr\u00f3n Mart\u00ednez (Tutora 5\u00ba\/6\u00baEP).<\/li>\n<li>Carmen P\u00e9rez&nbsp; L\u00f3pez (Especialista Matem\u00e1ticas ESO).<\/li>\n<li>Josefa Azor Mar\u00edn (Especialista Ciencias Sociales-Geograf\u00eda e Historia).<\/li>\n<li>Mar\u00eda Esperanza Bracero Garc\u00eda (Especialista Franc\u00e9s).&nbsp;<\/li>\n<li>Mar\u00eda Pastor Garz\u00f3n (Especialista en P.T.).<\/li>\n<li>Manuela Mar\u00eda Rodr\u00edguez de los R\u00edos (Especialista Ingl\u00e9s ESO).<\/li>\n<li>Noelia S\u00e1nchez Mart\u00ednez (Especialista Religi\u00f3n EP).<\/li>\n<li>Alberto G\u00f3mez Vidal (Especialista Religi\u00f3n ESO).<\/li>\n<li>Desir\u00e9 Ruiz Olivencia (Especisalista M\u00fasica EP \/ Apoyo covid).<\/li>\n<li>Elena Mar\u00eda Segura Heredia (Especialista Matem\u00e1ticas ESO).<\/li>\n<li>Daniel Mu\u00f1oz Rivera (Especialista Ed. Fisica \/ Ed. Plastica).<\/li>\n<\/ul>\n<p><strong style=\"font-size: 1rem\"><em><span style=\"text-decoration: underline\">Coordinadora etapa infantil\/primaria<\/span><\/em><\/strong><span style=\"font-size: 1rem\">:<\/span><\/p>\n<p>Mar\u00eda Mateos&nbsp;<\/p>\n<p><strong><em>&nbsp;<span style=\"text-decoration: underline\">Coordinadora etapa secundaria<\/span><\/em><\/strong>:<\/p>\n<p>Manuela Mar\u00eda Rodr\u00edguez<\/p>\n<p><span style=\"color: #3366ff\"><strong><em><span style=\"text-decoration: underline\">EQUIPO DIRECTIVO<\/span><\/em><\/strong><\/span><\/p>\n<ul style=\"list-style-type: square\">\n<li>Mar\u00eda Esperanza Bracero Garc\u00eda (Directora).&nbsp;<\/li>\n<li>Dolores Terr\u00f3n Mart\u00ednez (Secretaria).<\/li>\n<\/ul>\n<p><span style=\"color: #3366ff\"><strong><em><span style=\"text-decoration: underline\">EQUIPO DE ORIENTACI\u00d3N&nbsp;<\/span><\/em><\/strong><\/span><\/p>\n<p>Mar\u00eda Pastor<\/p>\n<p><span style=\"color: #3366ff\"><em><strong><span style=\"text-decoration: underline\">CONSEJO ESCOLAR<\/span><\/strong><\/em><\/span><\/p>\n<ul>\n<li>Nuestro Consejo Escolar est\u00e1 formado por:<\/li>\n<li>Directora-Presidenta<\/li>\n<li>Secretaria<\/li>\n<li>6&nbsp;representantes de maestros\/as<\/li>\n<li>6&nbsp;representantes de padres\/madres<\/li>\n<li>1&nbsp;representante&nbsp;AMPA<\/li>\n<li>1&nbsp;alumno\/a de E.S.O.<\/li>\n<li>1&nbsp;representante del Ayuntamiento.<\/li>\n<\/ul>\n<p>Las relaciones del Centro con el Consejo Escolar son buenas, ya que, existe un clima favorable de trabajo e intercambio de ideas. En todo momento se hace part\u00edcipe al Consejo Escolar de los problemas y propuestas para el buen funcionamiento del Centro.<\/p>\n<p><span style=\"color: #3366ff\"><strong><span style=\"text-decoration: underline\">CONSEJO DE ALUMNOS<\/span><\/strong><\/span><\/p>\n<p style=\"text-align: justify\">Viene funcionando en nuestro Centro desde hace varios cursos. Los representantes son elegidos democr\u00e1ticamente en cada curso, recogen las propuestas de sus compa\u00f1eros y las trasladan al Equipo directivo en las reuniones trimestrales que se celebran. Los miembros del Consejo de Alumnos se renuevan cada a\u00f1o en un acto que se hace coincidir con la celebraci\u00f3n de la Constituci\u00f3n.<\/p>\n<p style=\"text-align: justify\">Se fomentar\u00e1 el buen funcionamiento de este \u00f3rgano importante para ellos y deberemos fortalecer con \u00e9l y desarrollar el papel de ciudadano tomando conciencia de la importancia que tiene en nuestra sociedad la participaci\u00f3n y la cooperaci\u00f3n.<\/p>\n<p style=\"text-align: justify\"><span style=\"color: #3366ff\"><strong><span style=\"text-decoration: underline\">El PERSONAL NO DOCENTE<\/span><\/strong><\/span><\/p>\n<p style=\"text-align: justify\">El centro dispone de servicio de comedor, en el cual prestan su servicio actualmente un cocinero y un ayudante de cocina. Hay tambi\u00e9n una administrativa que viene 2 d\u00edas a la semana y una monitora vigilante de comedor.<br \/>\nEl servicio de limpieza lo realiza el ayuntamiento a trav\u00e9s de una persona que viene diariamente y otras que vienen puntualmente al inicio de curso o cuando hay m\u00e1s trabajo.<\/p>\n<p><strong><span style=\"text-decoration: underline;color: #3366ff\">A.M.P.A<\/span><\/strong><br \/>\nLas relaciones con el AMPA son muy buenas y de plena colaboraci\u00f3n con el centro, contando con su ayuda siempre que ha sido necesario.<\/p>\n","protected":false},"excerpt":{"rendered":"<p>UNIDADES DEL CENTRO POR ETAPAS EDUCATIVAS. Contamos en el centro con 7 unidades, las cuales est\u00e1n distribuidas de la siguiente manera: E. Infantil: &#8211; &nbsp;Aula 3-4-5 a\u00f1os E. Primaria: &#8211;&nbsp;&nbsp;Aula 1\u00ba ED.P. &#8211;&nbsp; Aula 2\u00ba ED.P. &#8211;&nbsp;&nbsp;Aula 3\u00ba\/4\u00ba ED.P. &#8211;&nbsp;&nbsp;Aula 5\u00ba\/6\u00ba ED.P. E.S.O.: &#8211;&nbsp;&nbsp;Aula 1\u00ba ESO. &#8211;&nbsp;&nbsp;Aula 2\u00ba ESO. AULA PT. AULA AL. COMPONENTES EQUIPO &hellip; <\/p>\n<p class=\"link-more\"><a href=\"https:\/\/blogsaverroes.juntadeandalucia.es\/santosmedicos\/inicio-2\/\" class=\"more-link\">Continuar leyendo<span class=\"screen-reader-text\"> \u00abOrganigrama\u00bb<\/span><\/a><\/p>\n","protected":false},"author":10826,"featured_media":0,"parent":0,"menu_order":1,"comment_status":"open","ping_status":"open","template":"","meta":{"ngg_post_thumbnail":0,"footnotes":"","_mc_calendar":[]},"aioseo_notices":[],"_links":{"self":[{"href":"https:\/\/blogsaverroes.juntadeandalucia.es\/santosmedicos\/wp-json\/wp\/v2\/pages\/16"}],"collection":[{"href":"https:\/\/blogsaverroes.juntadeandalucia.es\/santosmedicos\/wp-json\/wp\/v2\/pages"}],"about":[{"href":"https:\/\/blogsaverroes.juntadeandalucia.es\/santosmedicos\/wp-json\/wp\/v2\/types\/page"}],"author":[{"embeddable":true,"href":"https:\/\/blogsaverroes.juntadeandalucia.es\/santosmedicos\/wp-json\/wp\/v2\/users\/10826"}],"replies":[{"embeddable":true,"href":"https:\/\/blogsaverroes.juntadeandalucia.es\/santosmedicos\/wp-json\/wp\/v2\/comments?post=16"}],"version-history":[{"count":6,"href":"https:\/\/blogsaverroes.juntadeandalucia.es\/santosmedicos\/wp-json\/wp\/v2\/pages\/16\/revisions"}],"predecessor-version":[{"id":2445,"href":"https:\/\/blogsaverroes.juntadeandalucia.es\/santosmedicos\/wp-json\/wp\/v2\/pages\/16\/revisions\/2445"}],"wp:attachment":[{"href":"https:\/\/blogsaverroes.juntadeandalucia.es\/santosmedicos\/wp-json\/wp\/v2\/media?parent=16"}],"curies":[{"name":"wp","href":"https:\/\/api.w.org\/{rel}","templated":true}]}}