{"id":2289,"date":"2020-09-30T16:08:24","date_gmt":"2020-09-30T16:08:24","guid":{"rendered":"https:\/\/blogsaverroes.juntadeandalucia.es\/santosmedicos\/?page_id=2289"},"modified":"2020-11-04T10:55:56","modified_gmt":"2020-11-04T10:55:56","slug":"plan-de-centro","status":"publish","type":"page","link":"https:\/\/blogsaverroes.juntadeandalucia.es\/santosmedicos\/plan-de-centro\/","title":{"rendered":"Plan de centro"},"content":{"rendered":"<p style=\"text-align: justify\">El Plan de Centro es el documento que expresa nuestras se\u00f1as de identidad. Es el aut\u00e9ntico referente, con car\u00e1cter sist\u00e9mico e integrador, del principio de autonom\u00eda pedag\u00f3gica, de organizaci\u00f3n y de gesti\u00f3n .<\/p>\n<p style=\"text-align: justify\">Es un documento institucional que recoge los acuerdos que las organizaciones educativas construyamos y servir\u00e1 para establecer la hoja de ruta que guiar\u00e1 nuestras actuaciones y que estar\u00e1n en consonancia con los valores, los objetivos y las prioridades de actuaci\u00f3n del Centro Educativo. Asimismo, incorporar\u00e1 la concreci\u00f3n de los curr\u00edculos establecidos por la Administraci\u00f3n educativa que corresponde fijar y aprobar al Claustro, as\u00ed como el tratamiento transversal en las \u00e1reas, materias o m\u00f3dulos de la educaci\u00f3n en valores y otras ense\u00f1anzas.<\/p>\n<p style=\"text-align: justify\">La Ley 17\/2007, de 10 de diciembre, de Educaci\u00f3n de Andaluc\u00eda, establece, en su Art.126, los documentos que integran el Plan de Centro. Son los siguientes:<\/p>\n<p style=\"text-align: justify\">\u2013 El Proyecto Educativo .<\/p>\n<p>\u2013 El Reglamento de Organizaci\u00f3n y Funcionamiento.<\/p>\n<p>\u2013 El Proyecto de Gesti\u00f3n del Centro .<\/p>\n<p style=\"text-align: justify\">El Plan de Centro se revisa de forma anual, es decir se elabora cada a\u00f1o adapt\u00e1ndose a las circunstancias, dificultades, avances, deliberaciones y acuerdos del Claustro y del Consejo Escolar. A mitad de curso se realiza una revisi\u00f3n y es al final del curso cuando se eval\u00faa el grado de cumplimiento del Plan de Centro.&nbsp;<\/p>\n","protected":false},"excerpt":{"rendered":"<p>El Plan de Centro es el documento que expresa nuestras se\u00f1as de identidad. Es el aut\u00e9ntico referente, con car\u00e1cter sist\u00e9mico e integrador, del principio de autonom\u00eda pedag\u00f3gica, de organizaci\u00f3n y de gesti\u00f3n . Es un documento institucional que recoge los acuerdos que las organizaciones educativas construyamos y servir\u00e1 para establecer la hoja de ruta que &hellip; <\/p>\n<p class=\"link-more\"><a href=\"https:\/\/blogsaverroes.juntadeandalucia.es\/santosmedicos\/plan-de-centro\/\" class=\"more-link\">Continuar leyendo<span class=\"screen-reader-text\"> \u00abPlan de centro\u00bb<\/span><\/a><\/p>\n","protected":false},"author":10826,"featured_media":0,"parent":0,"menu_order":0,"comment_status":"closed","ping_status":"closed","template":"","meta":{"ngg_post_thumbnail":0,"footnotes":"","_mc_calendar":[]},"aioseo_notices":[],"_links":{"self":[{"href":"https:\/\/blogsaverroes.juntadeandalucia.es\/santosmedicos\/wp-json\/wp\/v2\/pages\/2289"}],"collection":[{"href":"https:\/\/blogsaverroes.juntadeandalucia.es\/santosmedicos\/wp-json\/wp\/v2\/pages"}],"about":[{"href":"https:\/\/blogsaverroes.juntadeandalucia.es\/santosmedicos\/wp-json\/wp\/v2\/types\/page"}],"author":[{"embeddable":true,"href":"https:\/\/blogsaverroes.juntadeandalucia.es\/santosmedicos\/wp-json\/wp\/v2\/users\/10826"}],"replies":[{"embeddable":true,"href":"https:\/\/blogsaverroes.juntadeandalucia.es\/santosmedicos\/wp-json\/wp\/v2\/comments?post=2289"}],"version-history":[{"count":4,"href":"https:\/\/blogsaverroes.juntadeandalucia.es\/santosmedicos\/wp-json\/wp\/v2\/pages\/2289\/revisions"}],"predecessor-version":[{"id":2533,"href":"https:\/\/blogsaverroes.juntadeandalucia.es\/santosmedicos\/wp-json\/wp\/v2\/pages\/2289\/revisions\/2533"}],"wp:attachment":[{"href":"https:\/\/blogsaverroes.juntadeandalucia.es\/santosmedicos\/wp-json\/wp\/v2\/media?parent=2289"}],"curies":[{"name":"wp","href":"https:\/\/api.w.org\/{rel}","templated":true}]}}