{"id":2349,"date":"2020-10-31T20:34:35","date_gmt":"2020-10-31T20:34:35","guid":{"rendered":"https:\/\/blogsaverroes.juntadeandalucia.es\/santosmedicos\/?page_id=2349"},"modified":"2025-03-10T23:36:49","modified_gmt":"2025-03-10T23:36:49","slug":"proyecto-de-gestion","status":"publish","type":"page","link":"https:\/\/blogsaverroes.juntadeandalucia.es\/santosmedicos\/proyecto-de-gestion\/","title":{"rendered":"Proyecto de Gesti\u00f3n"},"content":{"rendered":"<p style=\"text-align: justify\">El Proyecto de Gesti\u00f3n, como parte del Plan de Centro, es el instrumento que debe establecer los criterios a seguir en las decisiones relativas a la gesti\u00f3n de los recursos humanos, materiales y econ\u00f3micos del Centro, favoreciendo el uso responsable de los mismos. Esto adquiere especial importancia en un centro educativo, que debe contribuir a que el alumnado reciba una formaci\u00f3n que incluya el respeto al medio ambiente y el consumo reflexivo y prudente.<\/p>\n<p style=\"text-align: justify\">Debemos ser conscientes que nuestro centro utiliza recursos econ\u00f3micos p\u00fablicos para su funcionamiento y, por tanto, su gesti\u00f3n debe ser transparente y rigurosa y debe estar enfocada a la mejora de la educaci\u00f3n.<\/p>\n<p style=\"text-align: justify\">Este proyecto debe basarse en una buena gesti\u00f3n de los recursos de los que se dispone en el Centro, evitando gastos innecesarios y fomentando, en todos los miembros de la Comunidad Educativa, la consideraci\u00f3n de los consumos de recursos que realizamos, y en los medios que tenemos a nuestra disposici\u00f3n para que se ajusten a lo realmente necesario.<\/p>\n<p><strong><a href=\"https:\/\/blogsaverroes.juntadeandalucia.es\/santosmedicos\/files\/2025\/03\/PROYECTO_DE_GESTION-2024.pdf\">PROYECTO DE GESTION 2024<\/a>\/2025<\/strong><\/p>\n","protected":false},"excerpt":{"rendered":"<p>El Proyecto de Gesti\u00f3n, como parte del Plan de Centro, es el instrumento que debe establecer los criterios a seguir en las decisiones relativas a la gesti\u00f3n de los recursos humanos, materiales y econ\u00f3micos del Centro, favoreciendo el uso responsable de los mismos. Esto adquiere especial importancia en un centro educativo, que debe contribuir a &hellip; <\/p>\n<p class=\"link-more\"><a href=\"https:\/\/blogsaverroes.juntadeandalucia.es\/santosmedicos\/proyecto-de-gestion\/\" class=\"more-link\">Continuar leyendo<span class=\"screen-reader-text\"> \u00abProyecto de Gesti\u00f3n\u00bb<\/span><\/a><\/p>\n","protected":false},"author":10826,"featured_media":0,"parent":0,"menu_order":0,"comment_status":"closed","ping_status":"closed","template":"","meta":{"ngg_post_thumbnail":0,"footnotes":"","_mc_calendar":[]},"aioseo_notices":[],"_links":{"self":[{"href":"https:\/\/blogsaverroes.juntadeandalucia.es\/santosmedicos\/wp-json\/wp\/v2\/pages\/2349"}],"collection":[{"href":"https:\/\/blogsaverroes.juntadeandalucia.es\/santosmedicos\/wp-json\/wp\/v2\/pages"}],"about":[{"href":"https:\/\/blogsaverroes.juntadeandalucia.es\/santosmedicos\/wp-json\/wp\/v2\/types\/page"}],"author":[{"embeddable":true,"href":"https:\/\/blogsaverroes.juntadeandalucia.es\/santosmedicos\/wp-json\/wp\/v2\/users\/10826"}],"replies":[{"embeddable":true,"href":"https:\/\/blogsaverroes.juntadeandalucia.es\/santosmedicos\/wp-json\/wp\/v2\/comments?post=2349"}],"version-history":[{"count":5,"href":"https:\/\/blogsaverroes.juntadeandalucia.es\/santosmedicos\/wp-json\/wp\/v2\/pages\/2349\/revisions"}],"predecessor-version":[{"id":3646,"href":"https:\/\/blogsaverroes.juntadeandalucia.es\/santosmedicos\/wp-json\/wp\/v2\/pages\/2349\/revisions\/3646"}],"wp:attachment":[{"href":"https:\/\/blogsaverroes.juntadeandalucia.es\/santosmedicos\/wp-json\/wp\/v2\/media?parent=2349"}],"curies":[{"name":"wp","href":"https:\/\/api.w.org\/{rel}","templated":true}]}}