{"id":2511,"date":"2020-11-03T22:09:24","date_gmt":"2020-11-03T22:09:24","guid":{"rendered":"https:\/\/blogsaverroes.juntadeandalucia.es\/santosmedicos\/?page_id=2511"},"modified":"2025-03-10T23:31:07","modified_gmt":"2025-03-10T23:31:07","slug":"plan-de-formacion","status":"publish","type":"page","link":"https:\/\/blogsaverroes.juntadeandalucia.es\/santosmedicos\/plan-de-formacion\/","title":{"rendered":"Plan de Formaci\u00f3n"},"content":{"rendered":"<p style=\"text-align: justify\">El plan de formaci\u00f3n del profesorado es una herramienta que nos sirve para profundizar en los contenidos te\u00f3ricos de nuestra actividad docente, dando respuesta a los retos educativos que se nos plantean diariamente en el centro.<\/p>\n<p style=\"text-align: justify\">La formaci\u00f3n del profesorado en los principios del aprendizaje dial\u00f3gico es una condici\u00f3n indispensable para que el proyecto sea un un \u00e9xito, sin la complicidad profesional de todo el equipo docente no es posible el logro de los objetivos que nuestro proyecto educativo se propone.<\/p>\n<p style=\"text-align: justify\">El Plan de Formaci\u00f3n del Profesorado del Centro trata por una parte de dar soluciones a los problemas cotidianos que se presentan y al mismo tiempo profundiza en los fundamentos te\u00f3ricos de todo aquello que hacemos, dando respuesta a los retos educativos que se nos plantean desde el proyecto educativo. &nbsp;<\/p>\n<p style=\"text-align: justify\">Consideramos que la formaci\u00f3n en centro es el modelo formativo que mejor responde a nuestro proyecto educativo y es el que nos ha ofrecido los mejores resultados. El proyecto necesita de la complicidad, implicaci\u00f3n y compromiso de todo el equipo docente y una de las v\u00edas para conseguirlo es una formaci\u00f3n conjunta de todo el profesorado.<\/p>\n<p><strong><a href=\"https:\/\/blogsaverroes.juntadeandalucia.es\/santosmedicos\/files\/2025\/03\/Plan-de-Formacion-2024-2025-Hoja-1.pdf\">Plan de Formacio\u0301n 2024-2025 <\/a><\/strong><\/p>\n","protected":false},"excerpt":{"rendered":"<p>El plan de formaci\u00f3n del profesorado es una herramienta que nos sirve para profundizar en los contenidos te\u00f3ricos de nuestra actividad docente, dando respuesta a los retos educativos que se nos plantean diariamente en el centro. La formaci\u00f3n del profesorado en los principios del aprendizaje dial\u00f3gico es una condici\u00f3n indispensable para que el proyecto sea &hellip; <\/p>\n<p class=\"link-more\"><a href=\"https:\/\/blogsaverroes.juntadeandalucia.es\/santosmedicos\/plan-de-formacion\/\" class=\"more-link\">Continuar leyendo<span class=\"screen-reader-text\"> \u00abPlan de Formaci\u00f3n\u00bb<\/span><\/a><\/p>\n","protected":false},"author":10826,"featured_media":0,"parent":0,"menu_order":0,"comment_status":"closed","ping_status":"closed","template":"","meta":{"ngg_post_thumbnail":0,"footnotes":"","_mc_calendar":[]},"aioseo_notices":[],"_links":{"self":[{"href":"https:\/\/blogsaverroes.juntadeandalucia.es\/santosmedicos\/wp-json\/wp\/v2\/pages\/2511"}],"collection":[{"href":"https:\/\/blogsaverroes.juntadeandalucia.es\/santosmedicos\/wp-json\/wp\/v2\/pages"}],"about":[{"href":"https:\/\/blogsaverroes.juntadeandalucia.es\/santosmedicos\/wp-json\/wp\/v2\/types\/page"}],"author":[{"embeddable":true,"href":"https:\/\/blogsaverroes.juntadeandalucia.es\/santosmedicos\/wp-json\/wp\/v2\/users\/10826"}],"replies":[{"embeddable":true,"href":"https:\/\/blogsaverroes.juntadeandalucia.es\/santosmedicos\/wp-json\/wp\/v2\/comments?post=2511"}],"version-history":[{"count":10,"href":"https:\/\/blogsaverroes.juntadeandalucia.es\/santosmedicos\/wp-json\/wp\/v2\/pages\/2511\/revisions"}],"predecessor-version":[{"id":3642,"href":"https:\/\/blogsaverroes.juntadeandalucia.es\/santosmedicos\/wp-json\/wp\/v2\/pages\/2511\/revisions\/3642"}],"wp:attachment":[{"href":"https:\/\/blogsaverroes.juntadeandalucia.es\/santosmedicos\/wp-json\/wp\/v2\/media?parent=2511"}],"curies":[{"name":"wp","href":"https:\/\/api.w.org\/{rel}","templated":true}]}}