{"id":2513,"date":"2020-11-03T22:10:26","date_gmt":"2020-11-03T22:10:26","guid":{"rendered":"https:\/\/blogsaverroes.juntadeandalucia.es\/santosmedicos\/?page_id=2513"},"modified":"2025-03-10T23:35:17","modified_gmt":"2025-03-10T23:35:17","slug":"plan-de-orientacion-y-accion-tutorial-poat","status":"publish","type":"page","link":"https:\/\/blogsaverroes.juntadeandalucia.es\/santosmedicos\/plan-de-orientacion-y-accion-tutorial-poat\/","title":{"rendered":"Plan de Orientaci\u00f3n y Acci\u00f3n Tutorial (POAT)"},"content":{"rendered":"<p style=\"text-align: justify\">En este documento, conocido como Plan de Orientaci\u00f3n y Acci\u00f3n Tutorial, en adelante POAT, vamos a reflejar la importancia de la tutor\u00eda y la orientaci\u00f3n de cara a la mejora del alumnado, lo que se plasmar\u00e1 en los distintos elementos que lo componen. Por ello, en primer lugar, recogemos en esta introducci\u00f3n una definici\u00f3n de este Plan, las finalidades y objetivos generales de la acci\u00f3n tutorial y orientadora as\u00ed como la fundamentaci\u00f3n legislativa al respecto; para a continuaci\u00f3n, desarrollar los elementos que debe contener todo POAT.<\/p>\n<p style=\"text-align: justify\">El Plan de Orientaci\u00f3n y Acci\u00f3n Tutorial (POAT), es el instrumento pedag\u00f3gico-did\u00e1ctico que articula a medio y largo plazo el conjunto de actuaciones de los equipos docentes y del centro educativo, relacionadas con los objetivos de la orientaci\u00f3n y la acci\u00f3n tutorial que, de manera coordinada, se propongan para las distintas etapas (en nuestro caso Infantil, Primaria y 1\u00ba y 2\u00ba de ESO) y ense\u00f1anzas impartidas en el Centro en coherencia con las Finalidades Educativas del mismo, incluidas aquellas relativas a la promoci\u00f3n de la Cultura de Paz y mejora de la convivencia en los Centros, donde los tutores\/as tienen un papel mediador fundamental.<\/p>\n<p><strong><a href=\"https:\/\/blogsaverroes.juntadeandalucia.es\/santosmedicos\/files\/2025\/03\/POAT-SANTOS-MEDICOS-2024.pdf\">POAT SANTOS ME\u0301DICOS 2024\/2025<\/a><\/strong><\/p>\n","protected":false},"excerpt":{"rendered":"<p>En este documento, conocido como Plan de Orientaci\u00f3n y Acci\u00f3n Tutorial, en adelante POAT, vamos a reflejar la importancia de la tutor\u00eda y la orientaci\u00f3n de cara a la mejora del alumnado, lo que se plasmar\u00e1 en los distintos elementos que lo componen. Por ello, en primer lugar, recogemos en esta introducci\u00f3n una definici\u00f3n de &hellip; <\/p>\n<p class=\"link-more\"><a href=\"https:\/\/blogsaverroes.juntadeandalucia.es\/santosmedicos\/plan-de-orientacion-y-accion-tutorial-poat\/\" class=\"more-link\">Continuar leyendo<span class=\"screen-reader-text\"> \u00abPlan de Orientaci\u00f3n y Acci\u00f3n Tutorial (POAT)\u00bb<\/span><\/a><\/p>\n","protected":false},"author":10826,"featured_media":0,"parent":0,"menu_order":0,"comment_status":"closed","ping_status":"closed","template":"","meta":{"ngg_post_thumbnail":0,"footnotes":"","_mc_calendar":[]},"aioseo_notices":[],"_links":{"self":[{"href":"https:\/\/blogsaverroes.juntadeandalucia.es\/santosmedicos\/wp-json\/wp\/v2\/pages\/2513"}],"collection":[{"href":"https:\/\/blogsaverroes.juntadeandalucia.es\/santosmedicos\/wp-json\/wp\/v2\/pages"}],"about":[{"href":"https:\/\/blogsaverroes.juntadeandalucia.es\/santosmedicos\/wp-json\/wp\/v2\/types\/page"}],"author":[{"embeddable":true,"href":"https:\/\/blogsaverroes.juntadeandalucia.es\/santosmedicos\/wp-json\/wp\/v2\/users\/10826"}],"replies":[{"embeddable":true,"href":"https:\/\/blogsaverroes.juntadeandalucia.es\/santosmedicos\/wp-json\/wp\/v2\/comments?post=2513"}],"version-history":[{"count":5,"href":"https:\/\/blogsaverroes.juntadeandalucia.es\/santosmedicos\/wp-json\/wp\/v2\/pages\/2513\/revisions"}],"predecessor-version":[{"id":3645,"href":"https:\/\/blogsaverroes.juntadeandalucia.es\/santosmedicos\/wp-json\/wp\/v2\/pages\/2513\/revisions\/3645"}],"wp:attachment":[{"href":"https:\/\/blogsaverroes.juntadeandalucia.es\/santosmedicos\/wp-json\/wp\/v2\/media?parent=2513"}],"curies":[{"name":"wp","href":"https:\/\/api.w.org\/{rel}","templated":true}]}}