{"id":869,"date":"2015-03-16T07:03:52","date_gmt":"2015-03-16T07:03:52","guid":{"rendered":"http:\/\/blogsaverroes.juntadeandalucia.es\/pre\/ceip\/?page_id=84"},"modified":"2021-11-05T08:49:54","modified_gmt":"2021-11-05T08:49:54","slug":"calendario-escolar","status":"publish","type":"page","link":"https:\/\/blogsaverroes.juntadeandalucia.es\/santosmedicos\/calendario-escolar\/","title":{"rendered":"Calendario escolar"},"content":{"rendered":"<p style=\"text-align: justify\">A continuaci\u00f3n os ofrecemos el calendario escolar oficial para la provincia de Granada, donde podremos ver todos aquellos d\u00edas de fiesta nacional y provincial.<\/p>\n<p><a href=\"https:\/\/blogsaverroes.juntadeandalucia.es\/santosmedicos\/files\/2021\/11\/Calendario-escolar-Granada-2021-2022.jpg\"><img loading=\"lazy\" decoding=\"async\" class=\"aligncenter wp-image-3244 size-full\" src=\"https:\/\/blogsaverroes.juntadeandalucia.es\/santosmedicos\/files\/2021\/11\/Calendario-escolar-Granada-2021-2022.jpg\" alt=\"\" width=\"1183\" height=\"1600\" srcset=\"https:\/\/blogsaverroes.juntadeandalucia.es\/santosmedicos\/files\/2021\/11\/Calendario-escolar-Granada-2021-2022.jpg 1183w, https:\/\/blogsaverroes.juntadeandalucia.es\/santosmedicos\/files\/2021\/11\/Calendario-escolar-Granada-2021-2022-222x300.jpg 222w, https:\/\/blogsaverroes.juntadeandalucia.es\/santosmedicos\/files\/2021\/11\/Calendario-escolar-Granada-2021-2022-757x1024.jpg 757w, https:\/\/blogsaverroes.juntadeandalucia.es\/santosmedicos\/files\/2021\/11\/Calendario-escolar-Granada-2021-2022-768x1039.jpg 768w, https:\/\/blogsaverroes.juntadeandalucia.es\/santosmedicos\/files\/2021\/11\/Calendario-escolar-Granada-2021-2022-1136x1536.jpg 1136w\" sizes=\"(max-width: 767px) 89vw, (max-width: 1000px) 54vw, (max-width: 1071px) 543px, 580px\" \/><\/a><\/p>\n<p style=\"text-align: justify\">Adem\u00e1s, cabe destacar que los d\u00edas de fiesta local donde permanecer\u00e1 el centro cerrado son:&nbsp;<\/p>\n<ul>\n<li>D\u00eda 27 de Septiembre.<\/li>\n<li>D\u00eda 21 de Marzo.<\/li>\n<li>D\u00eda 3 de mayo.<\/li>\n<\/ul>\n<p>&nbsp;<\/p>\n<p>&nbsp;<\/p>\n","protected":false},"excerpt":{"rendered":"<p>A continuaci\u00f3n os ofrecemos el calendario escolar oficial para la provincia de Granada, donde podremos ver todos aquellos d\u00edas de fiesta nacional y provincial. Adem\u00e1s, cabe destacar que los d\u00edas de fiesta local donde permanecer\u00e1 el centro cerrado son:&nbsp; D\u00eda 27 de Septiembre. D\u00eda 21 de Marzo. D\u00eda 3 de mayo. &nbsp; &nbsp;<\/p>\n","protected":false},"author":1,"featured_media":0,"parent":0,"menu_order":0,"comment_status":"closed","ping_status":"open","template":"","meta":{"ngg_post_thumbnail":0,"footnotes":"","_mc_calendar":[]},"aioseo_notices":[],"_links":{"self":[{"href":"https:\/\/blogsaverroes.juntadeandalucia.es\/santosmedicos\/wp-json\/wp\/v2\/pages\/869"}],"collection":[{"href":"https:\/\/blogsaverroes.juntadeandalucia.es\/santosmedicos\/wp-json\/wp\/v2\/pages"}],"about":[{"href":"https:\/\/blogsaverroes.juntadeandalucia.es\/santosmedicos\/wp-json\/wp\/v2\/types\/page"}],"author":[{"embeddable":true,"href":"https:\/\/blogsaverroes.juntadeandalucia.es\/santosmedicos\/wp-json\/wp\/v2\/users\/1"}],"replies":[{"embeddable":true,"href":"https:\/\/blogsaverroes.juntadeandalucia.es\/santosmedicos\/wp-json\/wp\/v2\/comments?post=869"}],"version-history":[{"count":7,"href":"https:\/\/blogsaverroes.juntadeandalucia.es\/santosmedicos\/wp-json\/wp\/v2\/pages\/869\/revisions"}],"predecessor-version":[{"id":2417,"href":"https:\/\/blogsaverroes.juntadeandalucia.es\/santosmedicos\/wp-json\/wp\/v2\/pages\/869\/revisions\/2417"}],"wp:attachment":[{"href":"https:\/\/blogsaverroes.juntadeandalucia.es\/santosmedicos\/wp-json\/wp\/v2\/media?parent=869"}],"curies":[{"name":"wp","href":"https:\/\/api.w.org\/{rel}","templated":true}]}}