{"id":65,"date":"2023-05-25T11:58:04","date_gmt":"2023-05-25T11:58:04","guid":{"rendered":"https:\/\/blogsaverroes.juntadeandalucia.es\/info\/?page_id=65"},"modified":"2024-02-02T12:03:42","modified_gmt":"2024-02-02T12:03:42","slug":"gestion-de-titulos","status":"publish","type":"page","link":"https:\/\/blogsaverroes.juntadeandalucia.es\/secretariacpifp\/gestion-de-titulos\/","title":{"rendered":"Solicitud de T\u00edtulos"},"content":{"rendered":"\t\t<div data-elementor-type=\"wp-page\" data-elementor-id=\"65\" class=\"elementor elementor-65\">\n\t\t\t\t\t\t<section class=\"elementor-section elementor-top-section elementor-element elementor-element-d646952 elementor-section-full_width elementor-section-height-default elementor-section-height-default\" data-id=\"d646952\" data-element_type=\"section\">\n\t\t\t\t\t\t<div class=\"elementor-container elementor-column-gap-default\">\n\t\t\t\t\t<div class=\"elementor-column elementor-col-100 elementor-top-column elementor-element elementor-element-e4558fe\" data-id=\"e4558fe\" data-element_type=\"column\">\n\t\t\t<div class=\"elementor-widget-wrap elementor-element-populated\">\n\t\t\t\t\t\t<div class=\"elementor-element elementor-element-b7d0313 elementor-widget elementor-widget-text-editor\" data-id=\"b7d0313\" data-element_type=\"widget\" data-widget_type=\"text-editor.default\">\n\t\t\t\t<div class=\"elementor-widget-container\">\n\t\t\t\t\t\t\t\t\t<p><span style=\"font-family: georgia, palatino, serif;font-size: 12pt;color: #000000\">El alumnado que haya finalizado sus estudios habiendo superado todos los m\u00f3dulos profesionales tiene que solicitar su t\u00edtulo de las siguientes formas:<\/span><\/p><blockquote><p><span style=\"color: #ff0000;font-family: georgia, palatino, serif;font-size: 12pt\">\u00a1MUY IMPORTANTE!: Abonar el t\u00edtulo <span style=\"text-decoration: underline\"><strong>a partir del 1 de julio<\/strong><\/span>\u00a0para evitar problemas en la tramitaci\u00f3n del mismo.<\/span><\/p><\/blockquote><ol><li><span style=\"font-family: georgia, palatino, serif;font-size: 12pt\"><span style=\"color: #000000\">Preferentemente se realizar\u00e1 el tr\u00e1mite de forma telem\u00e1tica:<\/span>\u00a0<a href=\"https:\/\/www.juntadeandalucia.es\/educacion\/secretariavirtual\/accesoTramite\/302\/\">Solicitud Telem\u00e1tica de T\u00edtulo<\/a>.<\/span><\/li><li><span style=\"font-family: georgia, palatino, serif;font-size: 12pt\"><span style=\"color: #000000\">En caso de no hacer el tr\u00e1mite online deben rellenar el<\/span> <a href=\"https:\/\/www.juntadeandalucia.es\/economiayhacienda\/apl\/surweb\/modelos\/modelo046\/046.jsp\">impreso 046<\/a> <span style=\"color: #000000\">desde la p\u00e1gina web de la Consejer\u00eda de Econom\u00eda, Hacienda y Fondos Europeos.<\/span><\/span><\/li><\/ol>\t\t\t\t\t\t\t\t<\/div>\n\t\t\t\t<\/div>\n\t\t\t\t\t<\/div>\n\t\t<\/div>\n\t\t\t\t\t<\/div>\n\t\t<\/section>\n\t\t\t\t<section class=\"elementor-section elementor-top-section elementor-element elementor-element-8269f8d elementor-section-full_width elementor-section-height-default elementor-section-height-default\" data-id=\"8269f8d\" data-element_type=\"section\">\n\t\t\t\t\t\t<div class=\"elementor-container elementor-column-gap-default\">\n\t\t\t\t\t<div class=\"elementor-column elementor-col-100 elementor-top-column elementor-element elementor-element-c5d4e5b\" data-id=\"c5d4e5b\" data-element_type=\"column\">\n\t\t\t<div class=\"elementor-widget-wrap elementor-element-populated\">\n\t\t\t\t\t\t<div class=\"elementor-element elementor-element-8c9b2fd elementor-widget elementor-widget-heading\" data-id=\"8c9b2fd\" data-element_type=\"widget\" data-widget_type=\"heading.default\">\n\t\t\t\t<div class=\"elementor-widget-container\">\n\t\t\t\t\t<h2 class=\"elementor-heading-title elementor-size-default\"><a href=\"https:\/\/www.juntadeandalucia.es\/educacion\/secretariavirtual\/accesoTramite\/302\/\">Opci\u00f3n 1: Solicitud Telem\u00e1tica de T\u00edtulo<\/a><\/h2>\t\t\t\t<\/div>\n\t\t\t\t<\/div>\n\t\t\t\t<div class=\"elementor-element elementor-element-f99f987 elementor-widget elementor-widget-text-editor\" data-id=\"f99f987\" data-element_type=\"widget\" data-widget_type=\"text-editor.default\">\n\t\t\t\t<div class=\"elementor-widget-container\">\n\t\t\t\t\t\t\t\t\t<p><span style=\"font-family: georgia, palatino, serif;font-size: 12pt;color: #000000\">Esta es la opci\u00f3n que <strong>recomendamos<\/strong> porque, una vez te hayas logueado, simplemente tienes que seguir los pasos que te van indicando.<\/span><\/p><p><span style=\"font-family: georgia, palatino, serif;font-size: 12pt;color: #000000\"><span style=\"color: #000000;font-family: georgia, palatino, serif\">Es <strong>muy importante<\/strong> <strong>que adjuntes cualquier documentaci\u00f3n<\/strong> que te da derecho a las bonificaciones o reducciones establecidas para su correcta comprobaci\u00f3n, a excepci\u00f3n de la bonificaci\u00f3n por hacerlo telem\u00e1tico.<\/span><\/span><\/p><p><span style=\"font-family: georgia, palatino, serif;font-size: 12pt;color: #000000\">Puedes ver las tasas y las bonificaciones, <a href=\"https:\/\/www.juntadeandalucia.es\/organismos\/economiahaciendayfondoseuropeos\/areas\/tributos-juego\/tributos\/paginas\/cuotatrib_titulos.html\">aqu\u00ed<\/a>.<\/span><\/p>\t\t\t\t\t\t\t\t<\/div>\n\t\t\t\t<\/div>\n\t\t\t\t\t<\/div>\n\t\t<\/div>\n\t\t\t\t\t<\/div>\n\t\t<\/section>\n\t\t\t\t<section class=\"elementor-section elementor-top-section elementor-element elementor-element-24d7f14a elementor-section-full_width elementor-section-height-default elementor-section-height-default\" data-id=\"24d7f14a\" data-element_type=\"section\">\n\t\t\t\t\t\t<div class=\"elementor-container elementor-column-gap-default\">\n\t\t\t\t\t<div class=\"elementor-column elementor-col-100 elementor-top-column elementor-element elementor-element-40d7abf1\" data-id=\"40d7abf1\" data-element_type=\"column\">\n\t\t\t<div class=\"elementor-widget-wrap elementor-element-populated\">\n\t\t\t\t\t\t<div class=\"elementor-element elementor-element-268909e elementor-widget elementor-widget-heading\" data-id=\"268909e\" data-element_type=\"widget\" data-widget_type=\"heading.default\">\n\t\t\t\t<div class=\"elementor-widget-container\">\n\t\t\t\t\t<h2 class=\"elementor-heading-title elementor-size-default\"><a href=\"https:\/\/www.juntadeandalucia.es\/economiayhacienda\/apl\/surweb\/modelos\/modelo046\/046.jsp\">Opci\u00f3n 2: Instrucciones para rellenar el impreso 046<\/a><\/h2>\t\t\t\t<\/div>\n\t\t\t\t<\/div>\n\t\t\t\t<div class=\"elementor-element elementor-element-496b1f3d elementor-widget elementor-widget-text-editor\" data-id=\"496b1f3d\" data-element_type=\"widget\" data-widget_type=\"text-editor.default\">\n\t\t\t\t<div class=\"elementor-widget-container\">\n\t\t\t\t\t\t\t\t\t<ul><li style=\"text-align: justify\"><span style=\"font-family: georgia, palatino, serif;font-size: 12pt;color: #000000\">Rellenar los datos personales.<\/span><\/li><li style=\"text-align: justify\"><span style=\"font-family: georgia, palatino, serif;font-size: 12pt;color: #000000\">En el apartado de datos generales tienen que activar la casilla de <strong>autoliquidaci\u00f3n<\/strong> y rellenar en el recuadro grande con el nombre del t\u00edtulo que solicitas.<\/span><\/li><li style=\"text-align: justify\"><span style=\"font-family: georgia, palatino, serif;font-size: 12pt;color: #000000\">Fecha de devengo: la fecha en la que se realiza el pago de la tasa. (M\u00e1s informaci\u00f3n sobre la tasa, <a href=\"https:\/\/www.juntadeandalucia.es\/organismos\/economiahaciendayfondoseuropeos\/areas\/tributos-juego\/tributos\/paginas\/pub-tasas.html\">aqu\u00ed<\/a>)<\/span><\/li><\/ul><blockquote><p style=\"text-align: justify\"><span style=\"font-family: georgia, palatino, serif;font-size: 12pt;color: #000000\"><span style=\"color: #ff0000\">\u00a1MUY IMPORTANTE!:<\/span>\u00a0Esta fecha tiene que ser posterior a la evaluaci\u00f3n del curso acad\u00e9mico (indicada m\u00e1s arriba). En ning\u00fan caso podr\u00e1 hacerse el pago de la tasa en fecha anterior a la de evaluaci\u00f3n final del curso, ya que en dicho caso, el pago de la tasa carece de valor y no se puede tramitar la solicitud de t\u00edtulo.<\/span><\/p><\/blockquote><ul><li style=\"text-align: justify\"><span style=\"font-family: georgia, palatino, serif;font-size: 12pt;color: #000000\">Comprobar siempre la fecha de evaluaci\u00f3n final antes de proceder al abono de la tasa.<\/span><\/li><li style=\"text-align: justify\"><span style=\"font-family: georgia, palatino, serif;font-size: 12pt;color: #000000\">Indicar el importe correspondiente. (<span style=\"font-family: georgia, palatino, serif;font-size: 12pt\"><span style=\"color: #000000\">M\u00e1s informaci\u00f3n sobre el importe, <\/span><a href=\"https:\/\/www.juntadeandalucia.es\/organismos\/economiahaciendayfondoseuropeos\/areas\/tributos-juego\/tributos\/paginas\/cuotatrib_titulos.html\">aqu\u00ed<\/a>)<span style=\"color: #000000\">.<\/span><\/span><\/span><\/li><li><span style=\"font-family: georgia, palatino, serif;font-size: 12pt;color: #000000\">Activar la casilla de \u00ab<\/span><span style=\"color: #000000;font-family: georgia, palatino, serif\"><span style=\"font-size: 16px\">Solicita la bonificaci\u00f3n sobre la tasa por la utilizaci\u00f3n de medios electr\u00f3nicos para su presentaci\u00f3n y pago seg\u00fan el Art\u00edculo 12.2 de la Ley 10\/2021, de 28 de diciembre, de tasas y<img decoding=\"async\" class=\"alignright\" style=\"font-size: 13px\" src=\"https:\/\/blogsaverroes.juntadeandalucia.es\/secretariacpifp\/files\/2023\/06\/046-300x154.png\" alt=\"\" width=\"312\" height=\"160\" \/>\u00a0precios p\u00fablicos de la Comunidad Aut\u00f3noma de Andaluc\u00eda\u00bb.<\/span><\/span><\/li><li style=\"text-align: justify\"><span style=\"font-family: georgia, palatino, serif;font-size: 12pt;color: #000000\">En el c\u00f3digo territorial hay que poner <strong><span style=\"text-decoration: underline\">ED29Z6<\/span><\/strong>, que corresponde a nuestro centro.<\/span><\/li><li style=\"text-align: justify\"><span style=\"font-family: georgia, palatino, serif;font-size: 12pt;color: #000000\">En concepto de pago hay que poner <span style=\"text-decoration: underline\"><strong>0049<\/strong><\/span>, que corresponde a expedici\u00f3n de T\u00edtulos Acad\u00e9micos y\u00a0Profesionales No Universitarios.<\/span><\/li><li style=\"text-align: justify\"><span style=\"font-family: georgia, palatino, serif;font-size: 12pt;color: #000000\">Validar y podemos pagarlo online o imprimir (salen 3 copias), y abonarlo\u00a0en cualquier entidad bancaria.<\/span><\/li><\/ul><p style=\"text-align: justify\"><span style=\"font-family: georgia, palatino, serif;font-size: 12pt;color: #000000\">Una vez abonado, el\/la interesado\/a deber\u00e1 presentar por <a href=\"https:\/\/www.juntadeandalucia.es\/educacion\/secretariavirtual\/accesoTramite\/462\/\">Secretar\u00eda Virtual<\/a>, la documentaci\u00f3n siguiente:<\/span><\/p><ol><li style=\"text-align: justify\"><span style=\"font-family: georgia, palatino, serif;font-size: 12pt;color: #000000\"><strong>TODAS<\/strong>\u00a0las copias del Modelo 046, una vez efectuado el pago, con sello del\u00a0banco o autenticaci\u00f3n telem\u00e1tica.<\/span><\/li><li style=\"text-align: justify\"><span style=\"font-family: georgia, palatino, serif;font-size: 12pt;color: #000000\">Fotocopia del DNI del alumno\/a.<\/span><\/li><li style=\"text-align: justify\"><span style=\"font-family: georgia, palatino, serif;font-size: 12pt;color: #000000\">Impreso de solicitud del t\u00edtulo (Pulsando en \u00ab<a href=\"https:\/\/blogsaverroes.juntadeandalucia.es\/secretariacpifp\/files\/2024\/02\/Formulario-Solicitud-T\u00edtulo-Acad\u00e9mico-No-Universitario.pdf\">Formulario Solicitud T\u00edtulo Acad\u00e9mico No Universitario<\/a>\u00bb)<\/span><\/li><li style=\"text-align: justify\"><span style=\"font-family: georgia, palatino, serif;font-size: 12pt;color: #000000\">En el caso de ser beneficiario\/a de alguna bonificaci\u00f3n, se deber\u00e1 aportar la documentaci\u00f3n que da derecho a tal situaci\u00f3n.<\/span><\/li><\/ol>\t\t\t\t\t\t\t\t<\/div>\n\t\t\t\t<\/div>\n\t\t\t\t\t<\/div>\n\t\t<\/div>\n\t\t\t\t\t<\/div>\n\t\t<\/section>\n\t\t\t\t<\/div>\n\t\t","protected":false},"excerpt":{"rendered":"<p>El alumnado que haya finalizado sus estudios habiendo superado todos los m\u00f3dulos profesionales tiene que solicitar su t\u00edtulo de las siguientes formas: \u00a1MUY IMPORTANTE!: Abonar el t\u00edtulo a partir del 1 de julio\u00a0para evitar&#46;&#46;&#46;<\/p>\n","protected":false},"author":18080,"featured_media":0,"parent":0,"menu_order":0,"comment_status":"closed","ping_status":"closed","template":"page-template-full.php","meta":{"ngg_post_thumbnail":0,"footnotes":""},"aioseo_notices":[],"_links":{"self":[{"href":"https:\/\/blogsaverroes.juntadeandalucia.es\/secretariacpifp\/wp-json\/wp\/v2\/pages\/65"}],"collection":[{"href":"https:\/\/blogsaverroes.juntadeandalucia.es\/secretariacpifp\/wp-json\/wp\/v2\/pages"}],"about":[{"href":"https:\/\/blogsaverroes.juntadeandalucia.es\/secretariacpifp\/wp-json\/wp\/v2\/types\/page"}],"author":[{"embeddable":true,"href":"https:\/\/blogsaverroes.juntadeandalucia.es\/secretariacpifp\/wp-json\/wp\/v2\/users\/18080"}],"replies":[{"embeddable":true,"href":"https:\/\/blogsaverroes.juntadeandalucia.es\/secretariacpifp\/wp-json\/wp\/v2\/comments?post=65"}],"version-history":[{"count":23,"href":"https:\/\/blogsaverroes.juntadeandalucia.es\/secretariacpifp\/wp-json\/wp\/v2\/pages\/65\/revisions"}],"predecessor-version":[{"id":444,"href":"https:\/\/blogsaverroes.juntadeandalucia.es\/secretariacpifp\/wp-json\/wp\/v2\/pages\/65\/revisions\/444"}],"wp:attachment":[{"href":"https:\/\/blogsaverroes.juntadeandalucia.es\/secretariacpifp\/wp-json\/wp\/v2\/media?parent=65"}],"curies":[{"name":"wp","href":"https:\/\/api.w.org\/{rel}","templated":true}]}}