{"id":69,"date":"2023-05-25T12:08:05","date_gmt":"2023-05-25T12:08:05","guid":{"rendered":"https:\/\/blogsaverroes.juntadeandalucia.es\/info\/?page_id=69"},"modified":"2024-02-02T09:15:50","modified_gmt":"2024-02-02T09:15:50","slug":"contacto-con-secretaria","status":"publish","type":"page","link":"https:\/\/blogsaverroes.juntadeandalucia.es\/secretariacpifp\/","title":{"rendered":"Contacto con Secretar\u00eda"},"content":{"rendered":"\t\t<div data-elementor-type=\"wp-page\" data-elementor-id=\"69\" class=\"elementor elementor-69\">\n\t\t\t\t\t\t<section class=\"elementor-section elementor-top-section elementor-element elementor-element-350494d3 elementor-section-boxed elementor-section-height-default elementor-section-height-default\" data-id=\"350494d3\" data-element_type=\"section\">\n\t\t\t\t\t\t<div class=\"elementor-container elementor-column-gap-default\">\n\t\t\t\t\t<div class=\"elementor-column elementor-col-100 elementor-top-column elementor-element elementor-element-22e55d93\" data-id=\"22e55d93\" data-element_type=\"column\">\n\t\t\t<div class=\"elementor-widget-wrap elementor-element-populated\">\n\t\t\t\t\t\t<div class=\"elementor-element elementor-element-16ca896a elementor-widget elementor-widget-text-editor\" data-id=\"16ca896a\" data-element_type=\"widget\" data-widget_type=\"text-editor.default\">\n\t\t\t\t<div class=\"elementor-widget-container\">\n\t\t\t\t\t\t\t\t\t<p><span style=\"color: #000000;font-size: 12pt;font-family: georgia, palatino, serif\">Bienvenidos al Centro P\u00fablico Integrado de Formaci\u00f3n Profesional \u00abAlan Turing\u00bb, especializado en el sector productivo de Inform\u00e1tica y Comunicaciones.<\/span><\/p><p><span style=\"color: #000000;font-size: 12pt;font-family: georgia, palatino, serif\">En la Secretar\u00eda, tenemos el siguiente horario:<\/span><\/p>\t\t\t\t\t\t\t\t<\/div>\n\t\t\t\t<\/div>\n\t\t\t\t<div class=\"elementor-element elementor-element-48b707f elementor-widget elementor-widget-heading\" data-id=\"48b707f\" data-element_type=\"widget\" data-widget_type=\"heading.default\">\n\t\t\t\t<div class=\"elementor-widget-container\">\n\t\t\t\t\t<h2 class=\"elementor-heading-title elementor-size-default\">Atenci\u00f3n presencial<\/h2>\t\t\t\t<\/div>\n\t\t\t\t<\/div>\n\t\t\t\t<div class=\"elementor-element elementor-element-c91f6f0 elementor-widget elementor-widget-text-editor\" data-id=\"c91f6f0\" data-element_type=\"widget\" data-widget_type=\"text-editor.default\">\n\t\t\t\t<div class=\"elementor-widget-container\">\n\t\t\t\t\t\t\t\t\t<p><span style=\"color: #000000;font-family: georgia, palatino, serif;font-size: 12pt\">Nos situamos en el Parque Tecnol\u00f3gico de M\u00e1laga, en C\/ Frederick Terman, 3 &#8211; 29590 Campanillas (M\u00e1laga)<\/span><\/p><p><span style=\"font-family: georgia, palatino, serif;font-size: 12pt;color: #000000\"><strong>Horario<\/strong>: De lunes a viernes, de 09:00 a 14:00 horas.<\/span><\/p>\t\t\t\t\t\t\t\t<\/div>\n\t\t\t\t<\/div>\n\t\t\t\t<div class=\"elementor-element elementor-element-48b04f9 elementor-widget elementor-widget-heading\" data-id=\"48b04f9\" data-element_type=\"widget\" data-widget_type=\"heading.default\">\n\t\t\t\t<div class=\"elementor-widget-container\">\n\t\t\t\t\t<h2 class=\"elementor-heading-title elementor-size-default\">Informaci\u00f3n telef\u00f3nica y por email<\/h2>\t\t\t\t<\/div>\n\t\t\t\t<\/div>\n\t\t\t\t<div class=\"elementor-element elementor-element-bdafa47 elementor-widget elementor-widget-text-editor\" data-id=\"bdafa47\" data-element_type=\"widget\" data-widget_type=\"text-editor.default\">\n\t\t\t\t<div class=\"elementor-widget-container\">\n\t\t\t\t\t\t\t\t\t<p><span style=\"font-family: georgia, palatino, serif;font-size: 12pt;color: #000000\">Atenci\u00f3n telef\u00f3nica de, lunes a viernes, de 09:00 a 14:00 horas.\u00a0<strong>Tel\u00e9fono de contacto<\/strong>: 951.040.449 | 680.993.322<img decoding=\"async\" class=\"alignnone size-full wp-image-190\" src=\"https:\/\/blogsaverroes.juntadeandalucia.es\/secretariacpifp\/files\/2023\/06\/Correo.png\" alt=\"\" width=\"313\" height=\"31\" srcset=\"https:\/\/blogsaverroes.juntadeandalucia.es\/secretariacpifp\/files\/2023\/06\/Correo.png 313w, https:\/\/blogsaverroes.juntadeandalucia.es\/secretariacpifp\/files\/2023\/06\/Correo-300x30.png 300w\" sizes=\"(max-width: 313px) 100vw, 313px\" \/><\/span><\/p>\t\t\t\t\t\t\t\t<\/div>\n\t\t\t\t<\/div>\n\t\t\t\t\t<\/div>\n\t\t<\/div>\n\t\t\t\t\t<\/div>\n\t\t<\/section>\n\t\t\t\t<\/div>\n\t\t","protected":false},"excerpt":{"rendered":"<p>Bienvenidos al Centro P\u00fablico Integrado de Formaci\u00f3n Profesional \u00abAlan Turing\u00bb, especializado en el sector productivo de Inform\u00e1tica y Comunicaciones. En la Secretar\u00eda, tenemos el siguiente horario: Atenci\u00f3n presencial Nos situamos en el Parque Tecnol\u00f3gico&#46;&#46;&#46;<\/p>\n","protected":false},"author":18080,"featured_media":0,"parent":0,"menu_order":0,"comment_status":"closed","ping_status":"closed","template":"page-template-full.php","meta":{"ngg_post_thumbnail":0,"footnotes":""},"aioseo_notices":[],"_links":{"self":[{"href":"https:\/\/blogsaverroes.juntadeandalucia.es\/secretariacpifp\/wp-json\/wp\/v2\/pages\/69"}],"collection":[{"href":"https:\/\/blogsaverroes.juntadeandalucia.es\/secretariacpifp\/wp-json\/wp\/v2\/pages"}],"about":[{"href":"https:\/\/blogsaverroes.juntadeandalucia.es\/secretariacpifp\/wp-json\/wp\/v2\/types\/page"}],"author":[{"embeddable":true,"href":"https:\/\/blogsaverroes.juntadeandalucia.es\/secretariacpifp\/wp-json\/wp\/v2\/users\/18080"}],"replies":[{"embeddable":true,"href":"https:\/\/blogsaverroes.juntadeandalucia.es\/secretariacpifp\/wp-json\/wp\/v2\/comments?post=69"}],"version-history":[{"count":33,"href":"https:\/\/blogsaverroes.juntadeandalucia.es\/secretariacpifp\/wp-json\/wp\/v2\/pages\/69\/revisions"}],"predecessor-version":[{"id":438,"href":"https:\/\/blogsaverroes.juntadeandalucia.es\/secretariacpifp\/wp-json\/wp\/v2\/pages\/69\/revisions\/438"}],"wp:attachment":[{"href":"https:\/\/blogsaverroes.juntadeandalucia.es\/secretariacpifp\/wp-json\/wp\/v2\/media?parent=69"}],"curies":[{"name":"wp","href":"https:\/\/api.w.org\/{rel}","templated":true}]}}