{"id":20,"date":"2021-09-27T15:31:40","date_gmt":"2021-09-27T15:31:40","guid":{"rendered":"https:\/\/blogsaverroes.juntadeandalucia.es\/tutorialesseneca\/?page_id=20"},"modified":"2023-10-28T18:55:08","modified_gmt":"2023-10-28T18:55:08","slug":"el-cuaderno-de-clase","status":"publish","type":"page","link":"https:\/\/blogsaverroes.juntadeandalucia.es\/senecaprofesorado\/el-cuaderno-de-clase\/","title":{"rendered":"Configuraci\u00f3n del cuaderno"},"content":{"rendered":"<h3 style=\"text-align: justify\"><strong><em>Par\u00e1metros<\/em><\/strong><\/h3>\n<p><img loading=\"lazy\" decoding=\"async\" class=\"aligncenter size-full wp-image-473\" src=\"https:\/\/blogsaverroes.juntadeandalucia.es\/senecaprofesorado\/files\/2023\/10\/Captura-de-Pantalla-2023-10-28-a-las-20.51.14.png\" alt=\"Par\u00e1metros cuaderno clase\" width=\"1202\" height=\"567\" srcset=\"https:\/\/blogsaverroes.juntadeandalucia.es\/senecaprofesorado\/files\/2023\/10\/Captura-de-Pantalla-2023-10-28-a-las-20.51.14.png 1202w, https:\/\/blogsaverroes.juntadeandalucia.es\/senecaprofesorado\/files\/2023\/10\/Captura-de-Pantalla-2023-10-28-a-las-20.51.14-300x142.png 300w, https:\/\/blogsaverroes.juntadeandalucia.es\/senecaprofesorado\/files\/2023\/10\/Captura-de-Pantalla-2023-10-28-a-las-20.51.14-1024x483.png 1024w, https:\/\/blogsaverroes.juntadeandalucia.es\/senecaprofesorado\/files\/2023\/10\/Captura-de-Pantalla-2023-10-28-a-las-20.51.14-768x362.png 768w\" sizes=\"(max-width: 1202px) 100vw, 1202px\" \/><\/p>\n<div class=\"no-overflow\">\n<div class=\"editor-indent\" style=\"text-align: justify\">\n<p dir=\"ltr\">En este apartado es donde se configura el Cuaderno de Clase. Encontramos tres pesta\u00f1as:&nbsp;<strong>Categor\u00edas evaluables<\/strong>,&nbsp;<strong>Modelo de calificaci\u00f3n<\/strong>&nbsp;y&nbsp;<strong>Actitud<\/strong>.<\/p>\n<div class=\"editor-indent\">\n<p dir=\"ltr\"><strong>A. Categor\u00edas evaluables<\/strong><\/p>\n<p dir=\"ltr\">Las categor\u00edas no son m\u00e1s que clasificadores o continentes en los que vamos a organizar nuestras actividades evaluables. Por tanto podemos definirlas como cada docente prefiera. Hay quien elige definirlas con respecto a las SdA, con respecto a los bloques de contenidos, con respecto a las destrezas en el caso de las lenguas, con respecto a la tipolog\u00eda de instrumentos, etc. Pero lo que nos debe quedar claro es que <strong>las categor\u00edas no son elementos ponderables ni calificables.<\/strong><\/p>\n<p dir=\"ltr\">Aunque ya no es imprescindible definirlas como diarias, es interesante seguir haci\u00e9ndolo as\u00ed, pues nos permite incluir en ellas actividades evaluables que voy a calificar en m\u00e1s de una ocasi\u00f3n, como es el caso de aquellas que son registros de observaci\u00f3n.<\/p>\n<div class=\"editor-indent\">\n<p dir=\"ltr\"><strong>B. Actitud y comentarios<\/strong><\/p>\n<\/div>\n<p dir=\"ltr\">En este apartado del Cuaderno de clase se puede recoger informaci\u00f3n del alumnado referida al desarrollo de las clases y que podemos dejar registrada \u00fanicamente para el docente o compartirla con las familias a trav\u00e9s de Pasen. En este \u00faltimo caso, debemos activar esta opci\u00f3n cada convocatoria. Es una opci\u00f3n que, junto a las Observaciones y las Comunicaciones, viene a complementar la recogida de informaci\u00f3n del alumnado y su traslado a las familias.<\/p>\n<p dir=\"ltr\"><strong>C. Modelo de calificaci\u00f3n<\/strong><\/p>\n<p id=\"yui_3_17_2_1_1633526739209_48\" dir=\"ltr\">La configuraci\u00f3n de los modelos de calificaci\u00f3n ha desaparecido para las ense\u00f1anzas que siguen una evaluaci\u00f3n criterial, permaneciendo solo en Educaci\u00f3n infantil, y en aquellas areas\/materias para las que no tienen su curr\u00edculo cargado en S\u00e9neca.<\/p>\n<p dir=\"ltr\">&nbsp;<\/p>\n<\/div>\n<\/div>\n<div class=\"video-container\"><iframe loading=\"lazy\" src=\"\/\/www.youtube.com\/embed\/jbbV1d-lkxk?list=PLyWm81iwKpAfdNAEHPx8UsqGaKsuE_6oX\" width=\"560\" height=\"314\"><\/iframe><\/div>\n<div class=\"video-container\"><iframe loading=\"lazy\" src=\"\/\/www.youtube.com\/embed\/x_dn7vgniUc?list=PLyWm81iwKpAfdNAEHPx8UsqGaKsuE_6oX\" width=\"560\" height=\"314\"><\/iframe><\/div>\n<div class=\"no-overflow\">\n<div class=\"video-container\">&nbsp;<\/div>\n<\/div>\n<\/div>\n","protected":false},"excerpt":{"rendered":"<p>Par\u00e1metros En este apartado es donde se configura el Cuaderno de Clase. Encontramos tres pesta\u00f1as:&nbsp;Categor\u00edas evaluables,&nbsp;Modelo de calificaci\u00f3n&nbsp;y&nbsp;Actitud. A. Categor\u00edas evaluables Las categor\u00edas no son m\u00e1s que clasificadores o continentes en los que vamos a organizar nuestras actividades evaluables. Por tanto podemos definirlas como cada docente prefiera. Hay quien elige definirlas con respecto a las [&hellip;]<\/p>\n","protected":false},"author":5320,"featured_media":0,"parent":0,"menu_order":0,"comment_status":"closed","ping_status":"closed","template":"templates\/template-page-full-width.php","meta":{"ngg_post_thumbnail":0,"footnotes":""},"aioseo_notices":[],"_links":{"self":[{"href":"https:\/\/blogsaverroes.juntadeandalucia.es\/senecaprofesorado\/wp-json\/wp\/v2\/pages\/20"}],"collection":[{"href":"https:\/\/blogsaverroes.juntadeandalucia.es\/senecaprofesorado\/wp-json\/wp\/v2\/pages"}],"about":[{"href":"https:\/\/blogsaverroes.juntadeandalucia.es\/senecaprofesorado\/wp-json\/wp\/v2\/types\/page"}],"author":[{"embeddable":true,"href":"https:\/\/blogsaverroes.juntadeandalucia.es\/senecaprofesorado\/wp-json\/wp\/v2\/users\/5320"}],"replies":[{"embeddable":true,"href":"https:\/\/blogsaverroes.juntadeandalucia.es\/senecaprofesorado\/wp-json\/wp\/v2\/comments?post=20"}],"version-history":[{"count":20,"href":"https:\/\/blogsaverroes.juntadeandalucia.es\/senecaprofesorado\/wp-json\/wp\/v2\/pages\/20\/revisions"}],"predecessor-version":[{"id":474,"href":"https:\/\/blogsaverroes.juntadeandalucia.es\/senecaprofesorado\/wp-json\/wp\/v2\/pages\/20\/revisions\/474"}],"wp:attachment":[{"href":"https:\/\/blogsaverroes.juntadeandalucia.es\/senecaprofesorado\/wp-json\/wp\/v2\/media?parent=20"}],"curies":[{"name":"wp","href":"https:\/\/api.w.org\/{rel}","templated":true}]}}