{"id":218,"date":"2021-11-24T16:10:18","date_gmt":"2021-11-24T16:10:18","guid":{"rendered":"https:\/\/blogsaverroes.juntadeandalucia.es\/senecaprofesorado\/?page_id=218"},"modified":"2021-12-01T15:22:18","modified_gmt":"2021-12-01T15:22:18","slug":"mensajeria-interna","status":"publish","type":"page","link":"https:\/\/blogsaverroes.juntadeandalucia.es\/senecaprofesorado\/mensajeria-interna\/","title":{"rendered":"Mensajer\u00eda interna"},"content":{"rendered":"<div class=\"page\" title=\"Page 13\">\n<div class=\"layoutArea\">\n<div class=\"column\">\n<h3><em>Mensajer\u00eda en S\u00e9neca Web<\/em><\/h3>\n<p>Estas opciones de comunicacio\u0301n permiten enviar mensajes escritos de forma inmediata a usuarios de la plataforma de manera individualizada, es decir, el receptor recibira\u0301 personalmente el mensaje; y los recibira\u0301 de otros usuarios. La plataforma tambie\u0301n ofrece la posibilidad de enviar el mismo mensaje a todo un colectivo del mismo a\u0301mbito (profesores, alumnado y tutores legales, por ejemplo) con ayuda de la lista de contactos.<\/p>\n<p>Las nuevas actualizaciones introducidas en este m\u00f3dulo nos permiten programar el env\u00edo de mensajes, elaborar listas de contactos personalizadas, clasificar nuestro correo con etiquetas as\u00ed como filtrar nuestras b\u00fasquedas.<\/p>\n<div class=\"video-container\"><iframe loading=\"lazy\" src=\"\/\/www.youtube.com\/embed\/gVCxEGvkXC0\" width=\"560\" height=\"314\"><\/iframe><\/div>\n<h3>&nbsp;<\/h3>\n<h3><em>Mensajer\u00eda en IS\u00e9neca<\/em><\/h3>\n<div class=\"video-container\">\n<p><iframe loading=\"lazy\" src=\"\/\/www.youtube.com\/embed\/zsmPVx1a3EU\" width=\"560\" height=\"314\">&nbsp;<\/p>\n<p><\/iframe><\/p>\n<\/div>\n<\/div>\n<\/div>\n<\/div>\n","protected":false},"excerpt":{"rendered":"<p>Mensajer\u00eda en S\u00e9neca Web Estas opciones de comunicacio\u0301n permiten enviar mensajes escritos de forma inmediata a usuarios de la plataforma de manera individualizada, es decir, el receptor recibira\u0301 personalmente el mensaje; y los recibira\u0301 de otros usuarios. La plataforma tambie\u0301n ofrece la posibilidad de enviar el mismo mensaje a todo un colectivo del mismo a\u0301mbito [&hellip;]<\/p>\n","protected":false},"author":5320,"featured_media":0,"parent":0,"menu_order":0,"comment_status":"closed","ping_status":"closed","template":"templates\/template-page-full-width.php","meta":{"ngg_post_thumbnail":0,"footnotes":""},"aioseo_notices":[],"_links":{"self":[{"href":"https:\/\/blogsaverroes.juntadeandalucia.es\/senecaprofesorado\/wp-json\/wp\/v2\/pages\/218"}],"collection":[{"href":"https:\/\/blogsaverroes.juntadeandalucia.es\/senecaprofesorado\/wp-json\/wp\/v2\/pages"}],"about":[{"href":"https:\/\/blogsaverroes.juntadeandalucia.es\/senecaprofesorado\/wp-json\/wp\/v2\/types\/page"}],"author":[{"embeddable":true,"href":"https:\/\/blogsaverroes.juntadeandalucia.es\/senecaprofesorado\/wp-json\/wp\/v2\/users\/5320"}],"replies":[{"embeddable":true,"href":"https:\/\/blogsaverroes.juntadeandalucia.es\/senecaprofesorado\/wp-json\/wp\/v2\/comments?post=218"}],"version-history":[{"count":8,"href":"https:\/\/blogsaverroes.juntadeandalucia.es\/senecaprofesorado\/wp-json\/wp\/v2\/pages\/218\/revisions"}],"predecessor-version":[{"id":293,"href":"https:\/\/blogsaverroes.juntadeandalucia.es\/senecaprofesorado\/wp-json\/wp\/v2\/pages\/218\/revisions\/293"}],"wp:attachment":[{"href":"https:\/\/blogsaverroes.juntadeandalucia.es\/senecaprofesorado\/wp-json\/wp\/v2\/media?parent=218"}],"curies":[{"name":"wp","href":"https:\/\/api.w.org\/{rel}","templated":true}]}}