{"id":23,"date":"2021-09-27T15:32:59","date_gmt":"2021-09-27T15:32:59","guid":{"rendered":"https:\/\/blogsaverroes.juntadeandalucia.es\/tutorialesseneca\/?page_id=23"},"modified":"2023-10-28T19:24:00","modified_gmt":"2023-10-28T19:24:00","slug":"evaluar-con-el-cuaderno","status":"publish","type":"page","link":"https:\/\/blogsaverroes.juntadeandalucia.es\/senecaprofesorado\/evaluar-con-el-cuaderno\/","title":{"rendered":"Calificar con el cuaderno"},"content":{"rendered":"<h4 style=\"text-align: justify\"><em>Calificar con el Cuaderno<\/em><\/h4>\n<p><img loading=\"lazy\" decoding=\"async\" class=\"aligncenter size-full wp-image-479\" src=\"https:\/\/blogsaverroes.juntadeandalucia.es\/senecaprofesorado\/files\/2023\/10\/Captura-de-Pantalla-2023-10-28-a-las-21.09.41.png\" alt=\"Calificar cuaderno\" width=\"1202\" height=\"567\" srcset=\"https:\/\/blogsaverroes.juntadeandalucia.es\/senecaprofesorado\/files\/2023\/10\/Captura-de-Pantalla-2023-10-28-a-las-21.09.41.png 1202w, https:\/\/blogsaverroes.juntadeandalucia.es\/senecaprofesorado\/files\/2023\/10\/Captura-de-Pantalla-2023-10-28-a-las-21.09.41-300x142.png 300w, https:\/\/blogsaverroes.juntadeandalucia.es\/senecaprofesorado\/files\/2023\/10\/Captura-de-Pantalla-2023-10-28-a-las-21.09.41-1024x483.png 1024w, https:\/\/blogsaverroes.juntadeandalucia.es\/senecaprofesorado\/files\/2023\/10\/Captura-de-Pantalla-2023-10-28-a-las-21.09.41-768x362.png 768w\" sizes=\"(max-width: 1202px) 100vw, 1202px\" \/><\/p>\n<p><img loading=\"lazy\" decoding=\"async\" class=\"aligncenter size-full wp-image-480\" src=\"https:\/\/blogsaverroes.juntadeandalucia.es\/senecaprofesorado\/files\/2023\/10\/Captura-de-Pantalla-2023-10-28-a-las-21.12.08.png\" alt=\"Actividades diarias\" width=\"1202\" height=\"567\" srcset=\"https:\/\/blogsaverroes.juntadeandalucia.es\/senecaprofesorado\/files\/2023\/10\/Captura-de-Pantalla-2023-10-28-a-las-21.12.08.png 1202w, https:\/\/blogsaverroes.juntadeandalucia.es\/senecaprofesorado\/files\/2023\/10\/Captura-de-Pantalla-2023-10-28-a-las-21.12.08-300x142.png 300w, https:\/\/blogsaverroes.juntadeandalucia.es\/senecaprofesorado\/files\/2023\/10\/Captura-de-Pantalla-2023-10-28-a-las-21.12.08-1024x483.png 1024w, https:\/\/blogsaverroes.juntadeandalucia.es\/senecaprofesorado\/files\/2023\/10\/Captura-de-Pantalla-2023-10-28-a-las-21.12.08-768x362.png 768w\" sizes=\"(max-width: 1202px) 100vw, 1202px\" \/><\/p>\n<p>&nbsp;<\/p>\n<p style=\"text-align: justify\">Aunque la calificaci\u00f3n de las actividades evaluables del Cuaderno de clase se puede realizar tanto en la versi\u00f3n web como en la app iS\u00e9neca, suele ser esta \u00faltima m\u00e1s vers\u00e1til para este proceso.<\/p>\n<h4 style=\"text-align: justify\"><em>Calificar en S\u00e9neca web<\/em><\/h4>\n<div class=\"no-overflow\" style=\"text-align: justify\">\n<p dir=\"ltr\">En este videotutorial se muestra c\u00f3mo realizar el proceso de calificaci\u00f3n en la versi\u00f3n web de S\u00e9neca.&nbsp;<\/p>\n<div class=\"video-container\"><iframe loading=\"lazy\" src=\"\/\/www.youtube.com\/embed\/7_PX1y5ZV30?si=RjCd3Aw9tyO7SjEl&amp;start=960\" width=\"562\" height=\"315\" frameborder=\"0\"><\/iframe><\/div>\n<div>&nbsp;<\/div>\n<h4><em>Calificar con iS\u00e9neca (app)<\/em><\/h4>\n<div class=\"no-overflow\">\n<p dir=\"ltr\">En este videotutorial se muestra c\u00f3mo realizar este proceso con la aplicaci\u00f3n iS\u00e9neca.&nbsp;<\/p>\n<div class=\"video-container\"><iframe loading=\"lazy\" src=\"\/\/www.youtube.com\/embed\/lWa0e3dZFaM?list=PLyWm81iwKpAfdNAEHPx8UsqGaKsuE_6oX\" width=\"560\" height=\"314\"><\/iframe><\/div>\n<h3><em>Resumen del Cuaderno y t<\/em><em>raspaso de las calificaciones del Cuaderno al M\u00f3dulo de curr\u00edculo por competencias<\/em><\/h3>\n<div class=\"no-overflow\">\n<p dir=\"ltr\">El Resumen del Cuaderno nos va a permitir tener una visi\u00f3n general de todas las calificaciones de una determinada convocatoria (evaluaci\u00f3n). Esta pantalla no es editable de modo general, aunque s\u00ed podremos hacerlo entrando en cada alumno\/a a trav\u00e9s de sus <em>Actividades diarias<\/em>, como veremos en&nbsp;en el siguiente videotutorial.&nbsp;<\/p>\n<p dir=\"ltr\">Cuando se califican actividades evaluables del Cuaderno a las que se han asociado criterios, las calificaciones \u201cviajan\u201d al M\u00f3dulo de curr\u00edculo por competencias, donde se les aplica a esos criterios\/indicadores su correspondiente peso o porcentaje que determinar\u00e1 la propuesta de evaluaci\u00f3n del alumnado, como ya vimos en la <strong>Visi\u00f3n global por \u00e1rea\/materia<\/strong>.&nbsp;<\/p>\n<p dir=\"ltr\">Esta consulta s\u00f3lo es posible hacerla en la versi\u00f3n web de S\u00e9neca.<\/p>\n<p>&nbsp;<\/p>\n<div class=\"video-container\"><iframe loading=\"lazy\" src=\"\/\/www.youtube.com\/embed\/fDLz90FZvl8\" width=\"560\" height=\"314\"><\/iframe><\/div>\n<div>&nbsp;<\/div>\n<h3><em>Documentos<\/em><\/h3>\n<p><img loading=\"lazy\" decoding=\"async\" class=\"aligncenter size-full wp-image-481\" src=\"https:\/\/blogsaverroes.juntadeandalucia.es\/senecaprofesorado\/files\/2023\/10\/Captura-de-Pantalla-2023-10-28-a-las-21.14.44.png\" alt=\"Documentos cuaderno\" width=\"1202\" height=\"567\" srcset=\"https:\/\/blogsaverroes.juntadeandalucia.es\/senecaprofesorado\/files\/2023\/10\/Captura-de-Pantalla-2023-10-28-a-las-21.14.44.png 1202w, https:\/\/blogsaverroes.juntadeandalucia.es\/senecaprofesorado\/files\/2023\/10\/Captura-de-Pantalla-2023-10-28-a-las-21.14.44-300x142.png 300w, https:\/\/blogsaverroes.juntadeandalucia.es\/senecaprofesorado\/files\/2023\/10\/Captura-de-Pantalla-2023-10-28-a-las-21.14.44-1024x483.png 1024w, https:\/\/blogsaverroes.juntadeandalucia.es\/senecaprofesorado\/files\/2023\/10\/Captura-de-Pantalla-2023-10-28-a-las-21.14.44-768x362.png 768w\" sizes=\"(max-width: 1202px) 100vw, 1202px\" \/><\/p>\n<div class=\"video-container\"><iframe loading=\"lazy\" src=\"\/\/www.youtube.com\/embed\/7_PX1y5ZV30?si=RjCd3Aw9tyO7SjEl&amp;start=1527\" width=\"560\" height=\"315\" frameborder=\"0\"><\/iframe><\/div>\n<\/div>\n<\/div>\n<\/div>\n","protected":false},"excerpt":{"rendered":"<p>Calificar con el Cuaderno &nbsp; Aunque la calificaci\u00f3n de las actividades evaluables del Cuaderno de clase se puede realizar tanto en la versi\u00f3n web como en la app iS\u00e9neca, suele ser esta \u00faltima m\u00e1s vers\u00e1til para este proceso. Calificar en S\u00e9neca web En este videotutorial se muestra c\u00f3mo realizar el proceso de calificaci\u00f3n en la [&hellip;]<\/p>\n","protected":false},"author":5320,"featured_media":0,"parent":0,"menu_order":0,"comment_status":"closed","ping_status":"closed","template":"templates\/template-page-full-width.php","meta":{"ngg_post_thumbnail":0,"footnotes":""},"aioseo_notices":[],"_links":{"self":[{"href":"https:\/\/blogsaverroes.juntadeandalucia.es\/senecaprofesorado\/wp-json\/wp\/v2\/pages\/23"}],"collection":[{"href":"https:\/\/blogsaverroes.juntadeandalucia.es\/senecaprofesorado\/wp-json\/wp\/v2\/pages"}],"about":[{"href":"https:\/\/blogsaverroes.juntadeandalucia.es\/senecaprofesorado\/wp-json\/wp\/v2\/types\/page"}],"author":[{"embeddable":true,"href":"https:\/\/blogsaverroes.juntadeandalucia.es\/senecaprofesorado\/wp-json\/wp\/v2\/users\/5320"}],"replies":[{"embeddable":true,"href":"https:\/\/blogsaverroes.juntadeandalucia.es\/senecaprofesorado\/wp-json\/wp\/v2\/comments?post=23"}],"version-history":[{"count":13,"href":"https:\/\/blogsaverroes.juntadeandalucia.es\/senecaprofesorado\/wp-json\/wp\/v2\/pages\/23\/revisions"}],"predecessor-version":[{"id":484,"href":"https:\/\/blogsaverroes.juntadeandalucia.es\/senecaprofesorado\/wp-json\/wp\/v2\/pages\/23\/revisions\/484"}],"wp:attachment":[{"href":"https:\/\/blogsaverroes.juntadeandalucia.es\/senecaprofesorado\/wp-json\/wp\/v2\/media?parent=23"}],"curies":[{"name":"wp","href":"https:\/\/api.w.org\/{rel}","templated":true}]}}