{"id":25,"date":"2021-09-27T15:33:55","date_gmt":"2021-09-27T15:33:55","guid":{"rendered":"https:\/\/blogsaverroes.juntadeandalucia.es\/tutorialesseneca\/?page_id=25"},"modified":"2021-11-22T18:55:40","modified_gmt":"2021-11-22T18:55:40","slug":"generacion-de-documentos","status":"publish","type":"page","link":"https:\/\/blogsaverroes.juntadeandalucia.es\/senecaprofesorado\/generacion-de-documentos\/","title":{"rendered":"Generaci\u00f3n de documentos"},"content":{"rendered":"<p dir=\"ltr\">Se muestran a continuaci\u00f3n una sucesi\u00f3n de documentos que se pueden extraer de S\u00e9neca y que facilitan la informaci\u00f3n y la gesti\u00f3n de informaci\u00f3n relativa a la programaci\u00f3n, la evaluaci\u00f3n y la evoluci\u00f3n acad\u00e9mica del alumnado, a fin de informar a las familias y ejercer la labor tutorial y docente.&nbsp;Se distinguen aquellos a los que se puede acceder si el docente es tutor\/a o no lo es.<\/p>\n<p dir=\"ltr\">Habitualmente, todos estos documentos se pueden exportar en varios formatos, como se muestra en esta imagen:&nbsp;<\/p>\n<p><img loading=\"lazy\" decoding=\"async\" class=\"alignnone size-full wp-image-192\" src=\"https:\/\/blogsaverroes.juntadeandalucia.es\/senecaprofesorado\/files\/2021\/11\/Mod6_im_1.png\" alt=\"Generaci\u00f3n de documentos\" width=\"984\" height=\"542\" srcset=\"https:\/\/blogsaverroes.juntadeandalucia.es\/senecaprofesorado\/files\/2021\/11\/Mod6_im_1.png 984w, https:\/\/blogsaverroes.juntadeandalucia.es\/senecaprofesorado\/files\/2021\/11\/Mod6_im_1-300x165.png 300w, https:\/\/blogsaverroes.juntadeandalucia.es\/senecaprofesorado\/files\/2021\/11\/Mod6_im_1-768x423.png 768w\" sizes=\"(max-width: 984px) 100vw, 984px\" \/><\/p>\n<h3><em>Perfil profesorado. No es tutor\/a<\/em><\/h3>\n<div class=\"no-overflow\">\n<p dir=\"ltr\"><strong>Ruta de acceso: Alumnado\/Alumnado\/Seguimiento acad\u00e9mico\/Mis alumnos\/as. Datos del alumno\/a<\/strong><em>. <\/em>Actividades evaluables, mis observaciones, observaciones compartidas, notas de evaluaci\u00f3n\u2026 entre otros datos.<\/p>\n<p dir=\"ltr\">Desde esta ruta se puede acceder a todos los datos del men\u00fa que se despliega cuando pinchamos en un alumno\/a.<\/p>\n<p dir=\"ltr\"><img loading=\"lazy\" decoding=\"async\" class=\"alignnone size-full wp-image-194\" src=\"https:\/\/blogsaverroes.juntadeandalucia.es\/senecaprofesorado\/files\/2021\/11\/Mod6_im_2.png\" alt=\"Datos del alumno\" width=\"984\" height=\"542\" srcset=\"https:\/\/blogsaverroes.juntadeandalucia.es\/senecaprofesorado\/files\/2021\/11\/Mod6_im_2.png 984w, https:\/\/blogsaverroes.juntadeandalucia.es\/senecaprofesorado\/files\/2021\/11\/Mod6_im_2-300x165.png 300w, https:\/\/blogsaverroes.juntadeandalucia.es\/senecaprofesorado\/files\/2021\/11\/Mod6_im_2-768x423.png 768w\" sizes=\"(max-width: 984px) 100vw, 984px\" \/><\/p>\n<p dir=\"ltr\"><strong>Ruta de acceso: Utilidades\/Documentos\/Alumnado\/Seguimiento acad\u00e9mico.<\/strong> Desde el \u00e1rbol de documentos de S\u00e9neca se pueden extraer informes de evaluaci\u00f3n del Cuaderno de clase, en la ruta que se muestra en la imagen.<\/p>\n<p dir=\"ltr\"><img loading=\"lazy\" decoding=\"async\" class=\"alignnone size-full wp-image-195\" src=\"https:\/\/blogsaverroes.juntadeandalucia.es\/senecaprofesorado\/files\/2021\/11\/Mod6_im_3.png\" alt=\"Documentos que se pueden pedir\" width=\"984\" height=\"542\" srcset=\"https:\/\/blogsaverroes.juntadeandalucia.es\/senecaprofesorado\/files\/2021\/11\/Mod6_im_3.png 984w, https:\/\/blogsaverroes.juntadeandalucia.es\/senecaprofesorado\/files\/2021\/11\/Mod6_im_3-300x165.png 300w, https:\/\/blogsaverroes.juntadeandalucia.es\/senecaprofesorado\/files\/2021\/11\/Mod6_im_3-768x423.png 768w\" sizes=\"(max-width: 984px) 100vw, 984px\" \/><\/p>\n<p dir=\"ltr\"><strong>Ruta de acceso: Utilidades\/Documentos\/Alumnado\/Evaluaci\u00f3n.<\/strong> Todos los documentos del m\u00f3dulo de curr\u00edculo por competencias son igualmente exportables desde la ruta que se muestra del \u00e1rbol de documentos de S\u00e9neca.<\/p>\n<\/div>\n<p><img loading=\"lazy\" decoding=\"async\" class=\"alignnone size-full wp-image-196\" src=\"https:\/\/blogsaverroes.juntadeandalucia.es\/senecaprofesorado\/files\/2021\/11\/Mod6_im_4.png\" alt=\"Documentos curriculo por competencias\" width=\"984\" height=\"559\" srcset=\"https:\/\/blogsaverroes.juntadeandalucia.es\/senecaprofesorado\/files\/2021\/11\/Mod6_im_4.png 984w, https:\/\/blogsaverroes.juntadeandalucia.es\/senecaprofesorado\/files\/2021\/11\/Mod6_im_4-300x170.png 300w, https:\/\/blogsaverroes.juntadeandalucia.es\/senecaprofesorado\/files\/2021\/11\/Mod6_im_4-768x436.png 768w\" sizes=\"(max-width: 984px) 100vw, 984px\" \/><\/p>\n<h3 id=\"yui_3_17_2_1_1637607033116_39\"><em>Perfil profesorado. Como tutor\/a<\/em><\/h3>\n<div class=\"no-overflow\">\n<p dir=\"ltr\"><em>Visualizaci\u00f3n de calificaciones por convocatoria.<\/em> Para ejercer la labor tutorial es de gran ayuda el acceso a las calificaciones de todas las materias por convocatorias, pudiendo hacerlo en modo visualizaci\u00f3n o edici\u00f3n y visualizando informaci\u00f3n como porcentajes de aprobados por materias y media de las calificaciones por alumno\/a. En la ruta que se muestra en la imagen est\u00e1 accesible con perfil de direcci\u00f3n y profesorado que ejerza la labor de tutor\/a. El coloreador de calificaciones est\u00e1 disponible como una extensi\u00f3n del navegador.<\/p>\n<p dir=\"ltr\"><img loading=\"lazy\" decoding=\"async\" class=\"alignnone size-full wp-image-197\" src=\"https:\/\/blogsaverroes.juntadeandalucia.es\/senecaprofesorado\/files\/2021\/11\/Mod6_im_5.png\" alt=\"Visi\u00f3n notas tutor\" width=\"984\" height=\"527\" srcset=\"https:\/\/blogsaverroes.juntadeandalucia.es\/senecaprofesorado\/files\/2021\/11\/Mod6_im_5.png 984w, https:\/\/blogsaverroes.juntadeandalucia.es\/senecaprofesorado\/files\/2021\/11\/Mod6_im_5-300x161.png 300w, https:\/\/blogsaverroes.juntadeandalucia.es\/senecaprofesorado\/files\/2021\/11\/Mod6_im_5-768x411.png 768w\" sizes=\"(max-width: 984px) 100vw, 984px\" \/><\/p>\n<p dir=\"ltr\"><strong>Ruta de acceso: Alumnado\/informes.<\/strong> Tanto equipo directivo como tutor\/a pueden acceder al Consejo orientador y al Informe personal, informaci\u00f3n que puede ser muy \u00fatil para la evaluaci\u00f3n inicial.<\/p>\n<p dir=\"ltr\"><img loading=\"lazy\" decoding=\"async\" class=\"alignnone size-full wp-image-198\" src=\"https:\/\/blogsaverroes.juntadeandalucia.es\/senecaprofesorado\/files\/2021\/11\/Mod6_im_6.png\" alt=\"Informe personal\" width=\"984\" height=\"432\" srcset=\"https:\/\/blogsaverroes.juntadeandalucia.es\/senecaprofesorado\/files\/2021\/11\/Mod6_im_6.png 984w, https:\/\/blogsaverroes.juntadeandalucia.es\/senecaprofesorado\/files\/2021\/11\/Mod6_im_6-300x132.png 300w, https:\/\/blogsaverroes.juntadeandalucia.es\/senecaprofesorado\/files\/2021\/11\/Mod6_im_6-768x337.png 768w\" sizes=\"(max-width: 984px) 100vw, 984px\" \/><\/p>\n<p dir=\"ltr\"><strong>Ruta de acceso: Alumnado\/Evaluaci\u00f3n\/Informaci\u00f3n sobre la evoluci\u00f3n educativa.<\/strong> Igualmente, con perfil directivo y profesorado que sea tutor\/a, se puede acceder al Informe oficial de evaluaci\u00f3n y Expediente electr\u00f3nico del alumnado.<\/p>\n<p dir=\"ltr\"><img loading=\"lazy\" decoding=\"async\" class=\"alignnone size-full wp-image-199\" src=\"https:\/\/blogsaverroes.juntadeandalucia.es\/senecaprofesorado\/files\/2021\/11\/Mod6_im_7.png\" alt=\"\" width=\"984\" height=\"551\" srcset=\"https:\/\/blogsaverroes.juntadeandalucia.es\/senecaprofesorado\/files\/2021\/11\/Mod6_im_7.png 984w, https:\/\/blogsaverroes.juntadeandalucia.es\/senecaprofesorado\/files\/2021\/11\/Mod6_im_7-300x168.png 300w, https:\/\/blogsaverroes.juntadeandalucia.es\/senecaprofesorado\/files\/2021\/11\/Mod6_im_7-768x430.png 768w\" sizes=\"(max-width: 984px) 100vw, 984px\" \/><\/p>\n<\/div>\n","protected":false},"excerpt":{"rendered":"<p>Se muestran a continuaci\u00f3n una sucesi\u00f3n de documentos que se pueden extraer de S\u00e9neca y que facilitan la informaci\u00f3n y la gesti\u00f3n de informaci\u00f3n relativa a la programaci\u00f3n, la evaluaci\u00f3n y la evoluci\u00f3n acad\u00e9mica del alumnado, a fin de informar a las familias y ejercer la labor tutorial y docente.&nbsp;Se distinguen aquellos a los que [&hellip;]<\/p>\n","protected":false},"author":5320,"featured_media":0,"parent":0,"menu_order":0,"comment_status":"closed","ping_status":"closed","template":"templates\/template-page-full-width.php","meta":{"ngg_post_thumbnail":0,"footnotes":""},"aioseo_notices":[],"_links":{"self":[{"href":"https:\/\/blogsaverroes.juntadeandalucia.es\/senecaprofesorado\/wp-json\/wp\/v2\/pages\/25"}],"collection":[{"href":"https:\/\/blogsaverroes.juntadeandalucia.es\/senecaprofesorado\/wp-json\/wp\/v2\/pages"}],"about":[{"href":"https:\/\/blogsaverroes.juntadeandalucia.es\/senecaprofesorado\/wp-json\/wp\/v2\/types\/page"}],"author":[{"embeddable":true,"href":"https:\/\/blogsaverroes.juntadeandalucia.es\/senecaprofesorado\/wp-json\/wp\/v2\/users\/5320"}],"replies":[{"embeddable":true,"href":"https:\/\/blogsaverroes.juntadeandalucia.es\/senecaprofesorado\/wp-json\/wp\/v2\/comments?post=25"}],"version-history":[{"count":2,"href":"https:\/\/blogsaverroes.juntadeandalucia.es\/senecaprofesorado\/wp-json\/wp\/v2\/pages\/25\/revisions"}],"predecessor-version":[{"id":200,"href":"https:\/\/blogsaverroes.juntadeandalucia.es\/senecaprofesorado\/wp-json\/wp\/v2\/pages\/25\/revisions\/200"}],"wp:attachment":[{"href":"https:\/\/blogsaverroes.juntadeandalucia.es\/senecaprofesorado\/wp-json\/wp\/v2\/media?parent=25"}],"curies":[{"name":"wp","href":"https:\/\/api.w.org\/{rel}","templated":true}]}}