{"id":372,"date":"2021-12-21T09:20:27","date_gmt":"2021-12-21T09:20:27","guid":{"rendered":"https:\/\/blogsaverroes.juntadeandalucia.es\/senecaprofesorado\/?page_id=372"},"modified":"2023-10-28T19:58:59","modified_gmt":"2023-10-28T19:58:59","slug":"actividades-evaluables","status":"publish","type":"page","link":"https:\/\/blogsaverroes.juntadeandalucia.es\/senecaprofesorado\/actividades-evaluables\/","title":{"rendered":"Actividades evaluables"},"content":{"rendered":"<h3 style=\"text-align: justify\"><em><strong>Creaci\u00f3n de actividades evaluables<\/strong><\/em><\/h3>\n<p><img loading=\"lazy\" decoding=\"async\" class=\"aligncenter size-full wp-image-475\" src=\"https:\/\/blogsaverroes.juntadeandalucia.es\/senecaprofesorado\/files\/2023\/10\/Captura-de-Pantalla-2023-10-28-a-las-20.58.44.png\" alt=\"Actividades evaluables\" width=\"1202\" height=\"567\" srcset=\"https:\/\/blogsaverroes.juntadeandalucia.es\/senecaprofesorado\/files\/2023\/10\/Captura-de-Pantalla-2023-10-28-a-las-20.58.44.png 1202w, https:\/\/blogsaverroes.juntadeandalucia.es\/senecaprofesorado\/files\/2023\/10\/Captura-de-Pantalla-2023-10-28-a-las-20.58.44-300x142.png 300w, https:\/\/blogsaverroes.juntadeandalucia.es\/senecaprofesorado\/files\/2023\/10\/Captura-de-Pantalla-2023-10-28-a-las-20.58.44-1024x483.png 1024w, https:\/\/blogsaverroes.juntadeandalucia.es\/senecaprofesorado\/files\/2023\/10\/Captura-de-Pantalla-2023-10-28-a-las-20.58.44-768x362.png 768w\" sizes=\"(max-width: 1202px) 100vw, 1202px\" \/><\/p>\n<p dir=\"ltr\">Las&nbsp;<strong>actividades evaluables&nbsp;<\/strong>no&nbsp;<strong>son&nbsp;<\/strong>m\u00e1s que&nbsp;<strong>un medio para calificar nuestro verdadero referente de evaluaci\u00f3n<\/strong>: el criterio de evaluaci\u00f3n. Es la manera de comprobar en qu\u00e9 medida y en qu\u00e9 grado nuestro alumnado ha adquirido lo que se define en el criterio.<\/p>\n<p dir=\"ltr\">Un error com\u00fan es decidir en primer lugar la actividad evaluable que se va a realizar y despu\u00e9s asociar el criterio\/criterios que va a evaluar con ella. La consecuencia es que, en muchas ocasiones, no existe la relaci\u00f3n y conexi\u00f3n estrecha que debe haber entre ambas. Y el instrumento seleccionado no es v\u00e1lido para valorar ese criterio.<\/p>\n<p dir=\"ltr\">Por tanto, para dise\u00f1ar una actividad evaluable nos tenemos que preguntar: \u00bfqu\u00e9 criterio\/s tengo que evaluar? Y partir de estos para seleccionar dicha actividad y el instrumento que voy a utilizar, considerando que este sea v\u00e1lido y \u00fatil para este fin.<\/p>\n<p dir=\"ltr\">Otro error com\u00fan es pretender evaluar muchos criterios con una misma actividad evaluable, sin preguntarnos si realmente es posible saber si el alumno\/a ha adquirido todo ese aprendizaje con una sola actividad.&nbsp;<\/p>\n<div class=\"no-overflow\">\n<div class=\"video-container\"><iframe loading=\"lazy\" src=\"\/\/www.youtube.com\/embed\/7_PX1y5ZV30?si=rSJrrGz0xheZvP4K&amp;start=720\" width=\"560\" height=\"315\" frameborder=\"0\"><\/iframe><\/div>\n<div>&nbsp;<\/div>\n<div>\n<h3 style=\"text-align: justify\"><em><strong>Actividades evaluables en IS\u00e9neca<\/strong><\/em><\/h3>\n<\/div>\n<div class=\"video-container\"><iframe loading=\"lazy\" src=\"\/\/www.youtube.com\/embed\/U_kv4w2OBjA?list=PLyWm81iwKpAfdNAEHPx8UsqGaKsuE_6oX\" width=\"560\" height=\"314\"><\/iframe><\/div>\n<h3>&nbsp;<\/h3>\n<h3 style=\"text-align: justify\"><em><strong>Generaci\u00f3n de actividades evaluables<\/strong><\/em><\/h3>\n<p><img loading=\"lazy\" decoding=\"async\" class=\"aligncenter size-full wp-image-477\" src=\"https:\/\/blogsaverroes.juntadeandalucia.es\/senecaprofesorado\/files\/2023\/10\/Captura-de-Pantalla-2023-10-28-a-las-21.02.49.png\" alt=\"Generaci\u00f3n de actividades\" width=\"1202\" height=\"567\" srcset=\"https:\/\/blogsaverroes.juntadeandalucia.es\/senecaprofesorado\/files\/2023\/10\/Captura-de-Pantalla-2023-10-28-a-las-21.02.49.png 1202w, https:\/\/blogsaverroes.juntadeandalucia.es\/senecaprofesorado\/files\/2023\/10\/Captura-de-Pantalla-2023-10-28-a-las-21.02.49-300x142.png 300w, https:\/\/blogsaverroes.juntadeandalucia.es\/senecaprofesorado\/files\/2023\/10\/Captura-de-Pantalla-2023-10-28-a-las-21.02.49-1024x483.png 1024w, https:\/\/blogsaverroes.juntadeandalucia.es\/senecaprofesorado\/files\/2023\/10\/Captura-de-Pantalla-2023-10-28-a-las-21.02.49-768x362.png 768w\" sizes=\"(max-width: 1202px) 100vw, 1202px\" \/><\/p>\n<p dir=\"ltr\">La generaci\u00f3n de actividades evaluables nos va a permitir copiar masivamente estas de una convocatoria a otra, de un grupo a otro y de un curso acad\u00e9mico a otro; con lo que se puede ahorrar bastante trabajo en este proceso. Tambi\u00e9n podemos recuperar las actividades creadas en las UDIs.<\/p>\n<p id=\"yui_3_17_2_1_1633530020434_43\" dir=\"ltr\">La generaci\u00f3n de actividades evaluables se puede llevar a cabo en la versi\u00f3n web de S\u00e9neca, pero no en la app iS\u00e9neca.<\/p>\n<div class=\"video-container\">\n<iframe loading=\"lazy\" src=\"\/\/www.youtube.com\/embed\/7_PX1y5ZV30?si=rSJrrGz0xheZvP4K&amp;start=563\" width=\"560\" height=\"315\" frameborder=\"0\"><\/iframe><\/p>\n<\/div>\n<\/div>\n","protected":false},"excerpt":{"rendered":"<p>Creaci\u00f3n de actividades evaluables Las&nbsp;actividades evaluables&nbsp;no&nbsp;son&nbsp;m\u00e1s que&nbsp;un medio para calificar nuestro verdadero referente de evaluaci\u00f3n: el criterio de evaluaci\u00f3n. Es la manera de comprobar en qu\u00e9 medida y en qu\u00e9 grado nuestro alumnado ha adquirido lo que se define en el criterio. Un error com\u00fan es decidir en primer lugar la actividad evaluable que se [&hellip;]<\/p>\n","protected":false},"author":5320,"featured_media":0,"parent":0,"menu_order":0,"comment_status":"closed","ping_status":"closed","template":"templates\/template-page-full-width.php","meta":{"ngg_post_thumbnail":0,"footnotes":""},"aioseo_notices":[],"_links":{"self":[{"href":"https:\/\/blogsaverroes.juntadeandalucia.es\/senecaprofesorado\/wp-json\/wp\/v2\/pages\/372"}],"collection":[{"href":"https:\/\/blogsaverroes.juntadeandalucia.es\/senecaprofesorado\/wp-json\/wp\/v2\/pages"}],"about":[{"href":"https:\/\/blogsaverroes.juntadeandalucia.es\/senecaprofesorado\/wp-json\/wp\/v2\/types\/page"}],"author":[{"embeddable":true,"href":"https:\/\/blogsaverroes.juntadeandalucia.es\/senecaprofesorado\/wp-json\/wp\/v2\/users\/5320"}],"replies":[{"embeddable":true,"href":"https:\/\/blogsaverroes.juntadeandalucia.es\/senecaprofesorado\/wp-json\/wp\/v2\/comments?post=372"}],"version-history":[{"count":8,"href":"https:\/\/blogsaverroes.juntadeandalucia.es\/senecaprofesorado\/wp-json\/wp\/v2\/pages\/372\/revisions"}],"predecessor-version":[{"id":492,"href":"https:\/\/blogsaverroes.juntadeandalucia.es\/senecaprofesorado\/wp-json\/wp\/v2\/pages\/372\/revisions\/492"}],"wp:attachment":[{"href":"https:\/\/blogsaverroes.juntadeandalucia.es\/senecaprofesorado\/wp-json\/wp\/v2\/media?parent=372"}],"curies":[{"name":"wp","href":"https:\/\/api.w.org\/{rel}","templated":true}]}}