{"id":97,"date":"2021-09-27T15:19:31","date_gmt":"2021-09-27T15:19:31","guid":{"rendered":"https:\/\/blogsaverroes.juntadeandalucia.es\/tutorialesseneca\/?page_id=11"},"modified":"2023-10-28T18:29:31","modified_gmt":"2023-10-28T18:29:31","slug":"la-programacion-didactica-en-seneca","status":"publish","type":"page","link":"https:\/\/blogsaverroes.juntadeandalucia.es\/senecaprofesorado\/la-programacion-didactica-en-seneca\/","title":{"rendered":"La programaci\u00f3n did\u00e1ctica"},"content":{"rendered":"<h3 id=\"yui_3_17_2_1_1632755822781_39\" style=\"text-align: justify\"><em><strong>Programaciones did\u00e1cticas Configuraci\u00f3n<\/strong><\/em><\/h3>\n<p style=\"text-align: justify\">Antes de comenzar a elaborar la programaci\u00f3n did\u00e1ctica en S\u00e9neca es necesario tener habilitados los perfiles para los docentes, esto se ha explicado en las <a href=\"https:\/\/blogsaverroes.juntadeandalucia.es\/senecaprofesorado\/pasos-previos-definicion-de-convocatorias-carga-de-grupos\/\">configuraciones previas.<\/a><\/p>\n<h3>&nbsp;<em><strong>Aspectos generales de la programaci\u00f3n<\/strong><\/em><\/h3>\n<p>Los elementos de los que debe constar una programaci\u00f3n did\u00e1ctica vienen definidos en la Orden de 30 de mayo de 2023, para secundaria . Conforme a estos se establecen los apartados y secciones de esta parte del aplicativo de S\u00e9neca.<\/p>\n<p><img loading=\"lazy\" decoding=\"async\" class=\"aligncenter size-full wp-image-434\" src=\"https:\/\/blogsaverroes.juntadeandalucia.es\/senecaprofesorado\/files\/2023\/10\/Captura-de-Pantalla-2023-10-28-a-las-13.31.31.png\" alt=\"Aspectos generales programaciones\" width=\"1200\" height=\"561\" srcset=\"https:\/\/blogsaverroes.juntadeandalucia.es\/senecaprofesorado\/files\/2023\/10\/Captura-de-Pantalla-2023-10-28-a-las-13.31.31.png 1200w, https:\/\/blogsaverroes.juntadeandalucia.es\/senecaprofesorado\/files\/2023\/10\/Captura-de-Pantalla-2023-10-28-a-las-13.31.31-300x140.png 300w, https:\/\/blogsaverroes.juntadeandalucia.es\/senecaprofesorado\/files\/2023\/10\/Captura-de-Pantalla-2023-10-28-a-las-13.31.31-1024x479.png 1024w, https:\/\/blogsaverroes.juntadeandalucia.es\/senecaprofesorado\/files\/2023\/10\/Captura-de-Pantalla-2023-10-28-a-las-13.31.31-768x359.png 768w\" sizes=\"(max-width: 1200px) 100vw, 1200px\" \/><\/p>\n<div class=\"video-container\">\n<p><iframe loading=\"lazy\" src=\"\/\/www.youtube.com\/embed\/ZJb_s4CEv1Y?si=7BNWtXnVSTOzinCQ&amp;start=143\" width=\"560\" height=\"315\" frameborder=\"0\"><\/iframe><\/p>\n<\/div>\n<p>&nbsp;<\/p>\n<h3><em><strong>Concreci\u00f3n anual<\/strong><\/em><\/h3>\n<p>&nbsp;<\/p>\n<div class=\"no-overflow\">\n<p dir=\"ltr\"><img loading=\"lazy\" decoding=\"async\" class=\"aligncenter size-full wp-image-435\" src=\"https:\/\/blogsaverroes.juntadeandalucia.es\/senecaprofesorado\/files\/2023\/10\/Captura-de-Pantalla-2023-10-28-a-las-13.47.33.png\" alt=\"Concreci\u00f3n anual programaciones did\u00e1cticas\" width=\"1206\" height=\"562\" srcset=\"https:\/\/blogsaverroes.juntadeandalucia.es\/senecaprofesorado\/files\/2023\/10\/Captura-de-Pantalla-2023-10-28-a-las-13.47.33.png 1206w, https:\/\/blogsaverroes.juntadeandalucia.es\/senecaprofesorado\/files\/2023\/10\/Captura-de-Pantalla-2023-10-28-a-las-13.47.33-300x140.png 300w, https:\/\/blogsaverroes.juntadeandalucia.es\/senecaprofesorado\/files\/2023\/10\/Captura-de-Pantalla-2023-10-28-a-las-13.47.33-1024x477.png 1024w, https:\/\/blogsaverroes.juntadeandalucia.es\/senecaprofesorado\/files\/2023\/10\/Captura-de-Pantalla-2023-10-28-a-las-13.47.33-768x358.png 768w\" sizes=\"(max-width: 1206px) 100vw, 1206px\" \/><\/p>\n<div class=\"video-container\">\n<p><iframe loading=\"lazy\" src=\"\/\/www.youtube.com\/embed\/ZJb_s4CEv1Y?si=rKFAVuSdLB6U0KJH&amp;start=223\" width=\"560\" height=\"315\" frameborder=\"0\"><\/iframe>\n<\/div>\n<p>&nbsp;<\/p>\n<h3><em><strong>Copiar programaciones<\/strong><\/em><\/h3>\n<div class=\"no-overflow\">\n<p dir=\"ltr\">Con esta utilidad se pueden copiar las programaciones did\u00e1cticas de cursos acad\u00e9micos anteriores, para modificar a partir de ellas. Esto est\u00e1 limitado al perfil del que se disponga y si no est\u00e1n bloqueadas (con perfil de direcci\u00f3n). Es importante ser consciente de que cualquier cambio en este elemento puede borrar el trabajo que otros compa\u00f1eros\/as hayan realizado durante el presente curso, por lo que se recomienda hacerlo una vez justo a comienzo del curso y no hacerlo m\u00e1s durante el mismo.<\/p>\n<p><img loading=\"lazy\" decoding=\"async\" class=\"aligncenter size-full wp-image-433\" src=\"https:\/\/blogsaverroes.juntadeandalucia.es\/senecaprofesorado\/files\/2023\/10\/Captura-de-Pantalla-2023-10-28-a-las-13.23.53.png\" alt=\"Copiar Programaciones \" width=\"1211\" height=\"561\" srcset=\"https:\/\/blogsaverroes.juntadeandalucia.es\/senecaprofesorado\/files\/2023\/10\/Captura-de-Pantalla-2023-10-28-a-las-13.23.53.png 1211w, https:\/\/blogsaverroes.juntadeandalucia.es\/senecaprofesorado\/files\/2023\/10\/Captura-de-Pantalla-2023-10-28-a-las-13.23.53-300x139.png 300w, https:\/\/blogsaverroes.juntadeandalucia.es\/senecaprofesorado\/files\/2023\/10\/Captura-de-Pantalla-2023-10-28-a-las-13.23.53-1024x474.png 1024w, https:\/\/blogsaverroes.juntadeandalucia.es\/senecaprofesorado\/files\/2023\/10\/Captura-de-Pantalla-2023-10-28-a-las-13.23.53-768x356.png 768w\" sizes=\"(max-width: 1211px) 100vw, 1211px\" \/><\/p>\n<\/div>\n<div style=\"text-align: center\">\n<div class=\"video-container\">\n<p><iframe loading=\"lazy\" src=\"\/\/www.youtube.com\/embed\/ZJb_s4CEv1Y?si=dOJKOSZGG3Mw_MIO&amp;start=78\" width=\"560\" height=\"315\" frameborder=\"0\"><\/iframe><\/p>\n<\/div>\n<\/div>\n","protected":false},"excerpt":{"rendered":"<p>Programaciones did\u00e1cticas Configuraci\u00f3n Antes de comenzar a elaborar la programaci\u00f3n did\u00e1ctica en S\u00e9neca es necesario tener habilitados los perfiles para los docentes, esto se ha explicado en las configuraciones previas. &nbsp;Aspectos generales de la programaci\u00f3n Los elementos de los que debe constar una programaci\u00f3n did\u00e1ctica vienen definidos en la Orden de 30 de mayo de [&hellip;]<\/p>\n","protected":false},"author":5320,"featured_media":0,"parent":0,"menu_order":0,"comment_status":"closed","ping_status":"closed","template":"templates\/template-page-full-width.php","meta":{"ngg_post_thumbnail":0,"footnotes":""},"aioseo_notices":[],"_links":{"self":[{"href":"https:\/\/blogsaverroes.juntadeandalucia.es\/senecaprofesorado\/wp-json\/wp\/v2\/pages\/97"}],"collection":[{"href":"https:\/\/blogsaverroes.juntadeandalucia.es\/senecaprofesorado\/wp-json\/wp\/v2\/pages"}],"about":[{"href":"https:\/\/blogsaverroes.juntadeandalucia.es\/senecaprofesorado\/wp-json\/wp\/v2\/types\/page"}],"author":[{"embeddable":true,"href":"https:\/\/blogsaverroes.juntadeandalucia.es\/senecaprofesorado\/wp-json\/wp\/v2\/users\/5320"}],"replies":[{"embeddable":true,"href":"https:\/\/blogsaverroes.juntadeandalucia.es\/senecaprofesorado\/wp-json\/wp\/v2\/comments?post=97"}],"version-history":[{"count":34,"href":"https:\/\/blogsaverroes.juntadeandalucia.es\/senecaprofesorado\/wp-json\/wp\/v2\/pages\/97\/revisions"}],"predecessor-version":[{"id":464,"href":"https:\/\/blogsaverroes.juntadeandalucia.es\/senecaprofesorado\/wp-json\/wp\/v2\/pages\/97\/revisions\/464"}],"wp:attachment":[{"href":"https:\/\/blogsaverroes.juntadeandalucia.es\/senecaprofesorado\/wp-json\/wp\/v2\/media?parent=97"}],"curies":[{"name":"wp","href":"https:\/\/api.w.org\/{rel}","templated":true}]}}