{"id":98,"date":"2021-09-27T15:30:30","date_gmt":"2021-09-27T15:30:30","guid":{"rendered":"https:\/\/blogsaverroes.juntadeandalucia.es\/tutorialesseneca\/?page_id=16"},"modified":"2023-10-30T18:40:22","modified_gmt":"2023-10-30T18:40:22","slug":"las-udis","status":"publish","type":"page","link":"https:\/\/blogsaverroes.juntadeandalucia.es\/senecaprofesorado\/las-udis\/","title":{"rendered":"Las Situaciones de aprendizaje"},"content":{"rendered":"<h3 style=\"text-align: justify\"><em><strong>Las SdA en S\u00e9neca<\/strong><\/em><\/h3>\n<p><img loading=\"lazy\" decoding=\"async\" class=\"aligncenter size-full wp-image-443\" src=\"https:\/\/blogsaverroes.juntadeandalucia.es\/senecaprofesorado\/files\/2023\/10\/Captura-de-Pantalla-2023-10-28-a-las-14.24.28.png\" alt=\"Situaciones de aprendizaje\" width=\"1206\" height=\"562\" srcset=\"https:\/\/blogsaverroes.juntadeandalucia.es\/senecaprofesorado\/files\/2023\/10\/Captura-de-Pantalla-2023-10-28-a-las-14.24.28.png 1206w, https:\/\/blogsaverroes.juntadeandalucia.es\/senecaprofesorado\/files\/2023\/10\/Captura-de-Pantalla-2023-10-28-a-las-14.24.28-300x140.png 300w, https:\/\/blogsaverroes.juntadeandalucia.es\/senecaprofesorado\/files\/2023\/10\/Captura-de-Pantalla-2023-10-28-a-las-14.24.28-1024x477.png 1024w, https:\/\/blogsaverroes.juntadeandalucia.es\/senecaprofesorado\/files\/2023\/10\/Captura-de-Pantalla-2023-10-28-a-las-14.24.28-768x358.png 768w\" sizes=\"(max-width: 1206px) 100vw, 1206px\" \/><\/p>\n<div class=\"no-overflow\" style=\"text-align: justify\">\n<h3>&nbsp;<\/h3>\n<h3><em><strong>Trazabilidad<\/strong><\/em><\/h3>\n<div class=\"no-overflow\"><img loading=\"lazy\" decoding=\"async\" class=\"aligncenter size-full wp-image-501\" src=\"https:\/\/blogsaverroes.juntadeandalucia.es\/senecaprofesorado\/files\/2023\/10\/Captura-de-Pantalla-2023-10-30-a-las-19.22.48.png\" alt=\"Trazabilidad. Situaciones de Aprendizaje\" width=\"1220\" height=\"570\" srcset=\"https:\/\/blogsaverroes.juntadeandalucia.es\/senecaprofesorado\/files\/2023\/10\/Captura-de-Pantalla-2023-10-30-a-las-19.22.48.png 1220w, https:\/\/blogsaverroes.juntadeandalucia.es\/senecaprofesorado\/files\/2023\/10\/Captura-de-Pantalla-2023-10-30-a-las-19.22.48-300x140.png 300w, https:\/\/blogsaverroes.juntadeandalucia.es\/senecaprofesorado\/files\/2023\/10\/Captura-de-Pantalla-2023-10-30-a-las-19.22.48-1024x478.png 1024w, https:\/\/blogsaverroes.juntadeandalucia.es\/senecaprofesorado\/files\/2023\/10\/Captura-de-Pantalla-2023-10-30-a-las-19.22.48-768x359.png 768w\" sizes=\"(max-width: 1220px) 100vw, 1220px\" \/><\/div>\n<div class=\"video-container\" style=\"text-align: center\"><iframe loading=\"lazy\" src=\"\/\/www.youtube.com\/embed\/4KAsf-oSFMA?si=tgkX6P35kTxewCRx&amp;start=48\" width=\"560\" height=\"315\" frameborder=\"0\"><\/iframe><\/div>\n<h3><em><strong>Identificaci\u00f3n\/participantes<\/strong><\/em><\/h3>\n<p><img loading=\"lazy\" decoding=\"async\" class=\"aligncenter size-full wp-image-446\" src=\"https:\/\/blogsaverroes.juntadeandalucia.es\/senecaprofesorado\/files\/2023\/10\/Captura-de-Pantalla-2023-10-28-a-las-19.34.33.png\" alt=\"Participantes. Situaci\u00f3n de aprendizaje\" width=\"1206\" height=\"565\" srcset=\"https:\/\/blogsaverroes.juntadeandalucia.es\/senecaprofesorado\/files\/2023\/10\/Captura-de-Pantalla-2023-10-28-a-las-19.34.33.png 1206w, https:\/\/blogsaverroes.juntadeandalucia.es\/senecaprofesorado\/files\/2023\/10\/Captura-de-Pantalla-2023-10-28-a-las-19.34.33-300x141.png 300w, https:\/\/blogsaverroes.juntadeandalucia.es\/senecaprofesorado\/files\/2023\/10\/Captura-de-Pantalla-2023-10-28-a-las-19.34.33-1024x480.png 1024w, https:\/\/blogsaverroes.juntadeandalucia.es\/senecaprofesorado\/files\/2023\/10\/Captura-de-Pantalla-2023-10-28-a-las-19.34.33-768x360.png 768w\" sizes=\"(max-width: 1206px) 100vw, 1206px\" \/><\/p>\n<div class=\"video-container\" style=\"text-align: center\"><iframe loading=\"lazy\" src=\"\/\/www.youtube.com\/embed\/4KAsf-oSFMA?si=tgkX6P35kTxewCRx&amp;start=188\" width=\"560\" height=\"315\" frameborder=\"0\"><\/iframe><\/div>\n<h3><em><strong>Concreci\u00f3n curricular<\/strong><\/em><\/h3>\n<p><img loading=\"lazy\" decoding=\"async\" class=\"aligncenter size-full wp-image-447\" src=\"https:\/\/blogsaverroes.juntadeandalucia.es\/senecaprofesorado\/files\/2023\/10\/Captura-de-Pantalla-2023-10-28-a-las-19.36.27.png\" alt=\"Concreci\u00f3n curricular\" width=\"1195\" height=\"565\" srcset=\"https:\/\/blogsaverroes.juntadeandalucia.es\/senecaprofesorado\/files\/2023\/10\/Captura-de-Pantalla-2023-10-28-a-las-19.36.27.png 1195w, https:\/\/blogsaverroes.juntadeandalucia.es\/senecaprofesorado\/files\/2023\/10\/Captura-de-Pantalla-2023-10-28-a-las-19.36.27-300x142.png 300w, https:\/\/blogsaverroes.juntadeandalucia.es\/senecaprofesorado\/files\/2023\/10\/Captura-de-Pantalla-2023-10-28-a-las-19.36.27-1024x484.png 1024w, https:\/\/blogsaverroes.juntadeandalucia.es\/senecaprofesorado\/files\/2023\/10\/Captura-de-Pantalla-2023-10-28-a-las-19.36.27-768x363.png 768w\" sizes=\"(max-width: 1195px) 100vw, 1195px\" \/><\/p>\n<div class=\"video-container\" style=\"text-align: center\">\n<p><iframe loading=\"lazy\" src=\"\/\/www.youtube.com\/embed\/4KAsf-oSFMA?si=tgkX6P35kTxewCRx&amp;start=260\" width=\"560\" height=\"315\" frameborder=\"0\"><\/iframe><\/p>\n<h3><em><strong>Secuencia did\u00e1ctica<\/strong><\/em><\/h3>\n<\/div>\n<h3><img loading=\"lazy\" decoding=\"async\" class=\"aligncenter size-full wp-image-448\" src=\"https:\/\/blogsaverroes.juntadeandalucia.es\/senecaprofesorado\/files\/2023\/10\/Captura-de-Pantalla-2023-10-28-a-las-19.38.06.png\" alt=\"Producto final\" width=\"1195\" height=\"565\" srcset=\"https:\/\/blogsaverroes.juntadeandalucia.es\/senecaprofesorado\/files\/2023\/10\/Captura-de-Pantalla-2023-10-28-a-las-19.38.06.png 1195w, https:\/\/blogsaverroes.juntadeandalucia.es\/senecaprofesorado\/files\/2023\/10\/Captura-de-Pantalla-2023-10-28-a-las-19.38.06-300x142.png 300w, https:\/\/blogsaverroes.juntadeandalucia.es\/senecaprofesorado\/files\/2023\/10\/Captura-de-Pantalla-2023-10-28-a-las-19.38.06-1024x484.png 1024w, https:\/\/blogsaverroes.juntadeandalucia.es\/senecaprofesorado\/files\/2023\/10\/Captura-de-Pantalla-2023-10-28-a-las-19.38.06-768x363.png 768w\" sizes=\"(max-width: 1195px) 100vw, 1195px\" \/><\/h3>\n<p><img loading=\"lazy\" decoding=\"async\" class=\"aligncenter size-full wp-image-449\" src=\"https:\/\/blogsaverroes.juntadeandalucia.es\/senecaprofesorado\/files\/2023\/10\/Captura-de-Pantalla-2023-10-28-a-las-19.39.42.png\" alt=\"Secuencia did\u00e1ctica. Actividades\" width=\"1195\" height=\"565\" srcset=\"https:\/\/blogsaverroes.juntadeandalucia.es\/senecaprofesorado\/files\/2023\/10\/Captura-de-Pantalla-2023-10-28-a-las-19.39.42.png 1195w, https:\/\/blogsaverroes.juntadeandalucia.es\/senecaprofesorado\/files\/2023\/10\/Captura-de-Pantalla-2023-10-28-a-las-19.39.42-300x142.png 300w, https:\/\/blogsaverroes.juntadeandalucia.es\/senecaprofesorado\/files\/2023\/10\/Captura-de-Pantalla-2023-10-28-a-las-19.39.42-1024x484.png 1024w, https:\/\/blogsaverroes.juntadeandalucia.es\/senecaprofesorado\/files\/2023\/10\/Captura-de-Pantalla-2023-10-28-a-las-19.39.42-768x363.png 768w\" sizes=\"(max-width: 1195px) 100vw, 1195px\" \/><\/p>\n<div class=\"video-container\" style=\"text-align: center\"><iframe loading=\"lazy\" src=\"\/\/www.youtube.com\/embed\/4KAsf-oSFMA?si=tgkX6P35kTxewCRx&amp;start=323\" width=\"560\" height=\"315\" frameborder=\"0\"><\/iframe><\/div>\n<h3><em><strong>Generaci\u00f3n de actividades evaluables<\/strong><\/em><\/h3>\n<p><img loading=\"lazy\" decoding=\"async\" class=\"aligncenter size-full wp-image-451\" src=\"https:\/\/blogsaverroes.juntadeandalucia.es\/senecaprofesorado\/files\/2023\/10\/Captura-de-Pantalla-2023-10-28-a-las-19.43.33.png\" alt=\"Generaci\u00f3n de actividades\" width=\"1195\" height=\"565\" srcset=\"https:\/\/blogsaverroes.juntadeandalucia.es\/senecaprofesorado\/files\/2023\/10\/Captura-de-Pantalla-2023-10-28-a-las-19.43.33.png 1195w, https:\/\/blogsaverroes.juntadeandalucia.es\/senecaprofesorado\/files\/2023\/10\/Captura-de-Pantalla-2023-10-28-a-las-19.43.33-300x142.png 300w, https:\/\/blogsaverroes.juntadeandalucia.es\/senecaprofesorado\/files\/2023\/10\/Captura-de-Pantalla-2023-10-28-a-las-19.43.33-1024x484.png 1024w, https:\/\/blogsaverroes.juntadeandalucia.es\/senecaprofesorado\/files\/2023\/10\/Captura-de-Pantalla-2023-10-28-a-las-19.43.33-768x363.png 768w\" sizes=\"(max-width: 1195px) 100vw, 1195px\" \/><\/p>\n<div class=\"video-container\" style=\"text-align: center\"><iframe loading=\"lazy\" src=\"\/\/www.youtube.com\/embed\/4KAsf-oSFMA?si=eTWXiU6UNETIiobx&amp;start=452\" width=\"560\" height=\"315\" frameborder=\"0\"><\/iframe><\/div>\n<h3><em><strong>Repositorio de SdA <\/strong><\/em><\/h3>\n<div class=\"video-container\" style=\"text-align: center\"><iframe loading=\"lazy\" src=\"\/\/www.youtube.com\/embed\/4KAsf-oSFMA?si=-0UsxFBYDqwsrFWN&amp;start=620\" width=\"560\" height=\"315\" frameborder=\"0\"><\/iframe><\/div>\n<h3><em><strong>Generaci\u00f3n de documento imprimible.<\/strong><\/em><\/h3>\n<p><img loading=\"lazy\" decoding=\"async\" class=\"aligncenter size-full wp-image-452\" src=\"https:\/\/blogsaverroes.juntadeandalucia.es\/senecaprofesorado\/files\/2023\/10\/Captura-de-Pantalla-2023-10-28-a-las-19.46.21.png\" alt=\"Generaci\u00f3n de documento\" width=\"1195\" height=\"565\" srcset=\"https:\/\/blogsaverroes.juntadeandalucia.es\/senecaprofesorado\/files\/2023\/10\/Captura-de-Pantalla-2023-10-28-a-las-19.46.21.png 1195w, https:\/\/blogsaverroes.juntadeandalucia.es\/senecaprofesorado\/files\/2023\/10\/Captura-de-Pantalla-2023-10-28-a-las-19.46.21-300x142.png 300w, https:\/\/blogsaverroes.juntadeandalucia.es\/senecaprofesorado\/files\/2023\/10\/Captura-de-Pantalla-2023-10-28-a-las-19.46.21-1024x484.png 1024w, https:\/\/blogsaverroes.juntadeandalucia.es\/senecaprofesorado\/files\/2023\/10\/Captura-de-Pantalla-2023-10-28-a-las-19.46.21-768x363.png 768w\" sizes=\"(max-width: 1195px) 100vw, 1195px\" \/><\/p>\n<div class=\"video-container\" style=\"text-align: center\"><iframe loading=\"lazy\" src=\"\/\/www.youtube.com\/embed\/4KAsf-oSFMA?si=-0UsxFBYDqwsrFWN&amp;start=532\" width=\"560\" height=\"315\" frameborder=\"0\"><\/iframe><\/div>\n<\/div>\n","protected":false},"excerpt":{"rendered":"<p>Las SdA en S\u00e9neca &nbsp; Trazabilidad Identificaci\u00f3n\/participantes Concreci\u00f3n curricular Secuencia did\u00e1ctica Generaci\u00f3n de actividades evaluables Repositorio de SdA Generaci\u00f3n de documento imprimible.<\/p>\n","protected":false},"author":5320,"featured_media":0,"parent":0,"menu_order":0,"comment_status":"closed","ping_status":"closed","template":"templates\/template-page-full-width.php","meta":{"ngg_post_thumbnail":0,"footnotes":""},"aioseo_notices":[],"_links":{"self":[{"href":"https:\/\/blogsaverroes.juntadeandalucia.es\/senecaprofesorado\/wp-json\/wp\/v2\/pages\/98"}],"collection":[{"href":"https:\/\/blogsaverroes.juntadeandalucia.es\/senecaprofesorado\/wp-json\/wp\/v2\/pages"}],"about":[{"href":"https:\/\/blogsaverroes.juntadeandalucia.es\/senecaprofesorado\/wp-json\/wp\/v2\/types\/page"}],"author":[{"embeddable":true,"href":"https:\/\/blogsaverroes.juntadeandalucia.es\/senecaprofesorado\/wp-json\/wp\/v2\/users\/5320"}],"replies":[{"embeddable":true,"href":"https:\/\/blogsaverroes.juntadeandalucia.es\/senecaprofesorado\/wp-json\/wp\/v2\/comments?post=98"}],"version-history":[{"count":13,"href":"https:\/\/blogsaverroes.juntadeandalucia.es\/senecaprofesorado\/wp-json\/wp\/v2\/pages\/98\/revisions"}],"predecessor-version":[{"id":502,"href":"https:\/\/blogsaverroes.juntadeandalucia.es\/senecaprofesorado\/wp-json\/wp\/v2\/pages\/98\/revisions\/502"}],"wp:attachment":[{"href":"https:\/\/blogsaverroes.juntadeandalucia.es\/senecaprofesorado\/wp-json\/wp\/v2\/media?parent=98"}],"curies":[{"name":"wp","href":"https:\/\/api.w.org\/{rel}","templated":true}]}}