{"id":99,"date":"2021-09-27T15:30:59","date_gmt":"2021-09-27T15:30:59","guid":{"rendered":"https:\/\/blogsaverroes.juntadeandalucia.es\/tutorialesseneca\/?page_id=18"},"modified":"2023-10-28T18:40:54","modified_gmt":"2023-10-28T18:40:54","slug":"la-evaluacion","status":"publish","type":"page","link":"https:\/\/blogsaverroes.juntadeandalucia.es\/senecaprofesorado\/la-evaluacion\/","title":{"rendered":"Evaluaci\u00f3n y calificaci\u00f3n"},"content":{"rendered":"<h3 style=\"text-align: justify\"><em><strong>Calificar criterios\/indicadores en el M\u00f3dulo de curr\u00edculo por competencias<\/strong><\/em><\/h3>\n<p><img loading=\"lazy\" decoding=\"async\" class=\"aligncenter size-full wp-image-456\" src=\"https:\/\/blogsaverroes.juntadeandalucia.es\/senecaprofesorado\/files\/2023\/10\/Captura-de-Pantalla-2023-10-28-a-las-20.07.59.png\" alt=\"Calificar\" width=\"1195\" height=\"565\" srcset=\"https:\/\/blogsaverroes.juntadeandalucia.es\/senecaprofesorado\/files\/2023\/10\/Captura-de-Pantalla-2023-10-28-a-las-20.07.59.png 1195w, https:\/\/blogsaverroes.juntadeandalucia.es\/senecaprofesorado\/files\/2023\/10\/Captura-de-Pantalla-2023-10-28-a-las-20.07.59-300x142.png 300w, https:\/\/blogsaverroes.juntadeandalucia.es\/senecaprofesorado\/files\/2023\/10\/Captura-de-Pantalla-2023-10-28-a-las-20.07.59-1024x484.png 1024w, https:\/\/blogsaverroes.juntadeandalucia.es\/senecaprofesorado\/files\/2023\/10\/Captura-de-Pantalla-2023-10-28-a-las-20.07.59-768x363.png 768w\" sizes=\"(max-width: 1195px) 100vw, 1195px\" \/>Para calificar los criterios nos proponen la r\u00fabrica hol\u00edstica de los mismos, con cinco niveles de logro.Cuando pulsamos sobre uno de ellos se rellena el campo num\u00e9rico con la nota entera m\u00e1s alta de ese nivel. Podemos modificarla y a\u00f1adir decimales, si es necesario.&nbsp;<\/p>\n<p><img loading=\"lazy\" decoding=\"async\" class=\"size-full wp-image-458 alignnone\" src=\"https:\/\/blogsaverroes.juntadeandalucia.es\/senecaprofesorado\/files\/2023\/10\/Captura-de-Pantalla-2023-10-28-a-las-20.12.04.png\" alt=\"Calificar r\u00fabricas\" width=\"678\" height=\"433\" srcset=\"https:\/\/blogsaverroes.juntadeandalucia.es\/senecaprofesorado\/files\/2023\/10\/Captura-de-Pantalla-2023-10-28-a-las-20.12.04.png 678w, https:\/\/blogsaverroes.juntadeandalucia.es\/senecaprofesorado\/files\/2023\/10\/Captura-de-Pantalla-2023-10-28-a-las-20.12.04-300x192.png 300w\" sizes=\"(max-width: 678px) 100vw, 678px\" \/><\/p>\n<div class=\"video-container\" style=\"text-align: center\"><iframe loading=\"lazy\" src=\"\/\/www.youtube.com\/embed\/7_PX1y5ZV30?si=hxf71HLb66KzlhRx&amp;start=1480\" width=\"560\" height=\"315\" frameborder=\"0\"><\/iframe><\/div>\n<h3>&nbsp;<\/h3>\n<h3 style=\"text-align: justify\"><em><strong>Visi\u00f3n global por \u00e1rea\/materia<\/strong><\/em><\/h3>\n<div class=\"no-overflow\" style=\"text-align: justify\">\n<p dir=\"ltr\">Como su propio nombre indica, en este submen\u00fa vamos a tener acceso a una visi\u00f3n global de las calificaciones de los referentes de evaluaci\u00f3n, as\u00ed como a la propuesta de evaluaci\u00f3n que la&nbsp; hoja de c\u00e1lculo interna de S\u00e9neca hace a partir de dichas calificaciones, aplic\u00e1ndoles su peso correspondiente, que previamente hemos definido en el perfil de \u00e1rea\/materia.<\/p>\n<p dir=\"ltr\">De esta manera, en cualquier momento podemos tener, a vista de p\u00e1jaro, la evoluci\u00f3n<\/p>\n<div class=\"video-container\" style=\"text-align: center\"><iframe loading=\"lazy\" src=\"\/\/www.youtube.com\/embed\/sJbJXHLklOw?list=PLyWm81iwKpAfdNAEHPx8UsqGaKsuE_6oX\" width=\"560\" height=\"314\"><\/iframe><\/div>\n<\/div>\n","protected":false},"excerpt":{"rendered":"<p>Calificar criterios\/indicadores en el M\u00f3dulo de curr\u00edculo por competencias Para calificar los criterios nos proponen la r\u00fabrica hol\u00edstica de los mismos, con cinco niveles de logro.Cuando pulsamos sobre uno de ellos se rellena el campo num\u00e9rico con la nota entera m\u00e1s alta de ese nivel. Podemos modificarla y a\u00f1adir decimales, si es necesario.&nbsp; &nbsp; Visi\u00f3n [&hellip;]<\/p>\n","protected":false},"author":5320,"featured_media":0,"parent":0,"menu_order":0,"comment_status":"closed","ping_status":"closed","template":"templates\/template-page-full-width.php","meta":{"ngg_post_thumbnail":0,"footnotes":""},"aioseo_notices":[],"_links":{"self":[{"href":"https:\/\/blogsaverroes.juntadeandalucia.es\/senecaprofesorado\/wp-json\/wp\/v2\/pages\/99"}],"collection":[{"href":"https:\/\/blogsaverroes.juntadeandalucia.es\/senecaprofesorado\/wp-json\/wp\/v2\/pages"}],"about":[{"href":"https:\/\/blogsaverroes.juntadeandalucia.es\/senecaprofesorado\/wp-json\/wp\/v2\/types\/page"}],"author":[{"embeddable":true,"href":"https:\/\/blogsaverroes.juntadeandalucia.es\/senecaprofesorado\/wp-json\/wp\/v2\/users\/5320"}],"replies":[{"embeddable":true,"href":"https:\/\/blogsaverroes.juntadeandalucia.es\/senecaprofesorado\/wp-json\/wp\/v2\/comments?post=99"}],"version-history":[{"count":10,"href":"https:\/\/blogsaverroes.juntadeandalucia.es\/senecaprofesorado\/wp-json\/wp\/v2\/pages\/99\/revisions"}],"predecessor-version":[{"id":470,"href":"https:\/\/blogsaverroes.juntadeandalucia.es\/senecaprofesorado\/wp-json\/wp\/v2\/pages\/99\/revisions\/470"}],"wp:attachment":[{"href":"https:\/\/blogsaverroes.juntadeandalucia.es\/senecaprofesorado\/wp-json\/wp\/v2\/media?parent=99"}],"curies":[{"name":"wp","href":"https:\/\/api.w.org\/{rel}","templated":true}]}}