{"id":1014,"date":"2024-10-20T13:09:42","date_gmt":"2024-10-20T12:09:42","guid":{"rendered":"https:\/\/blogsaverroes.juntadeandalucia.es\/sep-benalua\/?page_id=1014"},"modified":"2024-12-17T20:50:35","modified_gmt":"2024-12-17T19:50:35","slug":"oferta-educativa","status":"publish","type":"page","link":"https:\/\/blogsaverroes.juntadeandalucia.es\/sep-benalua\/oferta-educativa\/","title":{"rendered":"Oferta educativa"},"content":{"rendered":"<p style=\"text-align: justify\">El SEP de Benal\u00faa dispone de la siguiente oferta formativa:<\/p>\n<ul>\n<li style=\"text-align: justify\"><strong>Planes educativos para el fomento de la ciudadan\u00eda activa:<\/strong>\n<ul>\n<li>Conocimiento y conservaci\u00f3n del patrimonio cultural andaluz y medio ambiente<\/li>\n<li>Uso b\u00e1sico de idiomas (Ingl\u00e9s)<\/li>\n<li>Uso b\u00e1sico de tecnolog\u00edas de la informaci\u00f3n y la comunicaci\u00f3n (Inform\u00e1tica por niveles)<\/li>\n<\/ul>\n<\/li>\n<li><strong>Plan educativo de preparaci\u00f3n para la obtenci\u00f3n de titulaciones:<\/strong>\n<ul>\n<li style=\"text-align: justify\">Tutor\u00edas de Apoyo al estudio de Educaci\u00f3n Secundaria Obligatoria (ESO)<\/li>\n<\/ul>\n<\/li>\n<\/ul>\n","protected":false},"excerpt":{"rendered":"<p>El SEP de Benal\u00faa dispone de la siguiente oferta formativa: Planes educativos para el fomento de la ciudadan\u00eda activa: Conocimiento y conservaci\u00f3n del patrimonio cultural andaluz y medio ambiente Uso b\u00e1sico de idiomas (Ingl\u00e9s) Uso b\u00e1sico de tecnolog\u00edas de la informaci\u00f3n y la comunicaci\u00f3n&#46;&#46;&#46;<\/p>\n","protected":false},"author":19857,"featured_media":0,"parent":0,"menu_order":0,"comment_status":"closed","ping_status":"closed","template":"page-sitemap.php","meta":{"ngg_post_thumbnail":0,"footnotes":""},"aioseo_notices":[],"_links":{"self":[{"href":"https:\/\/blogsaverroes.juntadeandalucia.es\/sep-benalua\/wp-json\/wp\/v2\/pages\/1014"}],"collection":[{"href":"https:\/\/blogsaverroes.juntadeandalucia.es\/sep-benalua\/wp-json\/wp\/v2\/pages"}],"about":[{"href":"https:\/\/blogsaverroes.juntadeandalucia.es\/sep-benalua\/wp-json\/wp\/v2\/types\/page"}],"author":[{"embeddable":true,"href":"https:\/\/blogsaverroes.juntadeandalucia.es\/sep-benalua\/wp-json\/wp\/v2\/users\/19857"}],"replies":[{"embeddable":true,"href":"https:\/\/blogsaverroes.juntadeandalucia.es\/sep-benalua\/wp-json\/wp\/v2\/comments?post=1014"}],"version-history":[{"count":3,"href":"https:\/\/blogsaverroes.juntadeandalucia.es\/sep-benalua\/wp-json\/wp\/v2\/pages\/1014\/revisions"}],"predecessor-version":[{"id":1134,"href":"https:\/\/blogsaverroes.juntadeandalucia.es\/sep-benalua\/wp-json\/wp\/v2\/pages\/1014\/revisions\/1134"}],"wp:attachment":[{"href":"https:\/\/blogsaverroes.juntadeandalucia.es\/sep-benalua\/wp-json\/wp\/v2\/media?parent=1014"}],"curies":[{"name":"wp","href":"https:\/\/api.w.org\/{rel}","templated":true}]}}