{"id":1037,"date":"2024-10-20T13:10:17","date_gmt":"2024-10-20T12:10:17","guid":{"rendered":"https:\/\/blogsaverroes.juntadeandalucia.es\/sep-benalua\/?page_id=1037"},"modified":"2024-12-17T20:54:23","modified_gmt":"2024-12-17T19:54:23","slug":"contacto-2","status":"publish","type":"page","link":"https:\/\/blogsaverroes.juntadeandalucia.es\/sep-benalua\/contacto-2\/","title":{"rendered":"Contacto"},"content":{"rendered":"<p>Direcci\u00f3n: C\/ Recinto Azucarera, s\/n.<\/p>\n<p>Tel\u00e9fono: 958 69 96 68<\/p>\n<p>Correo electr\u00f3nico: 18500553.edu@juntadeandaluacia.es<\/p>\n<p>Localidad: Benal\u00faa<\/p>\n","protected":false},"excerpt":{"rendered":"<p>Direcci\u00f3n: C\/ Recinto Azucarera, s\/n. Tel\u00e9fono: 958 69 96 68 Correo electr\u00f3nico: 18500553.edu@juntadeandaluacia.es Localidad: Benal\u00faa<\/p>\n","protected":false},"author":19857,"featured_media":0,"parent":0,"menu_order":0,"comment_status":"closed","ping_status":"closed","template":"page-sitemap.php","meta":{"ngg_post_thumbnail":0,"footnotes":""},"aioseo_notices":[],"_links":{"self":[{"href":"https:\/\/blogsaverroes.juntadeandalucia.es\/sep-benalua\/wp-json\/wp\/v2\/pages\/1037"}],"collection":[{"href":"https:\/\/blogsaverroes.juntadeandalucia.es\/sep-benalua\/wp-json\/wp\/v2\/pages"}],"about":[{"href":"https:\/\/blogsaverroes.juntadeandalucia.es\/sep-benalua\/wp-json\/wp\/v2\/types\/page"}],"author":[{"embeddable":true,"href":"https:\/\/blogsaverroes.juntadeandalucia.es\/sep-benalua\/wp-json\/wp\/v2\/users\/19857"}],"replies":[{"embeddable":true,"href":"https:\/\/blogsaverroes.juntadeandalucia.es\/sep-benalua\/wp-json\/wp\/v2\/comments?post=1037"}],"version-history":[{"count":4,"href":"https:\/\/blogsaverroes.juntadeandalucia.es\/sep-benalua\/wp-json\/wp\/v2\/pages\/1037\/revisions"}],"predecessor-version":[{"id":1137,"href":"https:\/\/blogsaverroes.juntadeandalucia.es\/sep-benalua\/wp-json\/wp\/v2\/pages\/1037\/revisions\/1137"}],"wp:attachment":[{"href":"https:\/\/blogsaverroes.juntadeandalucia.es\/sep-benalua\/wp-json\/wp\/v2\/media?parent=1037"}],"curies":[{"name":"wp","href":"https:\/\/api.w.org\/{rel}","templated":true}]}}