{"id":669,"date":"2023-05-08T16:33:46","date_gmt":"2023-05-08T15:33:46","guid":{"rendered":"https:\/\/blogsaverroes.juntadeandalucia.es\/sep-el-carpio\/?page_id=669"},"modified":"2023-05-08T17:05:00","modified_gmt":"2023-05-08T16:05:00","slug":"quienes-somos","status":"publish","type":"page","link":"https:\/\/blogsaverroes.juntadeandalucia.es\/sep-el-carpio\/quienes-somos\/","title":{"rendered":"Quienes somos"},"content":{"rendered":"<p>SEP de El Carpio es una secci\u00f3n del CEPER FUENSANTA. Es un centro p\u00fablico espec\u00edfico de educaci\u00f3n permanente de personas adultas perteneciente a la red de centros p\u00fablicos de la Consejer\u00eda de Educaci\u00f3n de la Junta de Andaluc\u00eda, puesto en funcionamiento &nbsp;en &nbsp;los a\u00f1os 80 con el objetivo de erradicar el analfabetismo.<\/p>\n<p>Se cre\u00f3 en el a\u00f1o 1987. Desde su puesta en funcionamiento, la finalidad del Centro de Educaci\u00f3n de Adultos ha sido ofrecer a todos los mayores de 18 a\u00f1os la posibilidad de adquirir, actualizar, completar o ampliar sus conocimientos y aptitudes para su desarrollo personal o profesional. A tales efectos, desde la Consejer\u00eda de Educaci\u00f3n de la Junta de Andaluc\u00eda se ha ido promoviendo la implantaci\u00f3n de una oferta de ense\u00f1anzas flexible que con el paso de los a\u00f1os se ha ido modificando y adaptando a una realidad cambiante.<\/p>\n","protected":false},"excerpt":{"rendered":"<p>SEP de El Carpio es una secci\u00f3n del CEPER FUENSANTA. Es un centro p\u00fablico espec\u00edfico de educaci\u00f3n permanente de personas adultas perteneciente a la red de centros p\u00fablicos de la Consejer\u00eda de Educaci\u00f3n de&#46;&#46;&#46;<\/p>\n","protected":false},"author":13374,"featured_media":0,"parent":0,"menu_order":0,"comment_status":"closed","ping_status":"closed","template":"","meta":{"ngg_post_thumbnail":0,"footnotes":""},"aioseo_notices":[],"_links":{"self":[{"href":"https:\/\/blogsaverroes.juntadeandalucia.es\/sep-el-carpio\/wp-json\/wp\/v2\/pages\/669"}],"collection":[{"href":"https:\/\/blogsaverroes.juntadeandalucia.es\/sep-el-carpio\/wp-json\/wp\/v2\/pages"}],"about":[{"href":"https:\/\/blogsaverroes.juntadeandalucia.es\/sep-el-carpio\/wp-json\/wp\/v2\/types\/page"}],"author":[{"embeddable":true,"href":"https:\/\/blogsaverroes.juntadeandalucia.es\/sep-el-carpio\/wp-json\/wp\/v2\/users\/13374"}],"replies":[{"embeddable":true,"href":"https:\/\/blogsaverroes.juntadeandalucia.es\/sep-el-carpio\/wp-json\/wp\/v2\/comments?post=669"}],"version-history":[{"count":3,"href":"https:\/\/blogsaverroes.juntadeandalucia.es\/sep-el-carpio\/wp-json\/wp\/v2\/pages\/669\/revisions"}],"predecessor-version":[{"id":717,"href":"https:\/\/blogsaverroes.juntadeandalucia.es\/sep-el-carpio\/wp-json\/wp\/v2\/pages\/669\/revisions\/717"}],"wp:attachment":[{"href":"https:\/\/blogsaverroes.juntadeandalucia.es\/sep-el-carpio\/wp-json\/wp\/v2\/media?parent=669"}],"curies":[{"name":"wp","href":"https:\/\/api.w.org\/{rel}","templated":true}]}}