{"id":685,"date":"2023-05-08T16:37:10","date_gmt":"2023-05-08T15:37:10","guid":{"rendered":"https:\/\/blogsaverroes.juntadeandalucia.es\/sep-el-carpio\/?page_id=685"},"modified":"2023-05-11T16:22:02","modified_gmt":"2023-05-11T15:22:02","slug":"tic","status":"publish","type":"page","link":"https:\/\/blogsaverroes.juntadeandalucia.es\/sep-el-carpio\/tic\/","title":{"rendered":"TIC"},"content":{"rendered":"<p>La presencia de las Tecnolog\u00edas de la Informaci\u00f3n y la Comunicaci\u00f3n (TIC) en todos los \u00e1mbitos de la vida es tan evidente que ya se habla de un nuevo tipo de sociedad caracterizada por la gran&nbsp; cantidad de informaci\u00f3n disponible en la red y por la facilidad de acceso a la misma. Las TIC impregnan nuestra vida cotidiana y su uso se est\u00e1 convirtiendo en requisito esencial para la inserci\u00f3n y promoci\u00f3n laboral, para la autonom\u00eda en el aprendizaje y para la pr\u00e1ctica de una ciudadan\u00eda activa.<\/p>\n<p>Sin embargo, es un hecho constatado que, mientras que las personas m\u00e1s j\u00f3venes se han socializado en un medio tecnol\u00f3gico y lo asumen como algo natural, las personas adultas, que se han desenvuelto toda su vida en un medio anal\u00f3gico y rodeadas de productos tangibles, necesitan aprender a utilizar las nuevas herramientas tecnol\u00f3gicas y conocer los nuevos lenguajes multimedia que han nacido a su amparo si queremos conseguir que participen activamente en la nueva sociedad de la informaci\u00f3n que est\u00e1 emergiendo.<\/p>\n<p>Por este motivo, la Consejer\u00eda de Educaci\u00f3n de la Junta de Andaluc\u00eda ha incluido en la oferta de ense\u00f1anzas&nbsp; dirigidas a este colectivo un plan educativo que tiene como objetivo favorecer el acceso de las personas adultas a las nuevas tecnolog\u00edas de manera que puedan utilizarlas en todos los \u00e1mbitos de su vida: personal, laboral, educativo\u2026 propiciando el acceso a la informaci\u00f3n que hay en la Red de una manera, constructiva, selectiva y cr\u00edtica, de forma que sean capaces de transformarla en conocimiento.<\/p>\n","protected":false},"excerpt":{"rendered":"<p>La presencia de las Tecnolog\u00edas de la Informaci\u00f3n y la Comunicaci\u00f3n (TIC) en todos los \u00e1mbitos de la vida es tan evidente que ya se habla de un nuevo tipo de sociedad caracterizada por&#46;&#46;&#46;<\/p>\n","protected":false},"author":13374,"featured_media":0,"parent":0,"menu_order":0,"comment_status":"closed","ping_status":"closed","template":"","meta":{"ngg_post_thumbnail":0,"footnotes":""},"aioseo_notices":[],"_links":{"self":[{"href":"https:\/\/blogsaverroes.juntadeandalucia.es\/sep-el-carpio\/wp-json\/wp\/v2\/pages\/685"}],"collection":[{"href":"https:\/\/blogsaverroes.juntadeandalucia.es\/sep-el-carpio\/wp-json\/wp\/v2\/pages"}],"about":[{"href":"https:\/\/blogsaverroes.juntadeandalucia.es\/sep-el-carpio\/wp-json\/wp\/v2\/types\/page"}],"author":[{"embeddable":true,"href":"https:\/\/blogsaverroes.juntadeandalucia.es\/sep-el-carpio\/wp-json\/wp\/v2\/users\/13374"}],"replies":[{"embeddable":true,"href":"https:\/\/blogsaverroes.juntadeandalucia.es\/sep-el-carpio\/wp-json\/wp\/v2\/comments?post=685"}],"version-history":[{"count":2,"href":"https:\/\/blogsaverroes.juntadeandalucia.es\/sep-el-carpio\/wp-json\/wp\/v2\/pages\/685\/revisions"}],"predecessor-version":[{"id":726,"href":"https:\/\/blogsaverroes.juntadeandalucia.es\/sep-el-carpio\/wp-json\/wp\/v2\/pages\/685\/revisions\/726"}],"wp:attachment":[{"href":"https:\/\/blogsaverroes.juntadeandalucia.es\/sep-el-carpio\/wp-json\/wp\/v2\/media?parent=685"}],"curies":[{"name":"wp","href":"https:\/\/api.w.org\/{rel}","templated":true}]}}