{"id":641,"date":"2024-11-22T16:46:36","date_gmt":"2024-11-22T15:46:36","guid":{"rendered":"https:\/\/blogsaverroes.juntadeandalucia.es\/sep-elpilar\/?page_id=641"},"modified":"2024-11-22T17:44:23","modified_gmt":"2024-11-22T16:44:23","slug":"horarios","status":"publish","type":"page","link":"https:\/\/blogsaverroes.juntadeandalucia.es\/sep-elpilar\/curso-escolar\/horarios\/","title":{"rendered":"Horarios"},"content":{"rendered":"<p>El horario del alumnado y del profesor estar\u00e1 en funci\u00f3n de las necesidades del grupo y de las disponibilidades organizativas de la Secci\u00f3n Educativa Permanente respetando, en todo caso, las normativas que regulan dicho punto de la Consejer\u00eda de Desarrollo Educativo y Formaci\u00f3n Profesional, sobre la Organizaci\u00f3n y Funcionamiento de los Centros P\u00fablicos que oferten Educaci\u00f3n de Adultos en nuestra Comunidad Aut\u00f3noma.<\/p>\n<p>En este curso escolar 2024-2025, nuestra Secci\u00f3n de Educaci\u00f3n Permanente estar\u00e1 abierta durante los siguientes tramos:<\/p>\n<ul>\n<li>Lunes por la ma\u00f1ana de 10:00 a 12:00 en el aula de Esca\u00f1uela para impartir TIC.<\/li>\n<li>De lunes a jueves en horario de tarde para impartir las clases de 16:00 a 21:00 horas.<\/li>\n<li>Mi\u00e9rcoles por la ma\u00f1ana, de 11:00 a 13:00 horas, el Centro permanecer\u00e1 abierto para labores de tutor\u00edas y preparaci\u00f3n de material.<\/li>\n<li>Viernes por la ma\u00f1ana de 10:00 a 12:00 en el centro de Gudalinfo de Villardompardo para impartir TIC.<\/li>\n<\/ul>\n","protected":false},"excerpt":{"rendered":"<p>El horario del alumnado y del profesor estar\u00e1 en funci\u00f3n de las necesidades del grupo y de las disponibilidades organizativas de la Secci\u00f3n Educativa Permanente respetando, en todo caso, las normativas que regulan dicho punto de la Consejer\u00eda de Desarrollo Educativo y Formaci\u00f3n Profesional, sobre la Organizaci\u00f3n y Funcionamiento de los Centros P\u00fablicos que oferten [&hellip;]<\/p>\n","protected":false},"author":14863,"featured_media":0,"parent":605,"menu_order":1,"comment_status":"closed","ping_status":"closed","template":"","meta":{"ngg_post_thumbnail":0,"footnotes":""},"aioseo_notices":[],"_links":{"self":[{"href":"https:\/\/blogsaverroes.juntadeandalucia.es\/sep-elpilar\/wp-json\/wp\/v2\/pages\/641"}],"collection":[{"href":"https:\/\/blogsaverroes.juntadeandalucia.es\/sep-elpilar\/wp-json\/wp\/v2\/pages"}],"about":[{"href":"https:\/\/blogsaverroes.juntadeandalucia.es\/sep-elpilar\/wp-json\/wp\/v2\/types\/page"}],"author":[{"embeddable":true,"href":"https:\/\/blogsaverroes.juntadeandalucia.es\/sep-elpilar\/wp-json\/wp\/v2\/users\/14863"}],"replies":[{"embeddable":true,"href":"https:\/\/blogsaverroes.juntadeandalucia.es\/sep-elpilar\/wp-json\/wp\/v2\/comments?post=641"}],"version-history":[{"count":4,"href":"https:\/\/blogsaverroes.juntadeandalucia.es\/sep-elpilar\/wp-json\/wp\/v2\/pages\/641\/revisions"}],"predecessor-version":[{"id":686,"href":"https:\/\/blogsaverroes.juntadeandalucia.es\/sep-elpilar\/wp-json\/wp\/v2\/pages\/641\/revisions\/686"}],"up":[{"embeddable":true,"href":"https:\/\/blogsaverroes.juntadeandalucia.es\/sep-elpilar\/wp-json\/wp\/v2\/pages\/605"}],"wp:attachment":[{"href":"https:\/\/blogsaverroes.juntadeandalucia.es\/sep-elpilar\/wp-json\/wp\/v2\/media?parent=641"}],"curies":[{"name":"wp","href":"https:\/\/api.w.org\/{rel}","templated":true}]}}