{"id":643,"date":"2024-11-22T16:47:10","date_gmt":"2024-11-22T15:47:10","guid":{"rendered":"https:\/\/blogsaverroes.juntadeandalucia.es\/sep-elpilar\/?page_id=643"},"modified":"2024-11-22T17:45:11","modified_gmt":"2024-11-22T16:45:11","slug":"matriculacion","status":"publish","type":"page","link":"https:\/\/blogsaverroes.juntadeandalucia.es\/sep-elpilar\/curso-escolar\/matriculacion\/","title":{"rendered":"Matriculaci\u00f3n"},"content":{"rendered":"<p><span lang=\"es\">La matriculaci\u00f3n se har\u00e1 de acuerdo con las normativas que se dicten desde la Consejer\u00eda de Desarrollo Educativo y formaci\u00f3n Profesional de la Junta de Andaluc\u00eda:&nbsp;<\/span><a href=\"http:\/\/www.juntadeandalucia.es\/boja\/2012\/117\/BOJA12-117-00022-9995-01_00008500.pdf\" target=\"_blank\" rel=\"noopener noreferrer\">Orden de 25 de mayo de 2012<\/a><span lang=\"es\">.<\/span><u><\/u><\/p>\n<ul>\n<li><strong>Plazos de presentaci\u00f3n de solicitudes de admisi\u00f3n y matriculaci\u00f3n<\/strong>:&nbsp;<strong>Del 1 al 15 de junio de cada a\u00f1o<\/strong>.<\/li>\n<li><strong>Plazo extraordinario de admisi\u00f3n y matriculaci\u00f3n<\/strong>:&nbsp;<strong>Del 1 de septiembre al 15 de octubre de cada a\u00f1o.<\/strong>&nbsp;(En el supuesto de que existieran plazas escolares vacantes en las ense\u00f1anzas contempladas)<\/li>\n<\/ul>\n<p><strong>DOCUMENTACI\u00d3N M\u00cdNIMA NECESARIA<\/strong>:<\/p>\n<ul>\n<li>Impreso de solicitud (Planes Educativos en CEPER\/SEPER)<\/li>\n<li>Fotocopia del D.N.I., pasaporte o N.I.E.<\/li>\n<\/ul>\n<p><a class=\"icopdf\" title=\"Matriculaci\u00f3n_Planes educativos (anexo_V_Planes Edu.pdf)\" href=\"http:\/\/www.juntadeandalucia.es\/educacion\/portals\/ishare-servlet\/content\/9da696c1-cdd0-4a02-a5a3-314e6e22a483\" target=\"_blank\" rel=\"noopener noreferrer\">Descargar impreso&nbsp;<\/a>\u2013&nbsp;<a href=\"https:\/\/secretariavirtual.ced.junta-andalucia.es\/secretariavirtual\/#modalAcceso\" target=\"_blank\" rel=\"noopener noreferrer\">Tramitaci\u00f3n telem\u00e1tica (Secretar\u00eda Virtual)<\/a><\/p>\n<p>Los impresos de solicitudes tambi\u00e9n ser\u00e1n facilitados gratuitamente por la Secci\u00f3n de Educaci\u00f3n Permanente.<\/p>\n<p><strong>REQUISITO M\u00cdNIMO<\/strong>:<br \/>\nTener, al menos, 18 a\u00f1os a 31 de diciembre del a\u00f1o natural en que se comience el curso.<\/p>\n<p>M\u00e1s informaci\u00f3n en la web de la Consejer\u00eda:&nbsp;<strong><a href=\"http:\/\/www.juntadeandalucia.es\/educacion\/portals\/web\/escolarizacion\" target=\"_blank\" rel=\"noopener noreferrer\">Escolarizaci\u00f3n 2024-2025<\/a><\/strong><\/p>\n","protected":false},"excerpt":{"rendered":"<p>La matriculaci\u00f3n se har\u00e1 de acuerdo con las normativas que se dicten desde la Consejer\u00eda de Desarrollo Educativo y formaci\u00f3n Profesional de la Junta de Andaluc\u00eda:&nbsp;Orden de 25 de mayo de 2012. Plazos de presentaci\u00f3n de solicitudes de admisi\u00f3n y matriculaci\u00f3n:&nbsp;Del 1 al 15 de junio de cada a\u00f1o. Plazo extraordinario de admisi\u00f3n y matriculaci\u00f3n:&nbsp;Del [&hellip;]<\/p>\n","protected":false},"author":14863,"featured_media":0,"parent":605,"menu_order":0,"comment_status":"closed","ping_status":"closed","template":"","meta":{"ngg_post_thumbnail":0,"footnotes":""},"aioseo_notices":[],"_links":{"self":[{"href":"https:\/\/blogsaverroes.juntadeandalucia.es\/sep-elpilar\/wp-json\/wp\/v2\/pages\/643"}],"collection":[{"href":"https:\/\/blogsaverroes.juntadeandalucia.es\/sep-elpilar\/wp-json\/wp\/v2\/pages"}],"about":[{"href":"https:\/\/blogsaverroes.juntadeandalucia.es\/sep-elpilar\/wp-json\/wp\/v2\/types\/page"}],"author":[{"embeddable":true,"href":"https:\/\/blogsaverroes.juntadeandalucia.es\/sep-elpilar\/wp-json\/wp\/v2\/users\/14863"}],"replies":[{"embeddable":true,"href":"https:\/\/blogsaverroes.juntadeandalucia.es\/sep-elpilar\/wp-json\/wp\/v2\/comments?post=643"}],"version-history":[{"count":2,"href":"https:\/\/blogsaverroes.juntadeandalucia.es\/sep-elpilar\/wp-json\/wp\/v2\/pages\/643\/revisions"}],"predecessor-version":[{"id":687,"href":"https:\/\/blogsaverroes.juntadeandalucia.es\/sep-elpilar\/wp-json\/wp\/v2\/pages\/643\/revisions\/687"}],"up":[{"embeddable":true,"href":"https:\/\/blogsaverroes.juntadeandalucia.es\/sep-elpilar\/wp-json\/wp\/v2\/pages\/605"}],"wp:attachment":[{"href":"https:\/\/blogsaverroes.juntadeandalucia.es\/sep-elpilar\/wp-json\/wp\/v2\/media?parent=643"}],"curies":[{"name":"wp","href":"https:\/\/api.w.org\/{rel}","templated":true}]}}