{"id":611,"date":"2023-03-22T20:19:26","date_gmt":"2023-03-22T19:19:26","guid":{"rendered":"https:\/\/blogsaverroes.juntadeandalucia.es\/sep-montoro\/?page_id=611"},"modified":"2023-03-24T20:28:45","modified_gmt":"2023-03-24T19:28:45","slug":"datos-sep","status":"publish","type":"page","link":"https:\/\/blogsaverroes.juntadeandalucia.es\/sep-montoro\/datos-sep\/","title":{"rendered":"Datos SEP"},"content":{"rendered":"<p><span style=\"font-size: 24pt\"><strong><span style=\"font-family: terminal, monaco, monospace\">HORARIO<\/span><\/strong><\/span><\/p>\n<p><span style=\"font-size: 18pt\">De lunes a viernes de 16 a 21 horas<\/span><\/p>\n<p>&nbsp;<\/p>\n<p><span style=\"font-size: 24pt\"><strong><span style=\"font-family: terminal, monaco, monospace\">DIRECCI\u00d3N<\/span><\/strong><\/span><\/p>\n<p><span style=\"font-size: 18pt\">Calle Salazar, n\u00famero 1 (Montoro, C\u00f3rdoba). Junto a la plaza del ayuntamiento.<\/span><\/p>\n<p><iframe loading=\"lazy\" src=\"\/\/www.google.com\/maps\/embed?pb=!1m18!1m12!1m3!1d3142.9134664484745!2d-4.38381728484489!3d38.025796779714604!2m3!1f0!2f0!3f0!3m2!1i1024!2i768!4f13.1!3m3!1m2!1s0xd6c57cb6594bd81%3A0x33414ffb796b58a7!2sC.%20Salazar%2C%201%2C%2014600%20Montoro%2C%20C%C3%B3rdoba!5e0!3m2!1ses!2ses!4v1679685722705!5m2!1ses!2ses&quot;\" width=\"&quot;800&quot;\" height=\"&quot;600&quot;\"><\/iframe><\/p>\n<p>&nbsp;<\/p>\n<p><span style=\"font-size: 24pt\"><strong><span style=\"font-family: terminal, monaco, monospace\">TEL\u00c9FONO<\/span><\/strong><\/span><\/p>\n<p><span style=\"font-size: 18pt\">957199675<\/span><\/p>\n<p>&nbsp;<\/p>\n<p><strong><span style=\"font-family: terminal, monaco, monospace;font-size: 24pt\">EMAIL<\/span><\/strong><\/p>\n<p><span style=\"font-size: 18pt\">14500224.edu@juntadeandalucia.es<\/span><\/p>\n<p>&nbsp;<\/p>\n<p><span style=\"font-family: terminal, monaco, monospace\"><strong><span style=\"font-size: 24pt\">TWITTER:<\/span><\/strong>&nbsp;<span style=\"font-family: georgia, palatino, serif;font-size: 18pt\">@sepmontoro<\/span><\/span><\/p>\n<p>&nbsp;<\/p>\n","protected":false},"excerpt":{"rendered":"<p>HORARIO De lunes a viernes de 16 a 21 horas &nbsp; DIRECCI\u00d3N Calle Salazar, n\u00famero 1 (Montoro, C\u00f3rdoba). Junto a la plaza del ayuntamiento. &nbsp; TEL\u00c9FONO 957199675 &nbsp; EMAIL 14500224.edu@juntadeandalucia.es &nbsp; TWITTER:&nbsp;@sepmontoro &nbsp;<\/p>\n","protected":false},"author":17234,"featured_media":0,"parent":0,"menu_order":0,"comment_status":"closed","ping_status":"closed","template":"","meta":{"ngg_post_thumbnail":0,"footnotes":""},"aioseo_notices":[],"_links":{"self":[{"href":"https:\/\/blogsaverroes.juntadeandalucia.es\/sep-montoro\/wp-json\/wp\/v2\/pages\/611"}],"collection":[{"href":"https:\/\/blogsaverroes.juntadeandalucia.es\/sep-montoro\/wp-json\/wp\/v2\/pages"}],"about":[{"href":"https:\/\/blogsaverroes.juntadeandalucia.es\/sep-montoro\/wp-json\/wp\/v2\/types\/page"}],"author":[{"embeddable":true,"href":"https:\/\/blogsaverroes.juntadeandalucia.es\/sep-montoro\/wp-json\/wp\/v2\/users\/17234"}],"replies":[{"embeddable":true,"href":"https:\/\/blogsaverroes.juntadeandalucia.es\/sep-montoro\/wp-json\/wp\/v2\/comments?post=611"}],"version-history":[{"count":6,"href":"https:\/\/blogsaverroes.juntadeandalucia.es\/sep-montoro\/wp-json\/wp\/v2\/pages\/611\/revisions"}],"predecessor-version":[{"id":697,"href":"https:\/\/blogsaverroes.juntadeandalucia.es\/sep-montoro\/wp-json\/wp\/v2\/pages\/611\/revisions\/697"}],"wp:attachment":[{"href":"https:\/\/blogsaverroes.juntadeandalucia.es\/sep-montoro\/wp-json\/wp\/v2\/media?parent=611"}],"curies":[{"name":"wp","href":"https:\/\/api.w.org\/{rel}","templated":true}]}}