{"id":632,"date":"2023-03-23T16:43:50","date_gmt":"2023-03-23T15:43:50","guid":{"rendered":"https:\/\/blogsaverroes.juntadeandalucia.es\/sep-montoro\/?page_id=632"},"modified":"2023-05-11T15:59:52","modified_gmt":"2023-05-11T14:59:52","slug":"matriculacion","status":"publish","type":"page","link":"https:\/\/blogsaverroes.juntadeandalucia.es\/sep-montoro\/matriculacion\/","title":{"rendered":"Matriculaci\u00f3n"},"content":{"rendered":"<p>Para cursar planes educativos en modalidad&nbsp;<strong>presencial&nbsp;<\/strong>no es necesario solicitar admisi\u00f3n por lo que directamente podr\u00e1s presentar tu matricula para hasta tres planes educativos, por orden de preferencia, en un \u00fanico centro.<\/p>\n<p>Si en el centro no hubiera plazas suficientes para satisfacer toda la demanda, estas se adjudicar\u00e1n en funci\u00f3n de la menor renta anual per c\u00e1pita de la unidad familiar, y se asignar\u00e1n a aquellas personas que no hayan estado matriculadas en cursos anteriores.<\/p>\n<p>Finalmente, se formalizar\u00e1 la matr\u00edcula para, como m\u00e1ximo, dos de los planes educativos elegidos por curso escolar.<\/p>\n<p><strong>PLAZOS DE INSCRIPCI\u00d3N:<\/strong><\/p>\n<ul>\n<li><strong>ORDINARIO:&nbsp;Del 1 al 15 de junio.<\/strong>&nbsp;<\/li>\n<li><strong>EXTRAORDINARIO:<\/strong>\n<ul>\n<li style=\"list-style-type: none\">\n<ul>\n<li><strong>Primera fase (del 1 al 15 de septiembre, ambos inclusive)<\/strong><\/li>\n<li><strong>Segunda fase (a partir del 18 de septiembre)<\/strong><\/li>\n<\/ul>\n<\/li>\n<\/ul>\n<\/li>\n<\/ul>\n<p><strong>Plazo extraordinario de matr\u00edcula<\/strong><\/p>\n<p>Si tras el procedimiento ordinario de matr\u00edcula quedaran plazas vacantes, la direcci\u00f3n de los centros docentes p\u00fablicos formalizar\u00e1 las matr\u00edculas de aquellas personas interesadas que se encontraran en lista de espera.<\/p>\n<p>Finalmente, hasta agotar las plazas vacantes o, como muy tarde, <strong>el \u00faltimo d\u00eda lectivo del primer trimestre<\/strong>, se podr\u00e1n matricular todas aquellas personas interesadas, atendiendo al orden de llegada de su solicitud, siempre y cuando cumplan los requisitos de acceso.<\/p>\n<p><strong>REQUISITOS:<\/strong><\/p>\n<p>Para cursar estas ense\u00f1anzas en r\u00e9gimen de&nbsp;<strong>personas adultas<\/strong>&nbsp;debes ser&nbsp;<strong>mayor de 18 a\u00f1os<\/strong>&nbsp;o cumplirlos en el a\u00f1o natural en que comience el curso acad\u00e9mico, salvo el Plan para la preparaci\u00f3n de las pruebas de acceso a ciclos formativos de Grado Superior que debes ser&nbsp;<strong>mayor de 19 a\u00f1os<\/strong>.<\/p>\n<p>De manera&nbsp;<strong>excepcional<\/strong>, tambi\u00e9n puedes acceder a las ense\u00f1anzas de Educaci\u00f3n Permanente para personas adultas si eres mayor de 16 a\u00f1os, o los cumples en el a\u00f1o natural en que comienza el curso acad\u00e9mico, acreditando alguna de estas situaciones:<\/p>\n<ul>\n<li style=\"list-style-type: none\">\n<ul>\n<li>Ser persona trabajadora por cuenta propia o ajena de manera que no puedas acudir al centro educativo de car\u00e1cter ordinario.<\/li>\n<li>Ser deportista de rendimiento en Andaluc\u00eda o de alto rendimiento o alto nivel.<\/li>\n<li>Encontrarte en situaci\u00f3n personal extraordinaria de enfermedad, discapacidad o cualquier otra situaci\u00f3n que te impida cursar las ense\u00f1anzas en r\u00e9gimen ordinario, quedando incluidas en est supuesto las v\u00edctimas de la violencia de g\u00e9nero y las v\u00edctimas de terrorismo, as\u00ed como sus hijos e hijas, y las personas que se encuentren en situaci\u00f3n de dificultad social extrema o riesgo de exclusi\u00f3n.<\/li>\n<li>Estar en situaci\u00f3n de internamiento en centros penitenciarios o de menores sujeta a medidas de privaci\u00f3n de libertad por sentencia judicial.<\/li>\n<\/ul>\n<\/li>\n<\/ul>\n<p><strong>DOCUMENTACI\u00d3N:<\/strong><\/p>\n<ul>\n<li><strong>Solicitud de inscripci\u00f3n<\/strong>.&nbsp;<\/li>\n<li>Fotocopia del<strong>&nbsp;D.N.I.<\/strong>&nbsp;del&nbsp;<strong>N.I.E.&nbsp;<\/strong>o del&nbsp;<strong>pasaporte<\/strong>.<\/li>\n<\/ul>\n<p>Puedes&nbsp;<strong>descargar<\/strong>&nbsp;tu solicitud de matr\u00edcula y traerla rellena junto con tu DNI para matriculaci\u00f3n. Para ello haz clic en el siguiente enlace:<\/p>\n<p><strong><a href=\"https:\/\/blogsaverroes.juntadeandalucia.es\/cepermadinatalixena\/files\/2021\/02\/anexo_V_matric_Planes.pdf\">IMPRESO SOLICITUD DE MATR\u00cdCULA<\/a><\/strong><\/p>\n","protected":false},"excerpt":{"rendered":"<p>Para cursar planes educativos en modalidad&nbsp;presencial&nbsp;no es necesario solicitar admisi\u00f3n por lo que directamente podr\u00e1s presentar tu matricula para hasta tres planes educativos, por orden de preferencia, en un \u00fanico centro. Si en el&#46;&#46;&#46;<\/p>\n","protected":false},"author":17234,"featured_media":0,"parent":0,"menu_order":0,"comment_status":"closed","ping_status":"closed","template":"","meta":{"ngg_post_thumbnail":0,"footnotes":""},"aioseo_notices":[],"_links":{"self":[{"href":"https:\/\/blogsaverroes.juntadeandalucia.es\/sep-montoro\/wp-json\/wp\/v2\/pages\/632"}],"collection":[{"href":"https:\/\/blogsaverroes.juntadeandalucia.es\/sep-montoro\/wp-json\/wp\/v2\/pages"}],"about":[{"href":"https:\/\/blogsaverroes.juntadeandalucia.es\/sep-montoro\/wp-json\/wp\/v2\/types\/page"}],"author":[{"embeddable":true,"href":"https:\/\/blogsaverroes.juntadeandalucia.es\/sep-montoro\/wp-json\/wp\/v2\/users\/17234"}],"replies":[{"embeddable":true,"href":"https:\/\/blogsaverroes.juntadeandalucia.es\/sep-montoro\/wp-json\/wp\/v2\/comments?post=632"}],"version-history":[{"count":2,"href":"https:\/\/blogsaverroes.juntadeandalucia.es\/sep-montoro\/wp-json\/wp\/v2\/pages\/632\/revisions"}],"predecessor-version":[{"id":746,"href":"https:\/\/blogsaverroes.juntadeandalucia.es\/sep-montoro\/wp-json\/wp\/v2\/pages\/632\/revisions\/746"}],"wp:attachment":[{"href":"https:\/\/blogsaverroes.juntadeandalucia.es\/sep-montoro\/wp-json\/wp\/v2\/media?parent=632"}],"curies":[{"name":"wp","href":"https:\/\/api.w.org\/{rel}","templated":true}]}}