{"id":2375,"date":"2017-10-19T14:56:21","date_gmt":"2017-10-19T12:56:21","guid":{"rendered":"https:\/\/blogsaverroes.juntadeandalucia.es\/sepalanis\/?page_id=2375"},"modified":"2021-01-26T17:19:51","modified_gmt":"2021-01-26T16:19:51","slug":"inicio","status":"publish","type":"page","link":"https:\/\/blogsaverroes.juntadeandalucia.es\/sepalanis\/","title":{"rendered":"Inicio"},"content":{"rendered":"<h3 style=\"text-align: center\"><strong>Bienvenido a <\/strong><strong>la web de nuestro centro<\/strong><\/h3>\n<p>&nbsp;<\/p>\n<div id=\"attachment_2418\" style=\"width: 310px\" class=\"wp-caption alignleft\"><a href=\"https:\/\/blogsaverroes.juntadeandalucia.es\/sepalanis\/files\/2018\/03\/entrada_sep.jpg\"><img loading=\"lazy\" decoding=\"async\" aria-describedby=\"caption-attachment-2418\" class=\"wp-image-2418 size-medium\" src=\"https:\/\/blogsaverroes.juntadeandalucia.es\/sepalanis\/files\/2018\/03\/entrada_sep-300x225.jpg\" alt=\"\" width=\"300\" height=\"225\" srcset=\"https:\/\/blogsaverroes.juntadeandalucia.es\/sepalanis\/files\/2018\/03\/entrada_sep-300x225.jpg 300w, https:\/\/blogsaverroes.juntadeandalucia.es\/sepalanis\/files\/2018\/03\/entrada_sep-768x576.jpg 768w, https:\/\/blogsaverroes.juntadeandalucia.es\/sepalanis\/files\/2018\/03\/entrada_sep-1024x768.jpg 1024w, https:\/\/blogsaverroes.juntadeandalucia.es\/sepalanis\/files\/2018\/03\/entrada_sep-700x525.jpg 700w, https:\/\/blogsaverroes.juntadeandalucia.es\/sepalanis\/files\/2018\/03\/entrada_sep-24x18.jpg 24w, https:\/\/blogsaverroes.juntadeandalucia.es\/sepalanis\/files\/2018\/03\/entrada_sep-36x27.jpg 36w, https:\/\/blogsaverroes.juntadeandalucia.es\/sepalanis\/files\/2018\/03\/entrada_sep-48x36.jpg 48w, https:\/\/blogsaverroes.juntadeandalucia.es\/sepalanis\/files\/2018\/03\/entrada_sep.jpg 1600w\" sizes=\"(max-width: 300px) 100vw, 300px\" \/><\/a><p id=\"caption-attachment-2418\" class=\"wp-caption-text\">Centro C\u00edvico Juan de Castellanos<\/p><\/div>\n<p>&nbsp;<\/p>\n<p>&nbsp;<\/p>\n<p>&nbsp;<\/p>\n<p>Somos el centro p\u00fablico de Educaci\u00f3n Permanente de Alan\u00eds (Sevilla). Llevamos m\u00e1s de 10 a\u00f1os trabajando en la educaci\u00f3n y formaci\u00f3n de personas adultas. Conscientes del auge de las nuevas tecnolog\u00edas, creamos esta p\u00e1gina web para estar en contacto con nuestro alumnado.<\/p>\n<p>&nbsp;<\/p>\n<p>Nuestra oferta formativa es muy amplia y gratuita:<\/p>\n<p>\u25cf Preparamos para la obtenci\u00f3n del T\u00edtulo de Graduado en ESO, de forma semipresencial a trav\u00e9s de las Tutor\u00edas de Apoyo al Estudio (TAE) en colaboraci\u00f3n con el IES San Fernando de Constantina, con excelentes resultados<\/p>\n<p>\u25cf Trabajamos con los grupos de Formaci\u00f3n B\u00e1sica para aquellas personas que lo demandan<\/p>\n<p style=\"text-align: left\">\u25cf Tenemos cursos de inform\u00e1tica<\/p>\n<p style=\"text-align: center\"><strong>Plataformas Educativas:<\/strong><\/p>\n<table class=\" alignright\" style=\"border-collapse: collapse;width: 1.45031%;height: 426px\">\n<tbody>\n<tr style=\"height: 118px\">\n<td style=\"width: 100%;text-align: center;height: 118px\">\n<p><div id=\"attachment_2650\" style=\"width: 276px\" class=\"wp-caption aligncenter\"><a title=\"Moodle SEP Alan\u00eds\" href=\"https:\/\/educacionadistancia.juntadeandalucia.es\/centros\/sevilla\/\" target=\"_blank\" rel=\"noopener noreferrer\"><img loading=\"lazy\" decoding=\"async\" aria-describedby=\"caption-attachment-2650\" class=\"wp-image-2650 \" src=\"https:\/\/blogsaverroes.juntadeandalucia.es\/sepalanis\/files\/2020\/05\/logo_moodle_centros.png\" alt=\"\" width=\"266\" height=\"106\" srcset=\"https:\/\/blogsaverroes.juntadeandalucia.es\/sepalanis\/files\/2020\/05\/logo_moodle_centros.png 250w, https:\/\/blogsaverroes.juntadeandalucia.es\/sepalanis\/files\/2020\/05\/logo_moodle_centros-24x10.png 24w, https:\/\/blogsaverroes.juntadeandalucia.es\/sepalanis\/files\/2020\/05\/logo_moodle_centros-36x14.png 36w, https:\/\/blogsaverroes.juntadeandalucia.es\/sepalanis\/files\/2020\/05\/logo_moodle_centros-48x19.png 48w\" sizes=\"(max-width: 266px) 100vw, 266px\" \/><\/a><p id=\"caption-attachment-2650\" class=\"wp-caption-text\">Enlace para todo el alumnado<\/p><\/div><\/td>\n<\/tr>\n<tr style=\"height: 87px\">\n<td style=\"width: 100%;text-align: center;height: 65px\">\n<p><div id=\"attachment_2650\" style=\"width: 238px\" class=\"wp-caption aligncenter\"><a title=\"Moodle IES San Fernando\" href=\"https:\/\/educacionadistancia.juntadeandalucia.es\/semi\/\" target=\"_blank\" rel=\"noopener noreferrer\"><img loading=\"lazy\" decoding=\"async\" aria-describedby=\"caption-attachment-2650\" class=\"wp-image-2647\" src=\"https:\/\/blogsaverroes.juntadeandalucia.es\/sepalanis\/files\/2020\/05\/aula-virtual.jpg\" alt=\"\" width=\"228\" height=\"69\" srcset=\"https:\/\/blogsaverroes.juntadeandalucia.es\/sepalanis\/files\/2020\/05\/aula-virtual.jpg 164w, https:\/\/blogsaverroes.juntadeandalucia.es\/sepalanis\/files\/2020\/05\/aula-virtual-24x7.jpg 24w, https:\/\/blogsaverroes.juntadeandalucia.es\/sepalanis\/files\/2020\/05\/aula-virtual-36x11.jpg 36w, https:\/\/blogsaverroes.juntadeandalucia.es\/sepalanis\/files\/2020\/05\/aula-virtual-48x15.jpg 48w\" sizes=\"(max-width: 228px) 100vw, 228px\" \/><\/a><p id=\"caption-attachment-2650\" class=\"wp-caption-text\">Enlace para los estudiantes de secundaria<\/p><\/div><\/td>\n<\/tr>\n<\/tbody>\n<\/table>\n<p style=\"text-align: right\">&nbsp;<\/p>\n<p style=\"text-align: right\">&nbsp;<\/p>\n<p style=\"text-align: right\">&nbsp;<\/p>\n<div id=\"attachment_2764\" style=\"width: 310px\" class=\"wp-caption alignright\"><a href=\"https:\/\/classroom.google.com\/\" target=\"_blank\" rel=\"noopener noreferrer\"><img loading=\"lazy\" decoding=\"async\" aria-describedby=\"caption-attachment-2764\" class=\"wp-image-2764 size-medium\" src=\"https:\/\/blogsaverroes.juntadeandalucia.es\/sepalanis\/files\/2021\/01\/googlews-300x144.png\" alt=\"Acceso a GSuite\" width=\"300\" height=\"144\" srcset=\"https:\/\/blogsaverroes.juntadeandalucia.es\/sepalanis\/files\/2021\/01\/googlews-300x144.png 300w, https:\/\/blogsaverroes.juntadeandalucia.es\/sepalanis\/files\/2021\/01\/googlews-320x155.png 320w, https:\/\/blogsaverroes.juntadeandalucia.es\/sepalanis\/files\/2021\/01\/googlews-24x11.png 24w, https:\/\/blogsaverroes.juntadeandalucia.es\/sepalanis\/files\/2021\/01\/googlews-36x17.png 36w, https:\/\/blogsaverroes.juntadeandalucia.es\/sepalanis\/files\/2021\/01\/googlews-48x23.png 48w, https:\/\/blogsaverroes.juntadeandalucia.es\/sepalanis\/files\/2021\/01\/googlews.png 324w\" sizes=\"(max-width: 300px) 100vw, 300px\" \/><\/a><p id=\"caption-attachment-2764\" class=\"wp-caption-text\">Se accede con nombre de usuario en S\u00e9neca seguido de @g.educaand.es<\/p><\/div>\n<p>&nbsp;<\/p>\n<p>&nbsp;<\/p>\n<p>&nbsp;<\/p>\n<p>&nbsp;<\/p>\n<p>&nbsp;<\/p>\n<p>&nbsp;<\/p>\n<p>&nbsp;<\/p>\n<p>&nbsp;<\/p>\n<p>&nbsp;<\/p>\n<p style=\"text-align: center\"><em>Este sitio est\u00e1 en construcci\u00f3n. Disculpe las molestias.<\/em><\/p>\n","protected":false},"excerpt":{"rendered":"<p>Bienvenido a la web de nuestro centro &nbsp; &nbsp; &nbsp; &nbsp; Somos el centro p\u00fablico de Educaci\u00f3n Permanente de Alan\u00eds (Sevilla). Llevamos m\u00e1s de 10 a\u00f1os trabajando en la educaci\u00f3n y formaci\u00f3n de personas&#46;&#46;&#46;<\/p>\n","protected":false},"author":5174,"featured_media":0,"parent":0,"menu_order":0,"comment_status":"closed","ping_status":"closed","template":"","meta":{"ngg_post_thumbnail":0,"footnotes":"","_mc_calendar":[]},"aioseo_notices":[],"_links":{"self":[{"href":"https:\/\/blogsaverroes.juntadeandalucia.es\/sepalanis\/wp-json\/wp\/v2\/pages\/2375"}],"collection":[{"href":"https:\/\/blogsaverroes.juntadeandalucia.es\/sepalanis\/wp-json\/wp\/v2\/pages"}],"about":[{"href":"https:\/\/blogsaverroes.juntadeandalucia.es\/sepalanis\/wp-json\/wp\/v2\/types\/page"}],"author":[{"embeddable":true,"href":"https:\/\/blogsaverroes.juntadeandalucia.es\/sepalanis\/wp-json\/wp\/v2\/users\/5174"}],"replies":[{"embeddable":true,"href":"https:\/\/blogsaverroes.juntadeandalucia.es\/sepalanis\/wp-json\/wp\/v2\/comments?post=2375"}],"version-history":[{"count":60,"href":"https:\/\/blogsaverroes.juntadeandalucia.es\/sepalanis\/wp-json\/wp\/v2\/pages\/2375\/revisions"}],"predecessor-version":[{"id":2773,"href":"https:\/\/blogsaverroes.juntadeandalucia.es\/sepalanis\/wp-json\/wp\/v2\/pages\/2375\/revisions\/2773"}],"wp:attachment":[{"href":"https:\/\/blogsaverroes.juntadeandalucia.es\/sepalanis\/wp-json\/wp\/v2\/media?parent=2375"}],"curies":[{"name":"wp","href":"https:\/\/api.w.org\/{rel}","templated":true}]}}