{"id":2493,"date":"2018-03-14T19:04:50","date_gmt":"2018-03-14T18:04:50","guid":{"rendered":"https:\/\/blogsaverroes.juntadeandalucia.es\/sepalanis\/?page_id=2493"},"modified":"2020-05-21T23:41:00","modified_gmt":"2020-05-21T21:41:00","slug":"espa","status":"publish","type":"page","link":"https:\/\/blogsaverroes.juntadeandalucia.es\/sepalanis\/espa\/","title":{"rendered":"Educaci\u00f3n Secundaria Obligatoria (ESPA)"},"content":{"rendered":"<p>En este nivel se ofrecen los elementos b\u00e1sicos de la cultura para la obtenci\u00f3n del t\u00edtulo de Graduado en Educaci\u00f3n Secundaria que permiten la incorporaci\u00f3n a la vida laboral y acceder a una formaci\u00f3n superior. El desarrollo de este nivel, que tiene con car\u00e1cter general una duraci\u00f3n de dos a\u00f1os acad\u00e9micos, se organiza en dos ciclos de un a\u00f1o acad\u00e9mico cada uno. No obstante, esta duraci\u00f3n puede variar para acomodarse a los diferentes ritmos de aprendizaje que puedan presentar algunas personas adultas.<\/p>\n<p>Destinatarios: Personas mayores de 18 a\u00f1os que deseen obtener el t\u00edtulo de Graduado en Educaci\u00f3n Secundaria.<\/p>\n<p>Este nivel se puede cursar en la modalidad presencial o en la modalidad semipresencial o a distancia.<\/p>\n<p><strong>Modalidad presencial:<\/strong><\/p>\n<p>Se estructura en dos ciclos de un curso acad\u00e9mico cada uno, con presencia del alumno o alumna en el centro durante los cinco d\u00edas lectivos de la semana.<\/p>\n<p>Estos estudios se cursan en Institutos de Educaci\u00f3n Secundaria autorizados y en los Institutos Provinciales de Formaci\u00f3n de Adultos.<\/p>\n<p><strong>Modalidad semipresencial o a distancia:<\/strong><\/p>\n<p>Se estructura en cuatro m\u00f3dulos independientes coordinados entre si, los m\u00f3dulos I y II corresponden al primer ciclo de la Educaci\u00f3n Secundaria Obligatoria para adultos, y los m\u00f3dulos III y IV al segundo ciclo de estas ense\u00f1anzas.<\/p>\n<p>Cada uno de los m\u00f3dulos se desarrolla en un periodo cuatrimestral, comprendiendo el primer cuatrimestre los meses de septiembre a enero y el segundo cuatrimestre los meses de febrero a junio.<\/p>\n<p>Estas ense\u00f1anzas se llevan a cabo mediante tutor\u00edas colectivas e individuales de apoyo acad\u00e9mico y de orientaci\u00f3n personal y se pueden recibir asistiendo al centro, mediante red telef\u00f3nica, red telem\u00e1tica, correspondencia, etc. S\u00f3lo es necesaria la presencia para realizar las pruebas de final de m\u00f3dulo.<\/p>\n<p>Se imparte en los Institutos Provinciales de Formaci\u00f3n de Adultos y en Institutos de Educaci\u00f3n Secundaria autorizados.<\/p>\n","protected":false},"excerpt":{"rendered":"<p>En este nivel se ofrecen los elementos b\u00e1sicos de la cultura para la obtenci\u00f3n del t\u00edtulo de Graduado en Educaci\u00f3n Secundaria que permiten la incorporaci\u00f3n a la vida laboral y acceder a una formaci\u00f3n&#46;&#46;&#46;<\/p>\n","protected":false},"author":5174,"featured_media":0,"parent":0,"menu_order":0,"comment_status":"closed","ping_status":"closed","template":"","meta":{"ngg_post_thumbnail":0,"footnotes":"","_mc_calendar":[]},"aioseo_notices":[],"_links":{"self":[{"href":"https:\/\/blogsaverroes.juntadeandalucia.es\/sepalanis\/wp-json\/wp\/v2\/pages\/2493"}],"collection":[{"href":"https:\/\/blogsaverroes.juntadeandalucia.es\/sepalanis\/wp-json\/wp\/v2\/pages"}],"about":[{"href":"https:\/\/blogsaverroes.juntadeandalucia.es\/sepalanis\/wp-json\/wp\/v2\/types\/page"}],"author":[{"embeddable":true,"href":"https:\/\/blogsaverroes.juntadeandalucia.es\/sepalanis\/wp-json\/wp\/v2\/users\/5174"}],"replies":[{"embeddable":true,"href":"https:\/\/blogsaverroes.juntadeandalucia.es\/sepalanis\/wp-json\/wp\/v2\/comments?post=2493"}],"version-history":[{"count":1,"href":"https:\/\/blogsaverroes.juntadeandalucia.es\/sepalanis\/wp-json\/wp\/v2\/pages\/2493\/revisions"}],"predecessor-version":[{"id":2494,"href":"https:\/\/blogsaverroes.juntadeandalucia.es\/sepalanis\/wp-json\/wp\/v2\/pages\/2493\/revisions\/2494"}],"wp:attachment":[{"href":"https:\/\/blogsaverroes.juntadeandalucia.es\/sepalanis\/wp-json\/wp\/v2\/media?parent=2493"}],"curies":[{"name":"wp","href":"https:\/\/api.w.org\/{rel}","templated":true}]}}