{"id":2502,"date":"2018-03-14T19:19:57","date_gmt":"2018-03-14T18:19:57","guid":{"rendered":"https:\/\/blogsaverroes.juntadeandalucia.es\/sepalanis\/?page_id=2502"},"modified":"2020-05-22T00:17:16","modified_gmt":"2020-05-21T22:17:16","slug":"profesorado","status":"publish","type":"page","link":"https:\/\/blogsaverroes.juntadeandalucia.es\/sepalanis\/profesorado\/","title":{"rendered":"Profesorado"},"content":{"rendered":"<ul>\n<li><strong>Maestro 1:<\/strong> Lengua, Geograf\u00eda, Historia, Cultura general<\/li>\n<li><strong>Maestro 2:<\/strong> Matem\u00e1ticas, Ciencias Naturales, Econom\u00eda, Inform\u00e1tica<\/li>\n<li><strong>Maestro 3:<\/strong> Ingl\u00e9s<\/li>\n<\/ul>\n","protected":false},"excerpt":{"rendered":"<p>Maestro 1: Lengua, Geograf\u00eda, Historia, Cultura general Maestro 2: Matem\u00e1ticas, Ciencias Naturales, Econom\u00eda, Inform\u00e1tica Maestro 3: Ingl\u00e9s<\/p>\n","protected":false},"author":5174,"featured_media":0,"parent":0,"menu_order":0,"comment_status":"closed","ping_status":"closed","template":"","meta":{"ngg_post_thumbnail":0,"footnotes":"","_mc_calendar":[]},"aioseo_notices":[],"_links":{"self":[{"href":"https:\/\/blogsaverroes.juntadeandalucia.es\/sepalanis\/wp-json\/wp\/v2\/pages\/2502"}],"collection":[{"href":"https:\/\/blogsaverroes.juntadeandalucia.es\/sepalanis\/wp-json\/wp\/v2\/pages"}],"about":[{"href":"https:\/\/blogsaverroes.juntadeandalucia.es\/sepalanis\/wp-json\/wp\/v2\/types\/page"}],"author":[{"embeddable":true,"href":"https:\/\/blogsaverroes.juntadeandalucia.es\/sepalanis\/wp-json\/wp\/v2\/users\/5174"}],"replies":[{"embeddable":true,"href":"https:\/\/blogsaverroes.juntadeandalucia.es\/sepalanis\/wp-json\/wp\/v2\/comments?post=2502"}],"version-history":[{"count":1,"href":"https:\/\/blogsaverroes.juntadeandalucia.es\/sepalanis\/wp-json\/wp\/v2\/pages\/2502\/revisions"}],"predecessor-version":[{"id":2503,"href":"https:\/\/blogsaverroes.juntadeandalucia.es\/sepalanis\/wp-json\/wp\/v2\/pages\/2502\/revisions\/2503"}],"wp:attachment":[{"href":"https:\/\/blogsaverroes.juntadeandalucia.es\/sepalanis\/wp-json\/wp\/v2\/media?parent=2502"}],"curies":[{"name":"wp","href":"https:\/\/api.w.org\/{rel}","templated":true}]}}