{"id":15,"date":"2020-01-09T10:56:20","date_gmt":"2020-01-09T09:56:20","guid":{"rendered":"http:\/\/blogsaverroes.juntadeandalucia.es\/pre\/nuevoceipv2\/?page_id=15"},"modified":"2022-03-18T15:48:18","modified_gmt":"2022-03-18T14:48:18","slug":"inicio","status":"publish","type":"page","link":"https:\/\/blogsaverroes.juntadeandalucia.es\/sepcastrodelrio\/","title":{"rendered":"Inicio"},"content":{"rendered":"<p>&nbsp;<\/p>\n<h2><strong style=\"font-size: 16px\"><img loading=\"lazy\" decoding=\"async\" class=\"size-medium wp-image-22 alignleft\" src=\"https:\/\/blogsaverroes.juntadeandalucia.es\/sepcastrodelrio\/files\/2020\/01\/JUNTA_ANDALUCIA_ESCOLARIZACION_CARTEL_A4_3-219x300.jpg\" alt=\"\" width=\"219\" height=\"300\" srcset=\"https:\/\/blogsaverroes.juntadeandalucia.es\/sepcastrodelrio\/files\/2020\/01\/JUNTA_ANDALUCIA_ESCOLARIZACION_CARTEL_A4_3-219x300.jpg 219w, https:\/\/blogsaverroes.juntadeandalucia.es\/sepcastrodelrio\/files\/2020\/01\/JUNTA_ANDALUCIA_ESCOLARIZACION_CARTEL_A4_3-746x1024.jpg 746w, https:\/\/blogsaverroes.juntadeandalucia.es\/sepcastrodelrio\/files\/2020\/01\/JUNTA_ANDALUCIA_ESCOLARIZACION_CARTEL_A4_3-768x1054.jpg 768w, https:\/\/blogsaverroes.juntadeandalucia.es\/sepcastrodelrio\/files\/2020\/01\/JUNTA_ANDALUCIA_ESCOLARIZACION_CARTEL_A4_3-480x659.jpg 480w, https:\/\/blogsaverroes.juntadeandalucia.es\/sepcastrodelrio\/files\/2020\/01\/JUNTA_ANDALUCIA_ESCOLARIZACION_CARTEL_A4_3-17x24.jpg 17w, https:\/\/blogsaverroes.juntadeandalucia.es\/sepcastrodelrio\/files\/2020\/01\/JUNTA_ANDALUCIA_ESCOLARIZACION_CARTEL_A4_3-26x36.jpg 26w, https:\/\/blogsaverroes.juntadeandalucia.es\/sepcastrodelrio\/files\/2020\/01\/JUNTA_ANDALUCIA_ESCOLARIZACION_CARTEL_A4_3-35x48.jpg 35w, https:\/\/blogsaverroes.juntadeandalucia.es\/sepcastrodelrio\/files\/2020\/01\/JUNTA_ANDALUCIA_ESCOLARIZACION_CARTEL_A4_3.jpg 918w\" sizes=\"(max-width: 219px) 100vw, 219px\" \/><\/strong><\/h2>\n<p>&nbsp;<\/p>\n<p><span style=\"font-size: 14pt;font-family: 'trebuchet ms', geneva, sans-serif\"><strong>Bienvenidos a nuestro centro de formaci\u00f3n permanente. Esperamos que vuestra presencia aqu\u00ed os ayude a aprender todo aquello a lo que hab\u00e9is optado.<\/strong><\/span><\/p>\n<p>&nbsp;<\/p>\n<p>&nbsp;<\/p>\n<p>&nbsp;<\/p>\n<p>&nbsp;<\/p>\n<p>&nbsp;<\/p>\n<p>&nbsp;<\/p>\n<p>&nbsp;<\/p>\n<p>&nbsp;<\/p>\n<p>&nbsp;<\/p>\n<p>&nbsp;<\/p>\n<p>&nbsp;<\/p>\n<p>&nbsp;<\/p>\n","protected":false},"excerpt":{"rendered":"<p>&nbsp; &nbsp; Bienvenidos a nuestro centro de formaci\u00f3n permanente. Esperamos que vuestra presencia aqu\u00ed os ayude a aprender todo aquello a lo que hab\u00e9is optado. &nbsp; &nbsp; &nbsp; &nbsp; &nbsp; &nbsp; &nbsp; &nbsp; &nbsp;&#46;&#46;&#46;<\/p>\n","protected":false},"author":14643,"featured_media":0,"parent":0,"menu_order":0,"comment_status":"closed","ping_status":"closed","template":"","meta":{"ngg_post_thumbnail":0,"footnotes":""},"aioseo_notices":[],"_links":{"self":[{"href":"https:\/\/blogsaverroes.juntadeandalucia.es\/sepcastrodelrio\/wp-json\/wp\/v2\/pages\/15"}],"collection":[{"href":"https:\/\/blogsaverroes.juntadeandalucia.es\/sepcastrodelrio\/wp-json\/wp\/v2\/pages"}],"about":[{"href":"https:\/\/blogsaverroes.juntadeandalucia.es\/sepcastrodelrio\/wp-json\/wp\/v2\/types\/page"}],"author":[{"embeddable":true,"href":"https:\/\/blogsaverroes.juntadeandalucia.es\/sepcastrodelrio\/wp-json\/wp\/v2\/users\/14643"}],"replies":[{"embeddable":true,"href":"https:\/\/blogsaverroes.juntadeandalucia.es\/sepcastrodelrio\/wp-json\/wp\/v2\/comments?post=15"}],"version-history":[{"count":10,"href":"https:\/\/blogsaverroes.juntadeandalucia.es\/sepcastrodelrio\/wp-json\/wp\/v2\/pages\/15\/revisions"}],"predecessor-version":[{"id":1037,"href":"https:\/\/blogsaverroes.juntadeandalucia.es\/sepcastrodelrio\/wp-json\/wp\/v2\/pages\/15\/revisions\/1037"}],"wp:attachment":[{"href":"https:\/\/blogsaverroes.juntadeandalucia.es\/sepcastrodelrio\/wp-json\/wp\/v2\/media?parent=15"}],"curies":[{"name":"wp","href":"https:\/\/api.w.org\/{rel}","templated":true}]}}