{"id":658,"date":"2023-02-17T10:55:02","date_gmt":"2023-02-17T09:55:02","guid":{"rendered":"https:\/\/blogsaverroes.juntadeandalucia.es\/sepdealcolea\/?page_id=658"},"modified":"2023-04-27T19:20:06","modified_gmt":"2023-04-27T18:20:06","slug":"formacion-basica-2","status":"publish","type":"page","link":"https:\/\/blogsaverroes.juntadeandalucia.es\/sepdealcolea\/formacion-basica-2\/","title":{"rendered":"Formaci\u00f3n B\u00e1sica"},"content":{"rendered":"<div class=\"elementor-element elementor-element-9d096ef elementor-widget elementor-widget-text-editor\" data-id=\"9d096ef\">\n<div class=\"elementor-widget-container\">\n<div class=\"elementor-text-editor elementor-clearfix\">\n<p>La <span style=\"font-size: 14pt\"><strong>Formaci\u00f3n B\u00e1sica<\/strong><\/span> est\u00e1&nbsp; dise\u00f1ada para distintos grupos de personas que no son capaces de utilizar, con soltura, la lectura y escritura para resolver las situaciones que se le presentan en su vida cotidiana o para aquellas personas que carecen de conocimientos b\u00e1sicos para acceder a una titulaci\u00f3n.<\/p>\n<p>Este Plan educativo est\u00e1 organizado en dos niveles de un curso de duraci\u00f3n cada uno; Nivel I y Nivel II. Cada nivel contiene tres \u00e1mbitos de conocimiento y cada \u00e1mbito tres m\u00f3dulos, uno por trimestre. Puedes emplear de manera&nbsp; excepcional hasta <b>un m\u00e1ximo de tres a\u00f1os por nivel<\/b>&nbsp;si lo necesitaras.<\/p>\n<ul>\n<li>\u00c1mbito de Comunicaci\u00f3n.<\/li>\n<li>\u00c1mbito Cient\u00edfico-Tecnol\u00f3gico.<\/li>\n<li>\u00c1mbito Social.<\/li>\n<\/ul>\n<p>En la Formaci\u00f3n B\u00e1sica se promueve&nbsp; la adquisici\u00f3n de los conocimientos, las capacidades, las actitudes, as\u00ed como los objetivos generales y de las competencias b\u00e1sicas necesarias para acceder a la etapa de la Educaci\u00f3n Secundaria Obligatoria.<\/p>\n<\/div>\n<\/div>\n<\/div>\n","protected":false},"excerpt":{"rendered":"<p>La Formaci\u00f3n B\u00e1sica est\u00e1&nbsp; dise\u00f1ada para distintos grupos de personas que no son capaces de utilizar, con soltura, la lectura y escritura para resolver las situaciones que se le presentan en su vida cotidiana&#46;&#46;&#46;<\/p>\n","protected":false},"author":13374,"featured_media":0,"parent":0,"menu_order":0,"comment_status":"closed","ping_status":"closed","template":"","meta":{"ngg_post_thumbnail":0,"footnotes":""},"aioseo_notices":[],"_links":{"self":[{"href":"https:\/\/blogsaverroes.juntadeandalucia.es\/sepdealcolea\/wp-json\/wp\/v2\/pages\/658"}],"collection":[{"href":"https:\/\/blogsaverroes.juntadeandalucia.es\/sepdealcolea\/wp-json\/wp\/v2\/pages"}],"about":[{"href":"https:\/\/blogsaverroes.juntadeandalucia.es\/sepdealcolea\/wp-json\/wp\/v2\/types\/page"}],"author":[{"embeddable":true,"href":"https:\/\/blogsaverroes.juntadeandalucia.es\/sepdealcolea\/wp-json\/wp\/v2\/users\/13374"}],"replies":[{"embeddable":true,"href":"https:\/\/blogsaverroes.juntadeandalucia.es\/sepdealcolea\/wp-json\/wp\/v2\/comments?post=658"}],"version-history":[{"count":4,"href":"https:\/\/blogsaverroes.juntadeandalucia.es\/sepdealcolea\/wp-json\/wp\/v2\/pages\/658\/revisions"}],"predecessor-version":[{"id":852,"href":"https:\/\/blogsaverroes.juntadeandalucia.es\/sepdealcolea\/wp-json\/wp\/v2\/pages\/658\/revisions\/852"}],"wp:attachment":[{"href":"https:\/\/blogsaverroes.juntadeandalucia.es\/sepdealcolea\/wp-json\/wp\/v2\/media?parent=658"}],"curies":[{"name":"wp","href":"https:\/\/api.w.org\/{rel}","templated":true}]}}