{"id":662,"date":"2023-02-17T10:56:32","date_gmt":"2023-02-17T09:56:32","guid":{"rendered":"https:\/\/blogsaverroes.juntadeandalucia.es\/sepdealcolea\/?page_id=662"},"modified":"2023-04-27T19:09:44","modified_gmt":"2023-04-27T18:09:44","slug":"patrimonio","status":"publish","type":"page","link":"https:\/\/blogsaverroes.juntadeandalucia.es\/sepdealcolea\/patrimonio\/","title":{"rendered":"Patrimonio Cultural y mediombiental Andaluz"},"content":{"rendered":"<section class=\"elementor-section elementor-top-section elementor-element elementor-element-48ea8c2 elementor-section-boxed elementor-section-height-default elementor-section-height-default\" data-id=\"48ea8c2\">\n<div class=\"elementor-container elementor-column-gap-default\">\n<div class=\"elementor-column elementor-col-100 elementor-top-column elementor-element elementor-element-2c7d065\" data-id=\"2c7d065\">\n<div class=\"elementor-widget-wrap elementor-element-populated\">\n<div class=\"elementor-element elementor-element-d56b0d6 elementor-widget elementor-widget-text-editor\" data-id=\"d56b0d6\">\n<div class=\"elementor-widget-container\">\n<p>El prop\u00f3sito de este plan educativo es permitir de la forma m\u00e1s did\u00e1ctica, amena y accesible posible, que el alumnado pueda conocer, apreciar y velar por la conservaci\u00f3n de los principales elementos patrimoniales de tipo cultural y medioambiental que se encuentran dentro de nuestra comunidad, desde la arquitectura popular o la gastronom\u00eda hasta los registros documentales y monumentales, la m\u00fasica y la industria tradicional, as\u00ed como las extensas playas atl\u00e1nticas o las ex\u00f3ticas calas de Cabo de Gata, las cumbres de Sierra Nevada y las dehesas de Sierra Morena o el f\u00e9rtil valle del Guadalquivir.<\/p>\n<\/div>\n<\/div>\n<\/div>\n<\/div>\n<\/div>\n<\/section>\n<section class=\"elementor-section elementor-top-section elementor-element elementor-element-e49b943 elementor-section-boxed elementor-section-height-default elementor-section-height-default\" data-id=\"e49b943\">\n<div class=\"elementor-container elementor-column-gap-default\">\n<div class=\"elementor-column elementor-col-100 elementor-top-column elementor-element elementor-element-fa07039\" data-id=\"fa07039\">\n<div class=\"elementor-widget-wrap elementor-element-populated\">\n<div class=\"elementor-element elementor-element-13a6ee1 elementor-widget elementor-widget-text-editor\" data-id=\"13a6ee1\">\n<div class=\"elementor-widget-container\">\n<p>En definitiva conocer, comprender y valorar el medio en el que vive el ser humano es el primer paso para que \u00e9ste adopte estrategias que conduzcan hacia una conservaci\u00f3n del rico patrimonio cultural y natural de Andaluc\u00eda.<\/p>\n<\/div>\n<\/div>\n<\/div>\n<\/div>\n<\/div>\n<\/section>\n","protected":false},"excerpt":{"rendered":"<p>El prop\u00f3sito de este plan educativo es permitir de la forma m\u00e1s did\u00e1ctica, amena y accesible posible, que el alumnado pueda conocer, apreciar y velar por la conservaci\u00f3n de los principales elementos patrimoniales de&#46;&#46;&#46;<\/p>\n","protected":false},"author":13374,"featured_media":0,"parent":0,"menu_order":0,"comment_status":"closed","ping_status":"closed","template":"","meta":{"ngg_post_thumbnail":0,"footnotes":""},"aioseo_notices":[],"_links":{"self":[{"href":"https:\/\/blogsaverroes.juntadeandalucia.es\/sepdealcolea\/wp-json\/wp\/v2\/pages\/662"}],"collection":[{"href":"https:\/\/blogsaverroes.juntadeandalucia.es\/sepdealcolea\/wp-json\/wp\/v2\/pages"}],"about":[{"href":"https:\/\/blogsaverroes.juntadeandalucia.es\/sepdealcolea\/wp-json\/wp\/v2\/types\/page"}],"author":[{"embeddable":true,"href":"https:\/\/blogsaverroes.juntadeandalucia.es\/sepdealcolea\/wp-json\/wp\/v2\/users\/13374"}],"replies":[{"embeddable":true,"href":"https:\/\/blogsaverroes.juntadeandalucia.es\/sepdealcolea\/wp-json\/wp\/v2\/comments?post=662"}],"version-history":[{"count":4,"href":"https:\/\/blogsaverroes.juntadeandalucia.es\/sepdealcolea\/wp-json\/wp\/v2\/pages\/662\/revisions"}],"predecessor-version":[{"id":847,"href":"https:\/\/blogsaverroes.juntadeandalucia.es\/sepdealcolea\/wp-json\/wp\/v2\/pages\/662\/revisions\/847"}],"wp:attachment":[{"href":"https:\/\/blogsaverroes.juntadeandalucia.es\/sepdealcolea\/wp-json\/wp\/v2\/media?parent=662"}],"curies":[{"name":"wp","href":"https:\/\/api.w.org\/{rel}","templated":true}]}}