{"id":693,"date":"2023-03-03T09:20:44","date_gmt":"2023-03-03T08:20:44","guid":{"rendered":"https:\/\/blogsaverroes.juntadeandalucia.es\/sepdealcolea\/?page_id=693"},"modified":"2023-04-27T18:23:51","modified_gmt":"2023-04-27T17:23:51","slug":"datos-sep","status":"publish","type":"page","link":"https:\/\/blogsaverroes.juntadeandalucia.es\/sepdealcolea\/datos-sep\/","title":{"rendered":"Datos SEP"},"content":{"rendered":"<p><img decoding=\"async\" class=\"size-medium wp-image-824 alignleft\" src=\"https:\/\/blogsaverroes.juntadeandalucia.es\/sepdealcolea\/files\/2023\/04\/FOTO-CENTRO-300x162.png\" alt=\"\" width=\"300\" height=\"162\" srcset=\"https:\/\/blogsaverroes.juntadeandalucia.es\/sepdealcolea\/files\/2023\/04\/FOTO-CENTRO-300x162.png 300w, https:\/\/blogsaverroes.juntadeandalucia.es\/sepdealcolea\/files\/2023\/04\/FOTO-CENTRO.png 675w\" sizes=\"(max-width: 300px) 100vw, 300px\" \/><\/p>\n<p><span style=\"font-size: 14pt\"><strong>DIRECCI\u00d3N: <\/strong>Carretera Madrid, s\/n. <em>Alcolea<\/em>. C\u00f3rdoba. Edificio: CEIP Joaqu\u00edn Tena Artigas<\/span><\/p>\n<p><span style=\"font-size: 14pt\"><strong>C\u00d3DIGO POSTAL: <\/strong>14610<\/span><\/p>\n<p><span style=\"font-size: 14pt\"><strong>TEL\u00c9FONO: <\/strong>957379680<\/span><\/p>\n<p><span style=\"font-size: 14pt\"><strong>EMAIL<\/strong>: 14500741.edu@juntadeandalucia.es<\/span><\/p>\n<p><iframe src=\"https:\/\/www.google.com\/maps\/embed?pb=!1m18!1m12!1m3!1d3146.9234742703647!2d-4.6786651846778415!3d37.932218179730995!2m3!1f0!2f0!3f0!3m2!1i1024!2i768!4f13.1!3m3!1m2!1s0xd6ce1062d6fbfcf%3A0x71d8f3b8ed8edf88!2sJunta%20de%20Andaluc%C3%ADa%20Colegio%20P%C3%BAblico%20Joaqu%C3%ADn%20Tena%20Artigas!5e0!3m2!1ses!2ses!4v1682615672175!5m2!1ses!2ses\" width=\"600\" height=\"450\"><\/iframe><\/p>\n","protected":false},"excerpt":{"rendered":"<p>DIRECCI\u00d3N: Carretera Madrid, s\/n. Alcolea. C\u00f3rdoba. Edificio: CEIP Joaqu\u00edn Tena Artigas C\u00d3DIGO POSTAL: 14610 TEL\u00c9FONO: 957379680 EMAIL: 14500741.edu@juntadeandalucia.es<\/p>\n","protected":false},"author":13374,"featured_media":0,"parent":0,"menu_order":0,"comment_status":"closed","ping_status":"closed","template":"","meta":{"ngg_post_thumbnail":0,"footnotes":""},"aioseo_notices":[],"_links":{"self":[{"href":"https:\/\/blogsaverroes.juntadeandalucia.es\/sepdealcolea\/wp-json\/wp\/v2\/pages\/693"}],"collection":[{"href":"https:\/\/blogsaverroes.juntadeandalucia.es\/sepdealcolea\/wp-json\/wp\/v2\/pages"}],"about":[{"href":"https:\/\/blogsaverroes.juntadeandalucia.es\/sepdealcolea\/wp-json\/wp\/v2\/types\/page"}],"author":[{"embeddable":true,"href":"https:\/\/blogsaverroes.juntadeandalucia.es\/sepdealcolea\/wp-json\/wp\/v2\/users\/13374"}],"replies":[{"embeddable":true,"href":"https:\/\/blogsaverroes.juntadeandalucia.es\/sepdealcolea\/wp-json\/wp\/v2\/comments?post=693"}],"version-history":[{"count":8,"href":"https:\/\/blogsaverroes.juntadeandalucia.es\/sepdealcolea\/wp-json\/wp\/v2\/pages\/693\/revisions"}],"predecessor-version":[{"id":832,"href":"https:\/\/blogsaverroes.juntadeandalucia.es\/sepdealcolea\/wp-json\/wp\/v2\/pages\/693\/revisions\/832"}],"wp:attachment":[{"href":"https:\/\/blogsaverroes.juntadeandalucia.es\/sepdealcolea\/wp-json\/wp\/v2\/media?parent=693"}],"curies":[{"name":"wp","href":"https:\/\/api.w.org\/{rel}","templated":true}]}}