{"id":1013,"date":"2024-11-29T00:11:59","date_gmt":"2024-11-28T23:11:59","guid":{"rendered":"https:\/\/blogsaverroes.juntadeandalucia.es\/sepgines\/?page_id=1013"},"modified":"2025-03-08T19:22:17","modified_gmt":"2025-03-08T18:22:17","slug":"matriculacion","status":"publish","type":"page","link":"https:\/\/blogsaverroes.juntadeandalucia.es\/sepgines\/matriculacion\/","title":{"rendered":"Inscripci\u00f3n y matriculaci\u00f3n"},"content":{"rendered":"<p style=\"text-align: center\"><div class='et-box et-shadow'>\n\t\t\t\t\t<div class='et-box-content'><span style=\"color: #0000ff\"><strong>Matriculaci\u00f3n: JUNIO y SEPTIEMBRE <\/strong><\/span><\/div><\/div><\/p>\n<section class=\"elementor-section elementor-top-section elementor-element elementor-element-501740cf elementor-section-boxed elementor-section-height-default elementor-section-height-default\" data-id=\"501740cf\" data-element_type=\"section\">\n<div class=\"elementor-container elementor-column-gap-default\">\n<div class=\"elementor-row\">\n<div class=\"aux-parallax-section elementor-column elementor-col-100 elementor-top-column elementor-element elementor-element-665197f\" data-id=\"665197f\" data-element_type=\"column\">\n<div class=\"elementor-column-wrap elementor-element-populated\">\n<div class=\"elementor-widget-wrap\">\n<div class=\"elementor-element elementor-element-286dc4b3 elementor-widget elementor-widget-text-editor\" data-id=\"286dc4b3\" data-element_type=\"widget\" data-widget_type=\"text-editor.default\">\n<div class=\"elementor-widget-container\">\n<div class=\"elementor-text-editor elementor-clearfix\">\n<hr>\n<p><span style=\"font-size: 12pt\">Los periodos oficiales en los que se pueden realizar la solicitud ser\u00edan los siguientes:<\/span><\/p>\n<p><span style=\"font-size: 12pt\"><strong>PERIODO ORDINARIO<\/strong><\/span><\/p>\n<ul style=\"list-style-type: square\">\n<li><span style=\"font-size: 12pt\">Desde el 1 de junio hasta el 30 de junio.<\/span><\/li>\n<\/ul>\n<p><span style=\"font-size: 12pt\"><strong>PERIODO EXTRAORDINARIO<\/strong><\/span><\/p>\n<ul style=\"list-style-type: square\">\n<li><span style=\"font-size: 12pt\">Desde el 1 de septiembre hasta el 15 de octubre. (Hasta diciembre si hubieran plazas disponibles)<\/span><\/li>\n<\/ul>\n<\/div>\n<\/div>\n<\/div>\n<\/div>\n<\/div>\n<\/div>\n<\/div>\n<\/div>\n<\/section>\n<section class=\"elementor-section elementor-top-section elementor-element elementor-element-e17851b elementor-section-boxed elementor-section-height-default elementor-section-height-default\" data-id=\"e17851b\" data-element_type=\"section\">\n<div class=\"elementor-container elementor-column-gap-default\">\n<div class=\"elementor-row\">\n<div class=\"aux-parallax-section elementor-column elementor-col-100 elementor-top-column elementor-element elementor-element-1f24118\" data-id=\"1f24118\" data-element_type=\"column\">\n<div class=\"elementor-column-wrap elementor-element-populated\">\n<div class=\"elementor-widget-wrap\">\n<div class=\"elementor-element elementor-element-a28dc6a elementor-widget elementor-widget-spacer\" data-id=\"a28dc6a\" data-element_type=\"widget\" data-widget_type=\"spacer.default\">\n<div class=\"elementor-widget-container\">\n<div class=\"elementor-spacer\">\n<hr>\n<\/div>\n<\/div>\n<\/div>\n<\/div>\n<\/div>\n<\/div>\n<\/div>\n<\/div>\n<\/section>\n<p>&nbsp;<\/p>\n<p><span style=\"font-size: 12pt;color: #0000ff\"><strong>\u00bfD\u00f3nde se realiza la tramitaci\u00f3n de la matr\u00edcula?<\/strong><\/span><\/p>\n<p><span style=\"font-size: 12pt\">En el&nbsp;<em>Centro Municipal de Educaci\u00f3n Permanente<\/em> (C\/ del Aire, 2, Gines) o llamando por tel\u00e9fono al 955656854.<\/span><\/p>\n<p><span style=\"font-size: 12pt\">Puedes realizar la solicitud de matriculaci\u00f3n entreg\u00e1ndola en el Centro, junto con una fotocopia de tu DNI.<\/span><\/p>\n<div class=\"wp-block-file aligncenter\"><span style=\"font-size: 14pt;color: #ff6600\"><a style=\"color: #ff6600\" href=\"https:\/\/centroadultosarcilaxis.es\/wp-content\/uploads\/2019\/05\/matriculas-admision.pdf\" target=\"_blank\" rel=\"noreferrer noopener\"><span style=\"color: #339966\">Formulario de matr\u00edcula<\/span><\/a><span style=\"color: #339966\"><a style=\"color: #339966\" href=\"https:\/\/centroadultosarcilaxis.es\/wp-content\/uploads\/2019\/05\/matriculas-admision.pdf\">&nbsp;&nbsp;<\/a><strong><a class=\"wp-block-file__button\" style=\"color: #339966\" href=\"https:\/\/centroadultosarcilaxis.es\/wp-content\/uploads\/2019\/05\/matriculas-admision.pdf\"> Descargar<\/a><\/strong><\/span><\/span><\/div>\n<p>&nbsp;<\/p>\n<p><span style=\"font-size: 12pt;color: #0000ff\"><strong>\u00bfEn qu\u00e9 horario se atiende al p\u00fablico?<\/strong><\/span><\/p>\n<p><span style=\"font-size: 12pt\">Nosotros estamos en el centro:<\/span><\/p>\n<ul style=\"list-style-type: disc\">\n<li><span style=\"font-size: 12pt\"> <strong>Lunes a Jueves de 16:00 a 21:00h<\/strong><\/span><\/li>\n<li><span style=\"font-size: 12pt\"><strong>Viernes de 9:00 a 14:00h<\/strong>.&nbsp;<\/span><\/li>\n<\/ul>\n<p><span style=\"font-size: 12pt\">Solicita cita previa en el Centro para poder atenderte o a trav\u00e9s de los cauces habilitados clicando en el icono:<\/span><\/p>\n<p><span style=\"font-size: 14pt\"><strong><a href=\"https:\/\/blogsaverroes.juntadeandalucia.es\/sepgines\/inicio\/sep-gines-3\/contactar-con-el-centro\/\"><img loading=\"lazy\" decoding=\"async\" class=\"alignnone wp-image-6378\" src=\"https:\/\/blogsaverroes.juntadeandalucia.es\/ceperalmaden\/files\/2022\/03\/ICONO-INFORMACI%C3%93N-1.jpg\" alt=\"\" width=\"78\" height=\"78\"><\/a> &nbsp; <\/strong><\/span><span style=\"font-size: 14pt\"><strong><a href=\"https:\/\/blogsaverroes.juntadeandalucia.es\/sepgines\/inicio\/sep-gines-3\/datos-del-centro\/\">Contacto con el Centro<\/a>.<\/strong><\/span><\/p>\n<p>&nbsp;<\/p>\n<p><span style=\"font-size: 12pt;color: #0000ff\"><strong>\u00bfQui\u00e9n se puede matricular en el Centro?<\/strong><\/span><\/p>\n<p><span style=\"font-size: 12pt\">Cualquier&nbsp;<em>persona mayor de 18 a\u00f1os<\/em> o que los cumpla en el a\u00f1o natural en que comience el curso acad\u00e9mico. No es necesario residir ni estar empadronado en Gines.&nbsp;<\/span><\/p>\n<p><span style=\"font-size: 12pt\"><em>Para la matr\u00edcula en&nbsp;Educaci\u00f3n Secundaria (ESO)<\/em>, de manera&nbsp;excepcional, tambi\u00e9n puedes acceder a las ense\u00f1anzas de personas adultas&nbsp;<em>si eres mayor de 16 a\u00f1os<\/em>, o los cumples en el a\u00f1o natural en que comienza el curso acad\u00e9mico,&nbsp;<em>acreditando alguna de estas situaciones<\/em>:<\/span><\/p>\n<ul>\n<li><span style=\"font-size: 12pt\">Ser persona trabajadora por cuenta propia o ajena de manera que no puedas acudir al centro educativo de car\u00e1cter ordinario.<\/span><\/li>\n<li><span style=\"font-size: 12pt\">Ser deportista de rendimiento en Andaluc\u00eda o de alto rendimiento o alto nivel.<\/span><\/li>\n<\/ul>\n<p><span style=\"font-size: 12pt;color: #0000ff\"><strong>\u00bfCu\u00e1nto cuesta?<\/strong><\/span><\/p>\n<p><span style=\"font-size: 12pt\">Nada. La Secci\u00f3n de Educaci\u00f3n Permanente (SEP) es un centro p\u00fablico. Es <span style=\"color: #ff0000\"><strong>TOTALMENTE GRATUITO<\/strong><\/span>.&nbsp;<\/span><\/p>\n<p><span style=\"font-size: 12pt;color: #0000ff\"><strong>\u00bfC\u00f3mo se realiza la adjudicaci\u00f3n de plazas?<\/strong><\/span><\/p>\n<p><span style=\"font-size: 12pt\">Con car\u00e1cter general, se adjudicar\u00e1n las plazas&nbsp;<strong>por orden de fecha de inscripci\u00f3n en el centro,&nbsp;<\/strong>es decir,<strong>&nbsp;<\/strong>por orden de llegada. Cada uno de los grupos tienen plazas limitadas.<\/span><\/p>\n<p>&nbsp;<\/p>\n<p><span style=\"font-size: 12pt\"><div class='et-box et-shadow'>\n\t\t\t\t\t<div class='et-box-content'><strong>Impreso de Matr\u00edcula Autorrellenable<\/strong>.&nbsp;<\/span><\/p>\n<p><span style=\"font-size: 12pt\">Rellena este documento y, junto con tu DNI, pres\u00e9ntalo en el centro<\/span>.&nbsp;<\/div><\/div><\/p>\n<p><a href=\"https:\/\/www.juntadeandalucia.es\/educacion\/portals\/delegate\/content\/914c384d-bfc2-48d2-b261-22143134dc35\/Impreso%20matr\u00edcula.%20Planes%20educativos%20modalidad%20presencial.\"><br \/>\n<img loading=\"lazy\" decoding=\"async\" class=\"aligncenter\" src=\"https:\/\/www.juntadeandalucia.es\/educacion\/portals\/delegate\/content\/914c384d-bfc2-48d2-b261-22143134dc35\/Impreso%20matr\u00edcula.%20Planes%20educativos%20modalidad%20presencial.\" alt=\"Impreso de matricula autorrellenable\" width=\"494\" height=\"698\"><\/a><\/p>\n<h2 style=\"text-align: center\"><span style=\"font-size: 16pt\">\u00a1Te esperamos el curso que viene!<\/span><\/h2>\n","protected":false},"excerpt":{"rendered":"<p>Los periodos oficiales en los que se pueden realizar la solicitud ser\u00edan los siguientes: PERIODO ORDINARIO Desde el 1 de junio hasta el 30 de junio. PERIODO EXTRAORDINARIO Desde el 1 de septiembre hasta el 15 de octubre. (Hasta diciembre si hubieran plazas disponibles) &nbsp; \u00bfD\u00f3nde se realiza la tramitaci\u00f3n de la matr\u00edcula? En el&nbsp;Centro [&hellip;]<\/p>\n","protected":false},"author":6400,"featured_media":0,"parent":0,"menu_order":0,"comment_status":"closed","ping_status":"closed","template":"","meta":{"_et_pb_use_builder":"","_et_pb_old_content":"","_et_gb_content_width":"","ngg_post_thumbnail":0,"footnotes":""},"aioseo_notices":[],"post_mailing_queue_ids":[],"_links":{"self":[{"href":"https:\/\/blogsaverroes.juntadeandalucia.es\/sepgines\/wp-json\/wp\/v2\/pages\/1013"}],"collection":[{"href":"https:\/\/blogsaverroes.juntadeandalucia.es\/sepgines\/wp-json\/wp\/v2\/pages"}],"about":[{"href":"https:\/\/blogsaverroes.juntadeandalucia.es\/sepgines\/wp-json\/wp\/v2\/types\/page"}],"author":[{"embeddable":true,"href":"https:\/\/blogsaverroes.juntadeandalucia.es\/sepgines\/wp-json\/wp\/v2\/users\/6400"}],"replies":[{"embeddable":true,"href":"https:\/\/blogsaverroes.juntadeandalucia.es\/sepgines\/wp-json\/wp\/v2\/comments?post=1013"}],"version-history":[{"count":30,"href":"https:\/\/blogsaverroes.juntadeandalucia.es\/sepgines\/wp-json\/wp\/v2\/pages\/1013\/revisions"}],"predecessor-version":[{"id":1420,"href":"https:\/\/blogsaverroes.juntadeandalucia.es\/sepgines\/wp-json\/wp\/v2\/pages\/1013\/revisions\/1420"}],"wp:attachment":[{"href":"https:\/\/blogsaverroes.juntadeandalucia.es\/sepgines\/wp-json\/wp\/v2\/media?parent=1013"}],"curies":[{"name":"wp","href":"https:\/\/api.w.org\/{rel}","templated":true}]}}