{"id":1047,"date":"2024-11-29T20:25:56","date_gmt":"2024-11-29T19:25:56","guid":{"rendered":"https:\/\/blogsaverroes.juntadeandalucia.es\/sepgines\/?page_id=1047"},"modified":"2024-12-01T01:44:57","modified_gmt":"2024-12-01T00:44:57","slug":"plan-de-igualdad","status":"publish","type":"page","link":"https:\/\/blogsaverroes.juntadeandalucia.es\/sepgines\/plan-de-igualdad\/","title":{"rendered":"Plan de Igualdad"},"content":{"rendered":"<p><span style=\"font-size: 14pt\">En el SEP de Gines existe una <strong>Plan de Igualdad de G\u00e9nero<\/strong>, coordinado por el coordinador (principal) del Plan de Igualdad en el CEPER y el de sus secciones.<\/span><\/p>\n<p><span style=\"font-size: 14pt\">Aqu\u00ed podr\u00e1s conocer las actividades que nuestro centro desarrolla dentro del Plan de Igualdad y el calendario de actividades del Plan de Igualdad.&nbsp;<\/span><\/p>\n<p><img loading=\"lazy\" decoding=\"async\" class=\"alignnone size-full wp-image-1187\" src=\"https:\/\/blogsaverroes.juntadeandalucia.es\/sepgines\/files\/2024\/12\/Captura-de-pantalla-2024-12-01-a-las-1.12.17.png\" alt=\"\" width=\"1830\" height=\"1020\" srcset=\"https:\/\/blogsaverroes.juntadeandalucia.es\/sepgines\/files\/2024\/12\/Captura-de-pantalla-2024-12-01-a-las-1.12.17.png 1830w, https:\/\/blogsaverroes.juntadeandalucia.es\/sepgines\/files\/2024\/12\/Captura-de-pantalla-2024-12-01-a-las-1.12.17-1280x713.png 1280w, https:\/\/blogsaverroes.juntadeandalucia.es\/sepgines\/files\/2024\/12\/Captura-de-pantalla-2024-12-01-a-las-1.12.17-980x546.png 980w, https:\/\/blogsaverroes.juntadeandalucia.es\/sepgines\/files\/2024\/12\/Captura-de-pantalla-2024-12-01-a-las-1.12.17-480x268.png 480w\" sizes=\"(min-width: 0px) and (max-width: 480px) 480px, (min-width: 481px) and (max-width: 980px) 980px, (min-width: 981px) and (max-width: 1280px) 1280px, (min-width: 1281px) 1830px, 100vw\" \/><\/p>\n<p><span style=\"font-size: 14pt\"><strong>OBJETIVOS PROPUESTOS<\/strong><\/span><\/p>\n<ul>\n<li><span style=\"font-size: 14pt\">TOMAR CONCIENCIA de la necesidad de usar un lenguaje no sexista en nuestras clases y en nuestros escritos.<\/span><\/li>\n<li><span style=\"font-size: 14pt\">AMPLIAR NUESTROS CONOCIMIENTOS sobre la historia de la mujer en nuestra sociedad y su evoluci\u00f3n hasta hoy.<\/span><\/li>\n<li><span style=\"font-size: 14pt\">CONOCER LA HISTORIA DE LA MUJER en otros pa\u00edses del mundo y compararla con el nuestro.<\/span><\/li>\n<li><span style=\"font-size: 14pt\">REFLEXIONAR SOBRE LA VIOLENCIA EJERCIDA SOBRE LAS MUJERES en algunos c\u00edrculos de nuestra sociedad.<\/span><\/li>\n<li><span style=\"font-size: 14pt\">ORGANIZAR TRABAJOS CONJUNTOS entre mujeres y hombres.<\/span><\/li>\n<li><span style=\"font-size: 14pt\">EDUCAR EN LA IGUALDAD y conseguir una perspectiva igualitaria en la aportaci\u00f3n de ideas y resoluci\u00f3n de conflictos tanto en las clases como en las reuniones de equipos colegiados.<\/span><\/li>\n<li><span style=\"font-size: 14pt\">REDUCIR LAS DIFERENCIAS entre mujeres y hombres en la actividad diaria del centro cuando estas sean discriminatorias para cualquiera de ellas\/os.<\/span><\/li>\n<\/ul>\n<p>&nbsp;<\/p>\n<a href='https:\/\/padlet.com\/cursocoepaz\/redcoorpi-ytcy40a8h49j' class='small-button smallblue'>Recursos de Igualdad<\/a>\n<p>&nbsp;<\/p>\n","protected":false},"excerpt":{"rendered":"<p>En el SEP de Gines existe una Plan de Igualdad de G\u00e9nero, coordinado por el coordinador (principal) del Plan de Igualdad en el CEPER y el de sus secciones. Aqu\u00ed podr\u00e1s conocer las actividades que nuestro centro desarrolla dentro del Plan de Igualdad y el calendario de actividades del Plan de Igualdad.&nbsp; OBJETIVOS PROPUESTOS TOMAR [&hellip;]<\/p>\n","protected":false},"author":6400,"featured_media":0,"parent":0,"menu_order":0,"comment_status":"closed","ping_status":"closed","template":"","meta":{"_et_pb_use_builder":"","_et_pb_old_content":"","_et_gb_content_width":"","ngg_post_thumbnail":0,"footnotes":""},"aioseo_notices":[],"post_mailing_queue_ids":[],"_links":{"self":[{"href":"https:\/\/blogsaverroes.juntadeandalucia.es\/sepgines\/wp-json\/wp\/v2\/pages\/1047"}],"collection":[{"href":"https:\/\/blogsaverroes.juntadeandalucia.es\/sepgines\/wp-json\/wp\/v2\/pages"}],"about":[{"href":"https:\/\/blogsaverroes.juntadeandalucia.es\/sepgines\/wp-json\/wp\/v2\/types\/page"}],"author":[{"embeddable":true,"href":"https:\/\/blogsaverroes.juntadeandalucia.es\/sepgines\/wp-json\/wp\/v2\/users\/6400"}],"replies":[{"embeddable":true,"href":"https:\/\/blogsaverroes.juntadeandalucia.es\/sepgines\/wp-json\/wp\/v2\/comments?post=1047"}],"version-history":[{"count":6,"href":"https:\/\/blogsaverroes.juntadeandalucia.es\/sepgines\/wp-json\/wp\/v2\/pages\/1047\/revisions"}],"predecessor-version":[{"id":1225,"href":"https:\/\/blogsaverroes.juntadeandalucia.es\/sepgines\/wp-json\/wp\/v2\/pages\/1047\/revisions\/1225"}],"wp:attachment":[{"href":"https:\/\/blogsaverroes.juntadeandalucia.es\/sepgines\/wp-json\/wp\/v2\/media?parent=1047"}],"curies":[{"name":"wp","href":"https:\/\/api.w.org\/{rel}","templated":true}]}}