{"id":594,"date":"2024-10-29T22:59:22","date_gmt":"2024-10-29T21:59:22","guid":{"rendered":"https:\/\/blogsaverroes.juntadeandalucia.es\/sepgines\/?page_id=594"},"modified":"2025-05-28T22:31:54","modified_gmt":"2025-05-28T21:31:54","slug":"oferta-educativa","status":"publish","type":"page","link":"https:\/\/blogsaverroes.juntadeandalucia.es\/sepgines\/oferta-educativa\/","title":{"rendered":"Oferta educativa"},"content":{"rendered":"<p><span style=\"font-size: 12pt\">Nuestra<span style=\"color: #0000ff\"> Secci\u00f3n de Educacion Permanente<\/span> ofrece una amplia variedad de <span style=\"color: #0000ff\"><strong>programas de formaci\u00f3n <span style=\"color: #ff0000\">GRATUITOS<\/span><\/strong> <\/span>orientados a satisfacer las necesidades de aprendizaje de nuestra comunidad. <\/span><\/p>\n<p><span style=\"font-size: 12pt\">A continuaci\u00f3n, te presentamos los <strong>cursos y planes educativos<\/strong> que actualmente ponemos a disposici\u00f3n:<\/span><\/p>\n<table style=\"border-collapse: collapse;width: 100%\">\n<tbody>\n<tr>\n<td style=\"width: 66.455696%\"><span style=\"font-size: 12pt;color: #ff6600\"><strong>1. Curso de Inform\u00e1tica B\u00e1sica<\/strong><\/span><br \/>\n<span style=\"font-size: 12pt\">Este curso est\u00e1 dirigido a aquellos que desean adquirir habilidades esenciales en el&nbsp;manejo de la inform\u00e1tica. Los participantes aprender\u00e1n a utilizar programas b\u00e1sicos, gestionar archivos, navegar por internet de manera segura, y realizar tareas pr\u00e1cticas en el entorno digital.<\/span><\/td>\n<td style=\"width: 33.544304%\"><span style=\"font-size: 12pt\">&nbsp; &nbsp; &nbsp; <img loading=\"lazy\" decoding=\"async\" class=\"alignnone wp-image-974\" src=\"https:\/\/blogsaverroes.juntadeandalucia.es\/sepgines\/files\/2024\/11\/ordenador-300x300.jpg\" alt=\"\" width=\"237\" height=\"237\">&nbsp;<\/span><\/td>\n<\/tr>\n<\/tbody>\n<\/table>\n<table style=\"border-collapse: collapse;width: 100%\">\n<tbody>\n<tr>\n<td style=\"width: 25.373993%\"><span style=\"font-size: 12pt\"><img loading=\"lazy\" decoding=\"async\" class=\"alignnone wp-image-970\" src=\"https:\/\/blogsaverroes.juntadeandalucia.es\/sepgines\/files\/2024\/11\/esa-290x300.jpg\" alt=\"\" width=\"179\" height=\"185\"><\/span><\/td>\n<td style=\"width: 74.626007%\"><span style=\"font-size: 12pt;color: #ff6600\"><strong>2. Preparaci\u00f3n de la ESO para Personas Adultas<\/strong><\/span><br \/>\n<span style=\"font-size: 12pt\">Este programa tiene como objetivo ayudar a los adultos a obtener el t\u00edtulo de Educaci\u00f3n Secundaria Obligatoria de Adultos (ESA), abri\u00e9ndoles nuevas oportunidades de desarrollo acad\u00e9mico y profesional.&nbsp;<\/span><\/td>\n<\/tr>\n<\/tbody>\n<\/table>\n<table style=\"border-collapse: collapse;width: 100%\">\n<tbody>\n<tr>\n<td style=\"width: 70.598389%\"><span style=\"font-size: 12pt;color: #ff6600\"><strong>3. Uso B\u00e1sico de Idiomas: Ingl\u00e9s (niveles A1 y A2)<\/strong><\/span><br \/>\n<span style=\"font-size: 12pt\">Los cursos de Ingl\u00e9s B\u00e1sico est\u00e1n dise\u00f1ados para aquellos que desean iniciarse en el aprendizaje de este idioma. Los estudiantes aprender\u00e1n vocabulario y estructuras gramaticales sencillas, \u00fatiles para desenvolverse en situaciones cotidianas.&nbsp;&nbsp;&nbsp;<\/span><\/td>\n<td style=\"width: 29.401611%\"><span style=\"font-size: 12pt\"><img loading=\"lazy\" decoding=\"async\" class=\"alignnone size-medium wp-image-971\" src=\"https:\/\/blogsaverroes.juntadeandalucia.es\/sepgines\/files\/2024\/11\/eoi-300x217.jpg\" alt=\"\" width=\"300\" height=\"217\"><\/span><\/td>\n<\/tr>\n<\/tbody>\n<\/table>\n<table style=\"border-collapse: collapse;width: 100%;height: 223px\">\n<tbody>\n<tr style=\"height: 223px\">\n<td style=\"width: 23.762946%;height: 223px\"><span style=\"font-size: 12pt\"><img loading=\"lazy\" decoding=\"async\" class=\"alignnone wp-image-972\" src=\"https:\/\/blogsaverroes.juntadeandalucia.es\/sepgines\/files\/2024\/11\/eoi2-232x300.jpg\" alt=\"\" width=\"167\" height=\"216\"><\/span><\/td>\n<td style=\"width: 76.237054%;height: 223px\"><span style=\"font-size: 12pt;color: #ff6600\"><strong>4. Niveles A1 y A2 de la Escuela Oficial de Idiomas<\/strong><\/span><br \/>\n<span style=\"font-size: 12pt\">En colaboraci\u00f3n con la&nbsp;<em><strong>Escuela Oficial de Idiomas Al-Xaraf<\/strong><\/em>, en Mairena del Aljarafe, ofrecemos cursos de ingl\u00e9s de los niveles A1 y A2. Los cursos est\u00e1n enfocados en mejorar la comprensi\u00f3n y expresi\u00f3n tanto oral como escrita, con el objetivo de que los estudiantes puedan desenvolverse con soltura en contextos generales y acad\u00e9micos. Este curso s\u00ed conlleva unas tasas de inscripci\u00f3n de la EOI y, al finalizar, obtendr\u00e1s un <strong>t\u00edtulo oficial<\/strong>.&nbsp;<\/span><\/td>\n<\/tr>\n<\/tbody>\n<\/table>\n<table style=\"border-collapse: collapse;width: 100%\">\n<tbody>\n<tr>\n<td style=\"width: 71.634062%\"><span style=\"font-size: 12pt;color: #ff6600\"><strong>5. H\u00e1bitos de Vida Saludable<\/strong><\/span><br \/>\n<span style=\"font-size: 12pt\">Este programa est\u00e1 dedicado a las <strong>personas mayores<\/strong> que deseen continuar aprendiendo y manteni\u00e9ndose activas intelectualmente. Ofrecemos una variedad de actividades y clases que abordan temas como matem\u00e1ticas, lengua, historia, cultura, literatura y desarrollo personal, en un ambiente enriquecedor y de apoyo mutuo.&nbsp;<\/span><\/td>\n<td style=\"width: 28.365938%\"><span style=\"font-size: 12pt\"><img loading=\"lazy\" decoding=\"async\" class=\"alignnone size-medium wp-image-973\" src=\"https:\/\/blogsaverroes.juntadeandalucia.es\/sepgines\/files\/2024\/11\/mayores2-300x200.png\" alt=\"\" width=\"300\" height=\"200\"><\/span><\/td>\n<\/tr>\n<\/tbody>\n<\/table>\n<table style=\"border-collapse: collapse;width: 100%\">\n<tbody>\n<tr>\n<td style=\"width: 18.58458%\"><span style=\"font-size: 12pt\"><img loading=\"lazy\" decoding=\"async\" class=\"alignnone wp-image-969\" src=\"https:\/\/blogsaverroes.juntadeandalucia.es\/sepgines\/files\/2024\/11\/olavide-1-208x300.jpg\" alt=\"\" width=\"128\" height=\"185\"><\/span><\/td>\n<td style=\"width: 81.41542%\"><span style=\"font-size: 12pt;color: #ff6600\"><strong>6. Aula Abierta (Universidad Pablo de Olavide)<\/strong><\/span><br \/>\n<span style=\"font-size: 12pt\">En colaboraci\u00f3n con la Universidad Pablo de Olavide, ponemos a disposici\u00f3n el<strong>&nbsp;Aula Abierta<\/strong>, un espacio para la formaci\u00f3n universitaria orientado a aquellos interesados en ampliar sus conocimientos y participar en actividades acad\u00e9micas. Los temas de estudio son variados y responden a intereses acad\u00e9micos y culturales actuales, proporcionando una experiencia de aprendizaje accesible para todos.<\/span><\/td>\n<\/tr>\n<\/tbody>\n<\/table>\n<table style=\"border-collapse: collapse;width: 100%;height: 196px\">\n<tbody>\n<tr style=\"height: 196px\">\n<td style=\"width: 71.532847%;height: 196px\"><span style=\"font-size: 12pt\"><span style=\"font-size: 12pt;color: #ff6600\"><strong>7. Patrimonio Cultural y Medio Ambiente<\/strong><\/span>&nbsp; &nbsp; &nbsp; &nbsp; &nbsp; &nbsp; &nbsp; &nbsp; <\/span><span style=\"font-size: 12pt\">El prop\u00f3sito de este plan educativo es permitir de la forma m\u00e1s did\u00e1ctica, amena y accesible posible, que el alumnado pueda conocer, apreciar y velar por la conservaci\u00f3n de los principales elementos patrimoniales de tipo cultural y medioambiental que se encuentran dentro de nuestra comunidad<\/span><\/td>\n<td style=\"width: 28.467153%;height: 196px\"><img loading=\"lazy\" decoding=\"async\" class=\"alignnone  wp-image-1468\" src=\"https:\/\/blogsaverroes.juntadeandalucia.es\/sepgines\/files\/2025\/05\/Captura-de-pantalla-2025-05-28-a-las-23.30.13.png\" alt=\"\" width=\"161\" height=\"107\" srcset=\"https:\/\/blogsaverroes.juntadeandalucia.es\/sepgines\/files\/2025\/05\/Captura-de-pantalla-2025-05-28-a-las-23.30.13.png 426w, https:\/\/blogsaverroes.juntadeandalucia.es\/sepgines\/files\/2025\/05\/Captura-de-pantalla-2025-05-28-a-las-23.30.13-300x200.png 300w\" sizes=\"(max-width: 161px) 100vw, 161px\" \/><\/td>\n<\/tr>\n<\/tbody>\n<\/table>\n<p><span style=\"font-size: 12pt\">Adem\u00e1s de estos cursos de la <strong>SEP de Gines<\/strong>, en el Centro tambi\u00e9n se ofertan otros de la mano del <strong>Centro Municipal<\/strong>.&nbsp;<\/span><\/p>\n<p><span style=\"font-size: 12pt\">Para saber los horarios y las plazas disponibles, contacta con nosotros.<\/span><\/p>\n<p><span style=\"font-size: 12pt\">Esperamos que sea de tu agrado la oferta educativa que tenemos disponible, la cual se adapta cada a\u00f1o a las necesidades de nuestro alumnado, y deseamos verte pronto por nuestras aulas.<\/span><\/p>\n<p>&nbsp;<\/p>\n<p>&nbsp;<\/p>\n<blockquote class=\"wp-embedded-content\" data-secret=\"VIssS7tt2c\"><p><a href=\"https:\/\/blogsaverroes.juntadeandalucia.es\/sepgines\/normativa-de-educacion-permanente\/\">Normativa de Educaci\u00f3n Permanente<\/a><\/p><\/blockquote>\n<p><iframe class=\"wp-embedded-content\" sandbox=\"allow-scripts\" security=\"restricted\" style=\"position: absolute; clip: rect(1px, 1px, 1px, 1px);\" title=\"\u00abNormativa de Educaci\u00f3n Permanente\u00bb \u2014 SEP GINES\" src=\"https:\/\/blogsaverroes.juntadeandalucia.es\/sepgines\/normativa-de-educacion-permanente\/embed\/#?secret=PZMTcHC8TA#?secret=VIssS7tt2c\" data-secret=\"VIssS7tt2c\" width=\"600\" height=\"338\" frameborder=\"0\" marginwidth=\"0\" marginheight=\"0\" scrolling=\"no\"><\/iframe><\/p>\n<p>&nbsp;<\/p>\n","protected":false},"excerpt":{"rendered":"<p>Nuestra Secci\u00f3n de Educacion Permanente ofrece una amplia variedad de programas de formaci\u00f3n GRATUITOS orientados a satisfacer las necesidades de aprendizaje de nuestra comunidad. A continuaci\u00f3n, te presentamos los cursos y planes educativos que actualmente ponemos a disposici\u00f3n: 1. Curso de Inform\u00e1tica B\u00e1sica Este curso est\u00e1 dirigido a aquellos que desean adquirir habilidades esenciales en [&hellip;]<\/p>\n","protected":false},"author":6400,"featured_media":0,"parent":0,"menu_order":0,"comment_status":"closed","ping_status":"closed","template":"","meta":{"_et_pb_use_builder":"","_et_pb_old_content":"","_et_gb_content_width":"","ngg_post_thumbnail":0,"footnotes":""},"aioseo_notices":[],"post_mailing_queue_ids":[],"_links":{"self":[{"href":"https:\/\/blogsaverroes.juntadeandalucia.es\/sepgines\/wp-json\/wp\/v2\/pages\/594"}],"collection":[{"href":"https:\/\/blogsaverroes.juntadeandalucia.es\/sepgines\/wp-json\/wp\/v2\/pages"}],"about":[{"href":"https:\/\/blogsaverroes.juntadeandalucia.es\/sepgines\/wp-json\/wp\/v2\/types\/page"}],"author":[{"embeddable":true,"href":"https:\/\/blogsaverroes.juntadeandalucia.es\/sepgines\/wp-json\/wp\/v2\/users\/6400"}],"replies":[{"embeddable":true,"href":"https:\/\/blogsaverroes.juntadeandalucia.es\/sepgines\/wp-json\/wp\/v2\/comments?post=594"}],"version-history":[{"count":21,"href":"https:\/\/blogsaverroes.juntadeandalucia.es\/sepgines\/wp-json\/wp\/v2\/pages\/594\/revisions"}],"predecessor-version":[{"id":1469,"href":"https:\/\/blogsaverroes.juntadeandalucia.es\/sepgines\/wp-json\/wp\/v2\/pages\/594\/revisions\/1469"}],"wp:attachment":[{"href":"https:\/\/blogsaverroes.juntadeandalucia.es\/sepgines\/wp-json\/wp\/v2\/media?parent=594"}],"curies":[{"name":"wp","href":"https:\/\/api.w.org\/{rel}","templated":true}]}}