{"id":677,"date":"2024-11-18T01:17:26","date_gmt":"2024-11-18T00:17:26","guid":{"rendered":"https:\/\/blogsaverroes.juntadeandalucia.es\/sepgines\/?page_id=677"},"modified":"2025-04-11T11:09:23","modified_gmt":"2025-04-11T10:09:23","slug":"sep-gines-3","status":"publish","type":"page","link":"https:\/\/blogsaverroes.juntadeandalucia.es\/sepgines\/inicio\/sep-gines-3\/","title":{"rendered":"SEP GINES"},"content":{"rendered":"<p>&nbsp; &nbsp; &nbsp; &nbsp; &nbsp; &nbsp; &nbsp; &nbsp; &nbsp; &nbsp; &nbsp; &nbsp; &nbsp; &nbsp; &nbsp; <img loading=\"lazy\" decoding=\"async\" class=\"wp-image-1422 aligncenter\" src=\"https:\/\/blogsaverroes.juntadeandalucia.es\/sepgines\/files\/2025\/03\/Captura-de-pantalla-2025-03-08-a-las-19.26.16.png\" alt=\"\" width=\"661\" height=\"458\"><\/p>\n<h5><strong><span style=\"font-size: 14pt\">Te damos la bienvenida a nuestro centro, y te agradecemos la visita a nuestra p\u00e1gina.<\/span><\/strong><\/h5>\n<p>&nbsp;<\/p>\n<p><span style=\"font-size: 12pt\">Nuestra <span style=\"color: #0000ff\"><strong>Secci\u00f3n de Educaci\u00f3n Permanente<\/strong><\/span> (<span style=\"color: #0000ff\"><strong>SEP<\/strong><\/span>) est\u00e1 localizada en <strong>Gines<\/strong>, en el edificio del <strong>Centro Municipal de Educaci\u00f3n Permanente &#8220;Soledad Rey Romero&#8221;<\/strong>, en la calle Del Aire, 2. Comparte edificio con la parte municipal de Educaci\u00f3n Permanente del Ayuntamiento de Gines.&nbsp;<\/span><\/p>\n<p><span style=\"font-size: 12pt\">La <span style=\"color: #0000ff\"><strong>SEP de Gines<\/strong><\/span> es un <strong>centro educativo p\u00fablico<\/strong> perteneciente a la red de centros de educaci\u00f3n permanente de la Consejer\u00eda de&nbsp;Desarrollo Educativo y Formaci\u00f3n Profesional de la Junta de Andaluc\u00eda.<\/span><\/p>\n<p><span style=\"font-size: 12pt\">En el a\u00f1o 2005 la Consejer\u00eda de&nbsp;Desarrollo Educativo y Formaci\u00f3n Profesional de la Junta de Andaluc\u00eda cre\u00f3 la red de centros de Educaci\u00f3n Permanente, asumiendo la titularidad y gesti\u00f3n de todos los \u00abcentros de adultos\u00bb. Se crearon as\u00ed las denominaciones de \u00abCEPER\u00bb (centro de educaci\u00f3n permanente)&nbsp; para los centros de los municipios de mayor tama\u00f1o y \u00abSEPER\u00bb (secci\u00f3n de educaci\u00f3n permanente) para los centros de los municipios de menor tama\u00f1o y con un n\u00famero inferior a cinco docentes.&nbsp;<\/span><\/p>\n<p data-adtags-visited=\"true\"><span style=\"font-size: 12pt\">Este centro depende del centro matriz <span style=\"color: #0000ff\"><strong>CEPER Tart\u00e9sides<\/strong><\/span>, en Camas, del que dependen, adem\u00e1s de este centro de Gines, las secciones de educaci\u00f3n permanente de Santiponce, Salteras, Castilleja de la Cuesta, Valencina de la Concepci\u00f3n, Bormujos, Olivares, Espartinas y Villanueva del Ariscal.&nbsp;<\/span><\/p>\n<p data-adtags-visited=\"true\"><span style=\"font-size: 12pt\">Tanto este centro como las diferentes secciones son de titularidad de la Consejer\u00eda de Desarrollo Educativo y Formaci\u00f3n Profesional de la Junta de Andaluc\u00eda. No obstante, los ayuntamientos de los respectivos municipios son los titulares de los edificios donde nos ubicamos y tienen las competencias de la conservaci\u00f3n, vigilancia y mantenimiento de los mismos.<\/span><\/p>\n<p align=\"JUSTIFY\" data-adtags-visited=\"true\"><em>\u201cLa educaci\u00f3n permanente no es un lujo, es una necesidad y una obligaci\u00f3n. Debe abarcar todas las dimensiones de la vida, todas las ramas del saber y todos los conocimientos pr\u00e1cticos que puedan adquirirse por todos los medios, y debe contribuir a todas las formas de desarrollo de la personalidad\u201d<\/em><\/p>\n<p style=\"text-align: right\" align=\"JUSTIFY\" data-adtags-visited=\"true\">(<strong>UNESCO<\/strong>, recomendaciones relativas a la educaci\u00f3n de adultos.)<\/p>\n<p data-adtags-visited=\"true\">&nbsp;<\/p>\n<p align=\"justify\"><img loading=\"lazy\" decoding=\"async\" class=\"wp-image-567 aligncenter\" style=\"text-align: start\" src=\"https:\/\/blogsaverroes.juntadeandalucia.es\/sepgines\/files\/2024\/10\/SEP-Gines-2-300x169.jpg\" alt=\"\" width=\"465\" height=\"262\"><\/p>\n","protected":false},"excerpt":{"rendered":"<p>&nbsp; &nbsp; &nbsp; &nbsp; &nbsp; &nbsp; &nbsp; &nbsp; &nbsp; &nbsp; &nbsp; &nbsp; &nbsp; &nbsp; &nbsp; Te damos la bienvenida a nuestro centro, y te agradecemos la visita a nuestra p\u00e1gina. &nbsp; Nuestra Secci\u00f3n de Educaci\u00f3n Permanente (SEP) est\u00e1 localizada en Gines, en el edificio del Centro Municipal de Educaci\u00f3n Permanente &#8220;Soledad Rey Romero&#8221;, en la [&hellip;]<\/p>\n","protected":false},"author":6400,"featured_media":0,"parent":45,"menu_order":0,"comment_status":"closed","ping_status":"closed","template":"","meta":{"_et_pb_use_builder":"","_et_pb_old_content":"","_et_gb_content_width":"","ngg_post_thumbnail":0,"footnotes":""},"aioseo_notices":[],"post_mailing_queue_ids":[],"_links":{"self":[{"href":"https:\/\/blogsaverroes.juntadeandalucia.es\/sepgines\/wp-json\/wp\/v2\/pages\/677"}],"collection":[{"href":"https:\/\/blogsaverroes.juntadeandalucia.es\/sepgines\/wp-json\/wp\/v2\/pages"}],"about":[{"href":"https:\/\/blogsaverroes.juntadeandalucia.es\/sepgines\/wp-json\/wp\/v2\/types\/page"}],"author":[{"embeddable":true,"href":"https:\/\/blogsaverroes.juntadeandalucia.es\/sepgines\/wp-json\/wp\/v2\/users\/6400"}],"replies":[{"embeddable":true,"href":"https:\/\/blogsaverroes.juntadeandalucia.es\/sepgines\/wp-json\/wp\/v2\/comments?post=677"}],"version-history":[{"count":22,"href":"https:\/\/blogsaverroes.juntadeandalucia.es\/sepgines\/wp-json\/wp\/v2\/pages\/677\/revisions"}],"predecessor-version":[{"id":1432,"href":"https:\/\/blogsaverroes.juntadeandalucia.es\/sepgines\/wp-json\/wp\/v2\/pages\/677\/revisions\/1432"}],"up":[{"embeddable":true,"href":"https:\/\/blogsaverroes.juntadeandalucia.es\/sepgines\/wp-json\/wp\/v2\/pages\/45"}],"wp:attachment":[{"href":"https:\/\/blogsaverroes.juntadeandalucia.es\/sepgines\/wp-json\/wp\/v2\/media?parent=677"}],"curies":[{"name":"wp","href":"https:\/\/api.w.org\/{rel}","templated":true}]}}