{"id":777,"date":"2024-11-25T00:47:33","date_gmt":"2024-11-24T23:47:33","guid":{"rendered":"https:\/\/blogsaverroes.juntadeandalucia.es\/sepgines\/?page_id=777"},"modified":"2024-11-25T00:50:22","modified_gmt":"2024-11-24T23:50:22","slug":"datos-del-centro","status":"publish","type":"page","link":"https:\/\/blogsaverroes.juntadeandalucia.es\/sepgines\/inicio\/sep-gines-3\/datos-del-centro\/","title":{"rendered":"Datos del centro"},"content":{"rendered":"<h4 class=\"widgettitle\"><iframe loading=\"lazy\" src=\"https:\/\/www.google.com\/maps\/embed?pb=!1m18!1m12!1m3!1d396.25905623373336!2d-6.077424378774517!3d37.38811887340213!2m3!1f0!2f0!3f0!3m2!1i1024!2i768!4f13.1!3m3!1m2!1s0xd1213f3fd6edc01%3A0xc825301cfe0028c8!2sCentro%20de%20Educaci%C3%B3n%20Permanente%20de%20Gines!5e0!3m2!1ses!2ses!4v1732492016375!5m2!1ses!2ses\" width=\"600\" height=\"450\"><\/iframe><\/h4>\n<div class=\"textwidget custom-html-widget\">\n<ul>\n<li><strong>Nombre<\/strong>: SEP GINES<\/li>\n<li><strong>Direcci\u00f3n<\/strong>: Calle del Aire, 2. 41960 Gines, Sevilla.<\/li>\n<li><strong>Tel\u00e9fono<\/strong>: 955656854<\/li>\n<li><strong>Correo electr\u00f3nico<\/strong>: 41501169.edu@juntadeandalucia.es<\/li>\n<\/ul>\n<\/div>\n","protected":false},"excerpt":{"rendered":"<p>Nombre: SEP GINES Direcci\u00f3n: Calle del Aire, 2. 41960 Gines, Sevilla. Tel\u00e9fono: 955656854 Correo electr\u00f3nico: 41501169.edu@juntadeandalucia.es<\/p>\n","protected":false},"author":6400,"featured_media":0,"parent":677,"menu_order":0,"comment_status":"closed","ping_status":"closed","template":"","meta":{"_et_pb_use_builder":"","_et_pb_old_content":"","_et_gb_content_width":"","ngg_post_thumbnail":0,"footnotes":""},"aioseo_notices":[],"post_mailing_queue_ids":[],"_links":{"self":[{"href":"https:\/\/blogsaverroes.juntadeandalucia.es\/sepgines\/wp-json\/wp\/v2\/pages\/777"}],"collection":[{"href":"https:\/\/blogsaverroes.juntadeandalucia.es\/sepgines\/wp-json\/wp\/v2\/pages"}],"about":[{"href":"https:\/\/blogsaverroes.juntadeandalucia.es\/sepgines\/wp-json\/wp\/v2\/types\/page"}],"author":[{"embeddable":true,"href":"https:\/\/blogsaverroes.juntadeandalucia.es\/sepgines\/wp-json\/wp\/v2\/users\/6400"}],"replies":[{"embeddable":true,"href":"https:\/\/blogsaverroes.juntadeandalucia.es\/sepgines\/wp-json\/wp\/v2\/comments?post=777"}],"version-history":[{"count":5,"href":"https:\/\/blogsaverroes.juntadeandalucia.es\/sepgines\/wp-json\/wp\/v2\/pages\/777\/revisions"}],"predecessor-version":[{"id":782,"href":"https:\/\/blogsaverroes.juntadeandalucia.es\/sepgines\/wp-json\/wp\/v2\/pages\/777\/revisions\/782"}],"up":[{"embeddable":true,"href":"https:\/\/blogsaverroes.juntadeandalucia.es\/sepgines\/wp-json\/wp\/v2\/pages\/677"}],"wp:attachment":[{"href":"https:\/\/blogsaverroes.juntadeandalucia.es\/sepgines\/wp-json\/wp\/v2\/media?parent=777"}],"curies":[{"name":"wp","href":"https:\/\/api.w.org\/{rel}","templated":true}]}}