{"id":60,"date":"2019-11-18T15:37:13","date_gmt":"2019-11-18T14:37:13","guid":{"rendered":"https:\/\/blogsaverroes.juntadeandalucia.es\/seplacampana\/?page_id=60"},"modified":"2019-11-18T16:58:36","modified_gmt":"2019-11-18T15:58:36","slug":"la-vacunas","status":"publish","type":"page","link":"https:\/\/blogsaverroes.juntadeandalucia.es\/seplacampana\/la-vacunas\/","title":{"rendered":"La Vacunas"},"content":{"rendered":"<p style=\"text-align: left\"><span style=\"color: #0000ff\">\u00c1mbito Cient\u00edfico Tecnol\u00f3gico&nbsp;<\/span> &nbsp; &nbsp; &nbsp; &nbsp; &nbsp; &nbsp; &nbsp; &nbsp; &nbsp; &nbsp; &nbsp; &nbsp; &nbsp; &nbsp; &nbsp; &nbsp; &nbsp; &nbsp; &nbsp; &nbsp; &nbsp; &nbsp; &nbsp; &nbsp; &nbsp; &nbsp; &nbsp; &nbsp; &nbsp; &nbsp; &nbsp;<span style=\"font-size: 8pt;color: #ff0000\"><em>Trimestre <span style=\"font-size: 12pt\">1<\/span><\/em><\/span><\/p>\n<div id=\"nodeDecoration\">\n<div id=\"headerContent\">\n<h1 id=\"nodeTitle\"><span style=\"color: #000080\">\u00bfQu\u00e9 son las vacunas?<\/span><\/h1>\n<\/div>\n<\/div>\n<div id=\"id48\" class=\"iDevice_wrapper FreeTextIdevice\">\n<div class=\"iDevice emphasis0\">\n<div id=\"ta48_85\" class=\"block iDevice_content\">\n<table style=\"height: 287px\" border=\"0\" width=\"247\" align=\"right\">\n<tbody>\n<tr style=\"height: 231.756px\">\n<td style=\"width: 236.932px;height: 231.756px\" align=\"center\"><img loading=\"lazy\" decoding=\"async\" class=\"\" title=\"Vacuna oral contra la polio\" src=\"http:\/\/agrega.juntadeandalucia.es\/repositorio\/13102016\/b6\/es-an_2016101312_9125127\/\/Poliodrops.jpg\" alt=\"Vacuna oral contra la polio\" width=\"192\" height=\"209\"><\/td>\n<\/tr>\n<tr style=\"height: 39px\">\n<td style=\"width: 236.932px;height: 39px\" align=\"center\"><span style=\"font-size: 8pt\">Imagen en&nbsp;<a href=\"https:\/\/commons.wikimedia.org\/wiki\/File:Poliodrops.jpg\" target=\"_blank\" rel=\"noopener noreferrer\">Wikimedia commons.<\/a><a href=\"https:\/\/en.wikipedia.org\/wiki\/Public_domain\">Dominio p\u00fablico<\/a><\/span><\/td>\n<\/tr>\n<\/tbody>\n<\/table>\n<p>Pero,&nbsp;<b>\u00bfqu\u00e9 son las vacunas?,<\/b>&nbsp;estas son las opciones m\u00e1s comunes:<\/p>\n<ol>\n<li>Compuestos producidos por bacterias o virus distintos de los causantes de la enfermedad a combatir) en un laboratorio.<\/li>\n<li>Sustancias fabricadas por los microorganismos que producen la enfermedad suministradas en peque\u00f1as cantidades o con poca toxicidad.<\/li>\n<li>Compuestos elaborados por ingenier\u00eda gen\u00e9tica o por uni\u00f3n de sustancias (prote\u00ednas y polisac\u00e1ridos).<\/li>\n<\/ol>\n<p>Cuando administramos las vacunas, nuestro organismo reacciona como si se produjera una infecci\u00f3n real. Los linfocitos identifican los compuestos suministrados en la vacuna como un ser extra\u00f1o y crean&nbsp;<b>anticuerpos<\/b>, pero al no existir el microorganismo no tiene lugar la enfermedad. Lo que s\u00ed se consigue es que nuestros linfocitos aprendan a reconocer estos compuestos. De esta forma cuando seamos infectados por el virus o la bacteria la respuesta ser\u00e1 r\u00e1pida y eficaz, evitando la proliferaci\u00f3n de los mismos y el desarrollo de la enfermedad.<\/p>\n<p><iframe loading=\"lazy\" src=\"\/\/www.youtube.com\/embed\/-Z5n8DdweQ0\" width=\"560\" height=\"315\" frameborder=\"0\"><\/iframe><\/p>\n<p>La <b>vacuna de la gripe<\/b>, se produce mediante c\u00e9lulas de insectos cultivadas e infectadas por virus manipulados gen\u00e9ticamente. \u00a1Incre\u00edble! \u00bfverdad?.<\/p>\n<p>Recordar\u00e1s que de peque\u00f1o tus padres te llevaron al m\u00e9dico o en el colegio te pusieron alguna vacuna. En la actualidad las autoridades sanitarias establecen para Andaluc\u00eda un&nbsp;<b>calendario de vacunas.<\/b><\/p>\n<table border=\"0\" align=\"center\">\n<tbody>\n<tr>\n<td align=\"center\"><img decoding=\"async\" title=\"Calendario vacunaci\u00f3n\" src=\"http:\/\/agrega.juntadeandalucia.es\/repositorio\/13102016\/b6\/es-an_2016101312_9125127\/\/Calendario_comun_de_vacunacion_infantil._Espana_2016.png\" alt=\"Calendario vacunaci\u00f3n\" width=\"100%\"><\/td>\n<\/tr>\n<tr>\n<td align=\"center\"><span style=\"font-size: 8pt\"><span class=\"extiw\">Imagen de<\/span><span class=\"extiw\">l<\/span><a class=\"extiw\" title=\"es:Ministerio de Sanidad, Servicios Sociales e Igualdad\" href=\"https:\/\/es.wikipedia.org\/wiki\/Ministerio_de_Sanidad,_Servicios_Sociales_e_Igualdad\">&nbsp;Ministerio de Sanidad, Servicios Sociales e Igualdad<\/a>&nbsp;de&nbsp;<a title=\"Espa\u00f1a\" href=\"https:\/\/commons.wikimedia.org\/wiki\/Espa%C3%B1a\">Espa\u00f1a.<\/a>&nbsp;Copyright Uso Libre<\/span><\/td>\n<\/tr>\n<\/tbody>\n<\/table>\n<\/div>\n<p><span style=\"color: #993366\"><strong>Las vacunas son compuestos elaborados por los microorganismos que producen la enfermedad, en peque\u00f1a cantidad o producidas artificialmente en laboratorios, que desarrollan en el organismo anticuerpos (defensas) frente a la enfermedad y lo preparan para una infecci\u00f3n futura.<\/strong><\/span><\/p>\n<p><strong><span style=\"font-size: 24pt;color: #333399\">Microorganismos<\/span><\/strong><\/p>\n<p>Aunque no los veamos, vivimos acompa\u00f1ados por billones de organismos tan peque\u00f1os que necesitar\u00edas un potente microscopio para verlos.<\/p>\n<p>En la tabla siguiente puedes ver cuatro ejemplos de enfermedades comunes ocasionadas por distintos tipos de organismos.<\/p>\n<table style=\"height: 452px\" border=\"0\" width=\"529\" cellpadding=\"5\" align=\"center\">\n<thead>\n<tr>\n<td style=\"width: 78.9205px\">Organismo<\/td>\n<td style=\"width: 131.648px\">Ejemplo<\/td>\n<td style=\"width: 88.0114px\">C\u00f3mo se transmite<\/td>\n<td style=\"width: 88.0114px\">Enfermedad<\/td>\n<td style=\"width: 98.9205px\">Tratamiento<\/td>\n<\/tr>\n<\/thead>\n<tbody>\n<tr valign=\"top\">\n<td style=\"width: 78.9205px\">Virus<\/td>\n<td style=\"width: 131.648px\">Virus de inmunodeficiencia humana<\/td>\n<td style=\"width: 88.0114px\">Intercambio de sangre y fluidos genitales<\/td>\n<td style=\"width: 88.0114px\">S.I.D.A<\/td>\n<td style=\"width: 98.9205px\">Antivirales<\/td>\n<\/tr>\n<tr valign=\"top\">\n<td style=\"width: 78.9205px\">Bacterias<\/td>\n<td style=\"width: 131.648px\">Clostridium tetani<\/td>\n<td style=\"width: 88.0114px\">Heridas profundas<\/td>\n<td style=\"width: 88.0114px\">T\u00e9tanos<\/td>\n<td style=\"width: 98.9205px\">Antibi\u00f3ticos<\/td>\n<\/tr>\n<tr valign=\"top\">\n<td style=\"width: 78.9205px\">Hongos<\/td>\n<td style=\"width: 131.648px\">Tinea pedis<\/td>\n<td style=\"width: 88.0114px\">Al andar descalzo en piscinas y ba\u00f1os p\u00fablicos<\/td>\n<td style=\"width: 88.0114px\">Pie de atleta<\/td>\n<td style=\"width: 98.9205px\">Antimic\u00f3ticos t\u00f3picos y orales<\/td>\n<\/tr>\n<tr valign=\"top\">\n<td style=\"width: 78.9205px\">Protistas<\/td>\n<td style=\"width: 131.648px\">Plasmodium<\/td>\n<td style=\"width: 88.0114px\">Picadura del mosquito An\u00f3pheles<\/td>\n<td style=\"width: 88.0114px\">Malaria<\/td>\n<td style=\"width: 98.9205px\">Cloroquina<\/td>\n<\/tr>\n<\/tbody>\n<\/table>\n<p>Sin embargo, no todos son&nbsp;<i>malos<\/i>, algunos son necesarios para nuestra existencia, como por ejemplo:<\/p>\n<table style=\"width: 420px;height: 342px\" border=\"0\" cellpadding=\"5\" align=\"center\">\n<tbody>\n<tr valign=\"top\">\n<td style=\"width: 154.375px\" align=\"center\"><span style=\"font-size: 10pt\">Las&nbsp;<b>bacterias<\/b>&nbsp;que transforman el&nbsp;<b>nitr\u00f3geno<\/b>&nbsp;atmosf\u00e9rico en nitratos, necesarios para el&nbsp;<b>crecimiento de las plantas<\/b>.<\/span><\/td>\n<td style=\"width: 124.375px\" align=\"center\"><span style=\"font-size: 10pt\">Las&nbsp;<b>bacterias<\/b>&nbsp;de la&nbsp;<b>flora intest<\/b><strong>inal<\/strong>&nbsp;que nos ayudan a realizar la&nbsp;<b>digesti\u00f3n&nbsp;<\/b>y a obtener algunos&nbsp;<strong>nutrientes<\/strong>.<\/span><\/td>\n<td style=\"width: 116.193px\" align=\"center\"><span style=\"font-size: 10pt\">Las&nbsp;<b>levaduras<\/b>&nbsp;que son responsables de la fermentaci\u00f3n del pan o la&nbsp;<b>cerveza<\/b><\/span><\/td>\n<\/tr>\n<tr>\n<td style=\"width: 154.375px\" align=\"center\"><img loading=\"lazy\" decoding=\"async\" class=\"\" title=\"Nitrosomas\" src=\"http:\/\/agrega.juntadeandalucia.es\/repositorio\/13102016\/b6\/es-an_2016101312_9125127\/\/Sporangium_of_Frankia.jpg\" alt=\"Nitrosomas\" width=\"137\" height=\"109\"><\/td>\n<td style=\"width: 124.375px\" align=\"center\"><img loading=\"lazy\" decoding=\"async\" class=\"\" title=\"Escherichia coli\" src=\"http:\/\/agrega.juntadeandalucia.es\/repositorio\/13102016\/b6\/es-an_2016101312_9125127\/\/5.1.1.e_coli.jpg\" alt=\"Escherichia coli\" width=\"139\" height=\"111\"><\/td>\n<td style=\"width: 116.193px\" align=\"center\"><img loading=\"lazy\" decoding=\"async\" class=\"\" title=\"Levadura\" src=\"http:\/\/agrega.juntadeandalucia.es\/repositorio\/13102016\/b6\/es-an_2016101312_9125127\/\/5.1.1.Cryptococcus_smear.jpg\" alt=\"Levadura\" width=\"141\" height=\"114\"><\/td>\n<\/tr>\n<tr>\n<td style=\"width: 154.375px\" align=\"center\"><span style=\"font-size: 8pt\">Imagen en Wikimedia commons de&nbsp;<a href=\"https:\/\/commons.wikimedia.org\/wiki\/Category:Frankia#\/media\/File:Sporangium_of_Frankia.jpg\" target=\"_blank\" rel=\"noopener noreferrer\">kkucho<\/a>&nbsp;. Licencia&nbsp;<a href=\"https:\/\/creativecommons.org\/licenses\/by-sa\/3.0\/\" target=\"_blank\" rel=\"noopener noreferrer\">cc<\/a><\/span><\/td>\n<td style=\"width: 124.375px\" align=\"center\"><span style=\"font-size: 8pt\">Imagen en&nbsp;<a href=\"https:\/\/commons.wikimedia.org\/wiki\/Category:Escherichia_coli?uselang=es#\/media\/File:Coli3.jpg\" target=\"_blank\" rel=\"noopener noreferrer\">Wikimedia commons<\/a>&nbsp;.&nbsp;<a href=\"https:\/\/es.wikipedia.org\/wiki\/Dominio_p%C3%BAblico?uselang=es\" target=\"_blank\" rel=\"noopener noreferrer\">Dominio p\u00fablico<\/a><\/span><\/td>\n<td style=\"width: 116.193px\" align=\"center\"><span style=\"font-size: 8pt\">Imagen en Wikimedia commons de&nbsp;<a href=\"https:\/\/commons.wikimedia.org\/wiki\/File:Cryptococcus_smear_MGG_2010-01-26.JPG?uselang=es\" target=\"_blank\" rel=\"noopener noreferrer\">Paulo Mourao<\/a>. Lic.&nbsp;<a href=\"https:\/\/creativecommons.org\/licenses\/by-sa\/3.0\/deed.es\" target=\"_blank\" rel=\"noopener noreferrer\">cc<\/a><\/span><\/td>\n<\/tr>\n<\/tbody>\n<\/table>\n<\/div>\n<p>Enlace de inter\u00e9s:<\/p>\n<p><a href=\"https:\/\/www.vacunas.org\/vacunas-si-vacunas-no-de-verdad-hay-debate\/\">Asociaci\u00f3n Espa\u00f1ola de Vacunolog\u00eda<\/a><\/p>\n<p>&nbsp;<\/p>\n<\/div>\n","protected":false},"excerpt":{"rendered":"<p>\u00c1mbito Cient\u00edfico Tecnol\u00f3gico&nbsp; &nbsp; &nbsp; &nbsp; &nbsp; &nbsp; &nbsp; &nbsp; &nbsp; &nbsp; &nbsp; &nbsp; &nbsp; &nbsp; &nbsp; &nbsp; &nbsp; &nbsp; &nbsp; &nbsp; &nbsp; &nbsp; &nbsp; &nbsp; &nbsp; &nbsp; &nbsp; &nbsp; &nbsp; &nbsp; &nbsp; &nbsp;Trimestre&#46;&#46;&#46;<\/p>\n","protected":false},"author":7924,"featured_media":0,"parent":0,"menu_order":0,"comment_status":"open","ping_status":"closed","template":"","meta":{"ngg_post_thumbnail":0,"footnotes":""},"aioseo_notices":[],"_links":{"self":[{"href":"https:\/\/blogsaverroes.juntadeandalucia.es\/seplacampana\/wp-json\/wp\/v2\/pages\/60"}],"collection":[{"href":"https:\/\/blogsaverroes.juntadeandalucia.es\/seplacampana\/wp-json\/wp\/v2\/pages"}],"about":[{"href":"https:\/\/blogsaverroes.juntadeandalucia.es\/seplacampana\/wp-json\/wp\/v2\/types\/page"}],"author":[{"embeddable":true,"href":"https:\/\/blogsaverroes.juntadeandalucia.es\/seplacampana\/wp-json\/wp\/v2\/users\/7924"}],"replies":[{"embeddable":true,"href":"https:\/\/blogsaverroes.juntadeandalucia.es\/seplacampana\/wp-json\/wp\/v2\/comments?post=60"}],"version-history":[{"count":15,"href":"https:\/\/blogsaverroes.juntadeandalucia.es\/seplacampana\/wp-json\/wp\/v2\/pages\/60\/revisions"}],"predecessor-version":[{"id":85,"href":"https:\/\/blogsaverroes.juntadeandalucia.es\/seplacampana\/wp-json\/wp\/v2\/pages\/60\/revisions\/85"}],"wp:attachment":[{"href":"https:\/\/blogsaverroes.juntadeandalucia.es\/seplacampana\/wp-json\/wp\/v2\/media?parent=60"}],"curies":[{"name":"wp","href":"https:\/\/api.w.org\/{rel}","templated":true}]}}