{"id":2674,"date":"2023-06-13T21:06:06","date_gmt":"2023-06-13T21:06:06","guid":{"rendered":"https:\/\/blogsaverroes.juntadeandalucia.es\/sepluparia\/?page_id=2674"},"modified":"2024-02-13T19:44:40","modified_gmt":"2024-02-13T19:44:40","slug":"horarios-2","status":"publish","type":"page","link":"https:\/\/blogsaverroes.juntadeandalucia.es\/sepluparia\/horarios-2\/","title":{"rendered":"HORARIOS"},"content":{"rendered":"<p><strong>ESTOS SON LOS HORARIOS DE NUESTRA SECCI\u00d3N<\/strong><\/p>\n<ul>\n<li><strong>Lunes:<\/strong>&nbsp; 16.00-21.00<\/li>\n<li><strong>Martes:<\/strong> 16.00-21.00<\/li>\n<li><strong>Mi\u00e9rcoles:<\/strong> 9.00-14.00 y 16.00-21.00<\/li>\n<li><strong>Jueves:<\/strong> 16.00-21.00<\/li>\n<li><strong>Viernes<\/strong>: 9.00-13.00 y 16:00-21:00<\/li>\n<\/ul>\n<p>Adem\u00e1s los <strong>mi\u00e9rcoles 9.00 -13.00 se atender\u00e1 bajo cita previa<\/strong> de forma presencial o telef\u00f3nica.<\/p>\n","protected":false},"excerpt":{"rendered":"<p>ESTOS SON LOS HORARIOS DE NUESTRA SECCI\u00d3N Lunes:&nbsp; 16.00-21.00 Martes: 16.00-21.00 Mi\u00e9rcoles: 9.00-14.00 y 16.00-21.00 Jueves: 16.00-21.00 Viernes: 9.00-13.00 y 16:00-21:00 Adem\u00e1s los mi\u00e9rcoles 9.00&hellip;<\/p>\n","protected":false},"author":8163,"featured_media":0,"parent":0,"menu_order":0,"comment_status":"closed","ping_status":"closed","template":"","meta":{"ngg_post_thumbnail":0,"footnotes":"","_mc_calendar":[]},"aioseo_notices":[],"_links":{"self":[{"href":"https:\/\/blogsaverroes.juntadeandalucia.es\/sepluparia\/wp-json\/wp\/v2\/pages\/2674"}],"collection":[{"href":"https:\/\/blogsaverroes.juntadeandalucia.es\/sepluparia\/wp-json\/wp\/v2\/pages"}],"about":[{"href":"https:\/\/blogsaverroes.juntadeandalucia.es\/sepluparia\/wp-json\/wp\/v2\/types\/page"}],"author":[{"embeddable":true,"href":"https:\/\/blogsaverroes.juntadeandalucia.es\/sepluparia\/wp-json\/wp\/v2\/users\/8163"}],"replies":[{"embeddable":true,"href":"https:\/\/blogsaverroes.juntadeandalucia.es\/sepluparia\/wp-json\/wp\/v2\/comments?post=2674"}],"version-history":[{"count":12,"href":"https:\/\/blogsaverroes.juntadeandalucia.es\/sepluparia\/wp-json\/wp\/v2\/pages\/2674\/revisions"}],"predecessor-version":[{"id":2934,"href":"https:\/\/blogsaverroes.juntadeandalucia.es\/sepluparia\/wp-json\/wp\/v2\/pages\/2674\/revisions\/2934"}],"wp:attachment":[{"href":"https:\/\/blogsaverroes.juntadeandalucia.es\/sepluparia\/wp-json\/wp\/v2\/media?parent=2674"}],"curies":[{"name":"wp","href":"https:\/\/api.w.org\/{rel}","templated":true}]}}