{"id":2678,"date":"2023-06-13T21:07:05","date_gmt":"2023-06-13T21:07:05","guid":{"rendered":"https:\/\/blogsaverroes.juntadeandalucia.es\/sepluparia\/?page_id=2678"},"modified":"2025-10-31T08:44:23","modified_gmt":"2025-10-31T08:44:23","slug":"oferta-educativa","status":"publish","type":"page","link":"https:\/\/blogsaverroes.juntadeandalucia.es\/sepluparia\/oferta-educativa\/","title":{"rendered":"OFERTA EDUCATIVA"},"content":{"rendered":"<p><strong>OFERTA EDUCATIVA CURSO 2025-2026<\/strong><\/p>\n<p><strong>Tutor\u00eda de Apoyo al Estudio Alumnado: ESO<\/strong><\/p>\n<ul>\n<li>Matriculaci\u00f3n en Educaci\u00f3n Secundaria para Adultos.<\/li>\n<li>Seguimiento acad\u00e9mico.<\/li>\n<li>Adaptado al nivel de cada alumno y alumna.<\/li>\n<li>Posibilidad de conseguirla con ex\u00e1menes parciales trimestrales o finales (pruebas libres)<\/li>\n<li>Todo el temario incluido.<\/li>\n<li>Horario flexible.<\/li>\n<li>Tutor\u00edas individuales de seguimiento.<\/li>\n<\/ul>\n<p><strong>H\u00e1bitos de Vida Saludable y Prevenci\u00f3n de Riesgos Laborales.<\/strong><\/p>\n<ul>\n<li>Desarrollo y mejora de las habilidades de lecto-escritura.<\/li>\n<li>Conocimiento para adquirir una imprescindible cultura preventiva en todos los \u00e1mbitos de la vida:\n<ul>\n<li>H\u00e1bitos Saludables.<\/li>\n<li>Prevenci\u00f3n de enfermedades.<\/li>\n<li>Riesgos laborales.<\/li>\n<\/ul>\n<\/li>\n<li>Conocimiento de lenguaje matem\u00e1tico b\u00e1sico.&nbsp;<\/li>\n<li>Talleres para la memoria activa.<\/li>\n<\/ul>\n<p><strong>Uso B\u00e1sico de Idiomas: Ingl\u00e9s<\/strong><\/p>\n<ul>\n<li>Desarrollo de todas las habilidades ling\u00fc\u00edsticas (comprensi\u00f3n oral y escrita, expresi\u00f3n oral y escrita)\n<ul>\n<li>Pr\u00e1ctica de situaciones cotidianas.<\/li>\n<li>Aprendizaje de vocabulario y expresiones comunes en ingl\u00e9s.<\/li>\n<\/ul>\n<\/li>\n<li>Inmersi\u00f3n en la cultura anglosajona.\n<ul>\n<li>Comprensi\u00f3n de las costumbres y tradiciones de los pa\u00edses de habla inglesa.<\/li>\n<li>Exploraci\u00f3n de la cultura pop, literatura, y medios en ingl\u00e9s<\/li>\n<\/ul>\n<\/li>\n<li>Multinivel, adaptada a cada alumno y alumna.<\/li>\n<li>Posibilidad de apoyo a la preparaci\u00f3n de ex\u00e1menes oficiales (A1-B1)<\/li>\n<\/ul>\n<p><strong>Uso B\u00e1sico de las Tecnolog\u00edas de la Informaci\u00f3n y Comunicaci\u00f3n<\/strong><\/p>\n<ul>\n<li>Conocimiento y uso del ordenador&nbsp;\n<ul>\n<li>Navegador e email.<\/li>\n<li>Procesadores de Texto y Hojas de C\u00e1lculo.<\/li>\n<\/ul>\n<\/li>\n<li>Uso y aprendizaje del smartphone\/m\u00f3vil:\n<ul>\n<li>Redes sociales<\/li>\n<li>Aplicaciones<\/li>\n<\/ul>\n<\/li>\n<li>Ciberseguridad\n<ul>\n<li>Conocimiento y defensa ante amenazas<\/li>\n<li>Medidas de prevenci\u00f3n.<\/li>\n<\/ul>\n<\/li>\n<\/ul>\n<p><strong>Pruebas de acceso a la Universidad<\/strong><\/p>\n<ul>\n<li>Para mayores de 25 a\u00f1os y de 45 a\u00f1os:<\/li>\n<\/ul>\n<ul>\n<li style=\"list-style-type: none\">\n<ul style=\"list-style-type: circle\">\n<li>Adaptado al nivel de cada alumno y alumna.<\/li>\n<li>Todo el temario incluido.<\/li>\n<li>Horario flexible.<\/li>\n<li>Tutor\u00edas individuales de seguimiento.<\/li>\n<\/ul>\n<\/li>\n<\/ul>\n","protected":false},"excerpt":{"rendered":"<p>OFERTA EDUCATIVA CURSO 2025-2026 Tutor\u00eda de Apoyo al Estudio Alumnado: ESO Matriculaci\u00f3n en Educaci\u00f3n Secundaria para Adultos. Seguimiento acad\u00e9mico. Adaptado al nivel de cada alumno&hellip;<\/p>\n","protected":false},"author":8163,"featured_media":0,"parent":0,"menu_order":0,"comment_status":"closed","ping_status":"closed","template":"","meta":{"ngg_post_thumbnail":0,"footnotes":"","_mc_calendar":[]},"aioseo_notices":[],"_links":{"self":[{"href":"https:\/\/blogsaverroes.juntadeandalucia.es\/sepluparia\/wp-json\/wp\/v2\/pages\/2678"}],"collection":[{"href":"https:\/\/blogsaverroes.juntadeandalucia.es\/sepluparia\/wp-json\/wp\/v2\/pages"}],"about":[{"href":"https:\/\/blogsaverroes.juntadeandalucia.es\/sepluparia\/wp-json\/wp\/v2\/types\/page"}],"author":[{"embeddable":true,"href":"https:\/\/blogsaverroes.juntadeandalucia.es\/sepluparia\/wp-json\/wp\/v2\/users\/8163"}],"replies":[{"embeddable":true,"href":"https:\/\/blogsaverroes.juntadeandalucia.es\/sepluparia\/wp-json\/wp\/v2\/comments?post=2678"}],"version-history":[{"count":6,"href":"https:\/\/blogsaverroes.juntadeandalucia.es\/sepluparia\/wp-json\/wp\/v2\/pages\/2678\/revisions"}],"predecessor-version":[{"id":3249,"href":"https:\/\/blogsaverroes.juntadeandalucia.es\/sepluparia\/wp-json\/wp\/v2\/pages\/2678\/revisions\/3249"}],"wp:attachment":[{"href":"https:\/\/blogsaverroes.juntadeandalucia.es\/sepluparia\/wp-json\/wp\/v2\/media?parent=2678"}],"curies":[{"name":"wp","href":"https:\/\/api.w.org\/{rel}","templated":true}]}}