{"id":2299,"date":"2016-03-16T19:07:46","date_gmt":"2016-03-16T18:07:46","guid":{"rendered":"http:\/\/blogsaverroes.juntadeandalucia.es\/sepmcastejon\/?page_id=2299"},"modified":"2016-09-09T11:49:11","modified_gmt":"2016-09-09T09:49:11","slug":"profesorado","status":"publish","type":"page","link":"https:\/\/blogsaverroes.juntadeandalucia.es\/sepmcastejon\/profesorado\/","title":{"rendered":"Profesorado"},"content":{"rendered":"<ul>\n<li><strong>Maestro 1:<\/strong> Lengua, Geograf\u00eda, Historia, Cultura general<\/li>\n<li><strong>Maestro 2:<\/strong> Matem\u00e1ticas, Ciencias Naturales, Econom\u00eda, Inform\u00e1tica<\/li>\n<li><strong>Maestro 3:<\/strong> Ingl\u00e9s<\/li>\n<\/ul>\n","protected":false},"excerpt":{"rendered":"<p>Maestro 1: Lengua, Geograf\u00eda, Historia, Cultura general Maestro 2: Matem\u00e1ticas, Ciencias Naturales, Econom\u00eda, Inform\u00e1tica Maestro 3: Ingl\u00e9s<\/p>\n","protected":false},"author":1993,"featured_media":0,"parent":0,"menu_order":0,"comment_status":"closed","ping_status":"open","template":"","meta":{"ngg_post_thumbnail":0,"footnotes":"","_mc_calendar":[]},"aioseo_notices":[],"_links":{"self":[{"href":"https:\/\/blogsaverroes.juntadeandalucia.es\/sepmcastejon\/wp-json\/wp\/v2\/pages\/2299"}],"collection":[{"href":"https:\/\/blogsaverroes.juntadeandalucia.es\/sepmcastejon\/wp-json\/wp\/v2\/pages"}],"about":[{"href":"https:\/\/blogsaverroes.juntadeandalucia.es\/sepmcastejon\/wp-json\/wp\/v2\/types\/page"}],"author":[{"embeddable":true,"href":"https:\/\/blogsaverroes.juntadeandalucia.es\/sepmcastejon\/wp-json\/wp\/v2\/users\/1993"}],"replies":[{"embeddable":true,"href":"https:\/\/blogsaverroes.juntadeandalucia.es\/sepmcastejon\/wp-json\/wp\/v2\/comments?post=2299"}],"version-history":[{"count":8,"href":"https:\/\/blogsaverroes.juntadeandalucia.es\/sepmcastejon\/wp-json\/wp\/v2\/pages\/2299\/revisions"}],"predecessor-version":[{"id":2376,"href":"https:\/\/blogsaverroes.juntadeandalucia.es\/sepmcastejon\/wp-json\/wp\/v2\/pages\/2299\/revisions\/2376"}],"wp:attachment":[{"href":"https:\/\/blogsaverroes.juntadeandalucia.es\/sepmcastejon\/wp-json\/wp\/v2\/media?parent=2299"}],"curies":[{"name":"wp","href":"https:\/\/api.w.org\/{rel}","templated":true}]}}