{"id":2318,"date":"2020-06-13T11:30:50","date_gmt":"2020-06-13T11:30:50","guid":{"rendered":"https:\/\/blogsaverroes.juntadeandalucia.es\/sepmoclin\/?page_id=2318"},"modified":"2026-01-20T14:43:53","modified_gmt":"2026-01-20T14:43:53","slug":"horarios","status":"publish","type":"page","link":"https:\/\/blogsaverroes.juntadeandalucia.es\/sepmoclin\/centro\/horarios\/","title":{"rendered":"Horarios"},"content":{"rendered":"<p>Tara Balderas (Ingl\u00e9s). Jefa de Secci\u00f3n&nbsp;<\/p>\n<ul>\n<li>Patrimonio cultural de Andalucia &#8211;&gt;Tiena<\/li>\n<li>Ingl\u00e9s b\u00e1sico &#8211;&gt; Puerto Lope<\/li>\n<li>\u00c1mbito Comunicativo TAE &#8211;&gt; Puerto Lope<\/li>\n<li>H\u00e1bitos de Vida saludable &#8211;&gt; Olivares<\/li>\n<\/ul>\n<p>J. Javier Pe\u00f1a Madrid (coordinador Transformaci\u00f3n Digital Educativa)<\/p>\n<ul>\n<li>Patrimonio cultural de Andalucia &#8211;&gt; Tiena y Olivares<\/li>\n<li>H\u00e1bitos de vida saludable &#8211;&gt; Tiena<\/li>\n<li>Inform\u00e1tica b\u00e1sica &#8211;&gt; Olivares y Puerto Lope&nbsp;<\/li>\n<li>\u00c1mbito Social TAE &#8211;&gt; Puerto Lope&nbsp;<\/li>\n<\/ul>\n<p>Helena Gamero<\/p>\n<ul>\n<li>Patrimonio cultural de Andalucia &#8211;&gt; Tozar y Puerto Lope<\/li>\n<li>H\u00e1bitos de vida saludable &#8211;&gt; Tozar y Puerto Lope<\/li>\n<li>Inform\u00e1tica b\u00e1sica &#8211;&gt; Tozar<\/li>\n<li>Franc\u00e9s b\u00e1sico para extrajeros &#8211;&gt; Puerto Lope<\/li>\n<li>\u00c1mbito Cientifico Tecnol\u00f3gico TAE &#8211;&gt; Puerto Lope&nbsp;<\/li>\n<\/ul>\n","protected":false},"excerpt":{"rendered":"<p>Tara Balderas (Ingl\u00e9s). Jefa de Secci\u00f3n&nbsp; Patrimonio cultural de Andalucia &#8211;&gt;Tiena Ingl\u00e9s b\u00e1sico &#8211;&gt; Puerto Lope \u00c1mbito Comunicativo TAE &#8211;&gt; Puerto Lope H\u00e1bitos de Vida saludable &#8211;&gt; Olivares J. Javier Pe\u00f1a Madrid (coordinador Transformaci\u00f3n&#46;&#46;&#46;<\/p>\n","protected":false},"author":8621,"featured_media":0,"parent":2421,"menu_order":0,"comment_status":"closed","ping_status":"closed","template":"","meta":{"ngg_post_thumbnail":0,"footnotes":"","_mc_calendar":[]},"aioseo_notices":[],"_links":{"self":[{"href":"https:\/\/blogsaverroes.juntadeandalucia.es\/sepmoclin\/wp-json\/wp\/v2\/pages\/2318"}],"collection":[{"href":"https:\/\/blogsaverroes.juntadeandalucia.es\/sepmoclin\/wp-json\/wp\/v2\/pages"}],"about":[{"href":"https:\/\/blogsaverroes.juntadeandalucia.es\/sepmoclin\/wp-json\/wp\/v2\/types\/page"}],"author":[{"embeddable":true,"href":"https:\/\/blogsaverroes.juntadeandalucia.es\/sepmoclin\/wp-json\/wp\/v2\/users\/8621"}],"replies":[{"embeddable":true,"href":"https:\/\/blogsaverroes.juntadeandalucia.es\/sepmoclin\/wp-json\/wp\/v2\/comments?post=2318"}],"version-history":[{"count":5,"href":"https:\/\/blogsaverroes.juntadeandalucia.es\/sepmoclin\/wp-json\/wp\/v2\/pages\/2318\/revisions"}],"predecessor-version":[{"id":3120,"href":"https:\/\/blogsaverroes.juntadeandalucia.es\/sepmoclin\/wp-json\/wp\/v2\/pages\/2318\/revisions\/3120"}],"up":[{"embeddable":true,"href":"https:\/\/blogsaverroes.juntadeandalucia.es\/sepmoclin\/wp-json\/wp\/v2\/pages\/2421"}],"wp:attachment":[{"href":"https:\/\/blogsaverroes.juntadeandalucia.es\/sepmoclin\/wp-json\/wp\/v2\/media?parent=2318"}],"curies":[{"name":"wp","href":"https:\/\/api.w.org\/{rel}","templated":true}]}}