{"id":3042,"date":"2021-12-01T13:54:48","date_gmt":"2021-12-01T13:54:48","guid":{"rendered":"https:\/\/blogsaverroes.juntadeandalucia.es\/ceperjosefinamolina\/?page_id=3042"},"modified":"2022-01-13T20:52:58","modified_gmt":"2022-01-13T19:52:58","slug":"oferta-educativa","status":"publish","type":"page","link":"https:\/\/blogsaverroes.juntadeandalucia.es\/sepparquefigueroa\/oferta-educativa\/","title":{"rendered":"OFERTA EDUCATIVA"},"content":{"rendered":"<header class=\"portlet-topper\">\n<h2><b><span class=\"portlet-title-text\">1.<\/span><\/b><u><b><span class=\"portlet-title-text\">&nbsp;OFERTA EDUCATIVA<\/span><\/b><\/u><\/h2>\n<menu id=\"portlet-topper-toolbar_ABACO_WEB_WAR_abacoportlet_INSTANCE_d3U8\" class=\"portlet-topper-toolbar\" type=\"toolbar\"><\/menu>\n<\/header>\n<p>&nbsp;<\/p>\n<div class=\"inner_cuerpo\">En&nbsp;&nbsp;<b>Educaci\u00f3n Permanente<\/b>&nbsp;o Educaci\u00f3n para personas adultas se ofertan cursos, denominados Planes Educativos, que facilitan tu incorporaci\u00f3n al sistema educativo. Se desarrollan a lo largo de un curso escolar y casi exclusivamente se imparten en modalidad presencial.<br \/>\nSi tienes dificultades de lectoescritura o de comprensi\u00f3n o de expresi\u00f3n puedes iniciar tu formaci\u00f3n cursando el&nbsp;<b>Plan educativo de Formaci\u00f3n B\u00e1sica<\/b>.<br \/>\nSin embargo, si no tienes estas dificultades y tienes inquietud por ampliar tus conocimientos en temas de gran inter\u00e9s hoy en d\u00eda, tienes la posibilidad de acceder a cursos denominados&nbsp;<b>Planes educativos no Formales<\/b>&nbsp;entre los que puedes contar con formaci\u00f3n en el uso de las nuevas tecnolog\u00edas, uso b\u00e1sico de idiomas, cultura emprendedora, patrimonio cultural y medioambiental de la comunidad aut\u00f3noma de Andaluc\u00eda, h\u00e1bitos de vida saludable, aprendizaje de la lengua castellana para personas extranjeras etc&#8230;<br \/>\nSe denominan&nbsp;<u>no formales<\/u>&nbsp;porque el finalizarlos no conduce directamente a la obtenci\u00f3n de un t\u00edtulo aunque s\u00ed de un certificado.<\/p>\n<h2>&nbsp;2.&nbsp;&nbsp;<u><b><span class=\"portlet-title-text\">PLANES EDUCATIVOS: NO FORMALES<\/span><\/b><\/u><\/h2>\n<header class=\"portlet-topper\">\n<menu id=\"portlet-topper-toolbar_ABACO_WEB_WAR_abacoportlet_INSTANCE_3XyT\" class=\"portlet-topper-toolbar\" type=\"toolbar\"><\/menu>\n<\/header>\n<div class=\"inner_cuerpo\">Se denominan&nbsp;<b>Planes Educativos no formales<\/b>&nbsp;ya que la participaci\u00f3n en ellos no conlleva la obtenci\u00f3n ning\u00fan t\u00edtulo. Se imparten exclusivamente en modalidad presencial. La finalidad de estos planes es variada y pueden agruparse en:<\/p>\n<p>&nbsp;&nbsp;&nbsp;&nbsp;&nbsp; a) Planes Educativos de&nbsp;<b>Acceso a otros niveles del sistema educativo.<\/b><br \/>\n&nbsp;&nbsp;&nbsp;&nbsp;&nbsp; b) Planes Educativos de<b>&nbsp;Preparaci\u00f3n para la obtenci\u00f3n de titulaciones oficiales.&nbsp;<\/b>Estos planes educativos se ofertan solo en&nbsp;<b>modalidad presencial<\/b>. Pueden ser para:<b><\/b><\/p>\n<ul>\n<li>Preparaci\u00f3n de la prueba para la obtenci\u00f3n del&nbsp;<b>t\u00edtulo de Graduado en ESO<\/b>&nbsp;para mayores de 18 a\u00f1os.<\/li>\n<\/ul>\n<ul>\n<li><b>Tutor\u00eda de apoyo al estudio<\/b>&nbsp;para el seguimiento de la modalidad semipresencial del nivel b\u00e1sico de&nbsp;<b>Ingles A1 y A2 de la Escuela Oficial de Idiomas<\/b>&nbsp;para personas adultas.El horario del alumnado se adaptar\u00e1 a las necesidades del grupo y a la disponibilidad organizativa del centro. La carga lectiva semanal del alumnado ser\u00e1 de hasta un&nbsp;<strong>m\u00e1ximo de 15 horas<\/strong>&nbsp;por grupo.<\/li>\n<\/ul>\n<p>&nbsp;&nbsp;&nbsp;&nbsp;&nbsp;&nbsp;&nbsp; c) Planes Educativos para el&nbsp;<b>Fomento de la Ciudadan\u00eda Activa<\/b>. Este grupo lo forman planes cuya finalidad es la adquisici\u00f3n por parte de las personas participantes de muy diversas capacidades.<\/div>\n<div class=\"inner_cuerpo\">\n<section class=\"cuerpo detalle_html\">Estos planes educativos se ofertan solo en&nbsp;<b>modalidad presencial<\/b>. El horario del alumnado se adaptar\u00e1 a las necesidades del grupo y a la disponibilidad organizativa del centro. La carga lectiva semanal del alumnado ser\u00e1 de hasta un&nbsp;<b>m\u00e1ximo de 10 horas<\/b>&nbsp;por grupo. Pueden ser para:<\/p>\n<div class=\"inner_cuerpo\">\n<div class=\"listaPlegable\">\n<ul>\n<li>\n<div id=\"consejeria\" class=\"TituloPlegable seccionPlegada\">Uso b\u00e1sico de un idioma extranjero (Ingl\u00e9s A1 y A2)<\/div>\n<\/li>\n<li>\n<div id=\"consejeria\" class=\"TituloPlegable seccionPlegada\">Uso b\u00e1sico de las Tecnolog\u00edas de Informaci\u00f3n y Comunicaci\u00f3n<\/div>\n<\/li>\n<li>\n<div id=\"consejeria\" class=\"TituloPlegable seccionPlegada\">Fomento de la Cultura Emprendedora<\/div>\n<\/li>\n<li>\n<div id=\"consejeria\" class=\"TituloPlegable seccionPlegada\">Interculturalidad, cultura y lengua espa\u00f1ola para personas procedentes de otros pa\u00edses<\/div>\n<\/li>\n<li>\n<div id=\"consejeria\" class=\"TituloPlegable seccionPlegada\">Conocimiento y conservaci\u00f3n del Patrimonio cultural de Andaluc\u00eda y del Medioambiente<\/div>\n<\/li>\n<li>\n<div id=\"consejeria\" class=\"TituloPlegable seccionPlegada\">Adquisici\u00f3n de h\u00e1bitos de vida saludable y Prevenci\u00f3n de enfermedades y Riesgos profesionales<\/div>\n<\/li>\n<\/ul>\n<\/div>\n<\/div>\n<\/section>\n<\/div>\n<\/div>\n","protected":false},"excerpt":{"rendered":"<p>1.&nbsp;OFERTA EDUCATIVA &nbsp; En&nbsp;&nbsp;Educaci\u00f3n Permanente&nbsp;o Educaci\u00f3n para personas adultas se ofertan cursos, denominados Planes Educativos, que facilitan tu incorporaci\u00f3n al sistema educativo. Se desarrollan a lo largo de un curso escolar y casi exclusivamente&#46;&#46;&#46;<\/p>\n","protected":false},"author":6168,"featured_media":0,"parent":0,"menu_order":0,"comment_status":"closed","ping_status":"closed","template":"","meta":{"ngg_post_thumbnail":0,"footnotes":""},"aioseo_notices":[],"_links":{"self":[{"href":"https:\/\/blogsaverroes.juntadeandalucia.es\/sepparquefigueroa\/wp-json\/wp\/v2\/pages\/3042"}],"collection":[{"href":"https:\/\/blogsaverroes.juntadeandalucia.es\/sepparquefigueroa\/wp-json\/wp\/v2\/pages"}],"about":[{"href":"https:\/\/blogsaverroes.juntadeandalucia.es\/sepparquefigueroa\/wp-json\/wp\/v2\/types\/page"}],"author":[{"embeddable":true,"href":"https:\/\/blogsaverroes.juntadeandalucia.es\/sepparquefigueroa\/wp-json\/wp\/v2\/users\/6168"}],"replies":[{"embeddable":true,"href":"https:\/\/blogsaverroes.juntadeandalucia.es\/sepparquefigueroa\/wp-json\/wp\/v2\/comments?post=3042"}],"version-history":[{"count":2,"href":"https:\/\/blogsaverroes.juntadeandalucia.es\/sepparquefigueroa\/wp-json\/wp\/v2\/pages\/3042\/revisions"}],"predecessor-version":[{"id":3332,"href":"https:\/\/blogsaverroes.juntadeandalucia.es\/sepparquefigueroa\/wp-json\/wp\/v2\/pages\/3042\/revisions\/3332"}],"wp:attachment":[{"href":"https:\/\/blogsaverroes.juntadeandalucia.es\/sepparquefigueroa\/wp-json\/wp\/v2\/media?parent=3042"}],"curies":[{"name":"wp","href":"https:\/\/api.w.org\/{rel}","templated":true}]}}